{"id":9011,"date":"2019-03-27T13:22:31","date_gmt":"2019-03-27T12:22:31","guid":{"rendered":"https:\/\/www.gaudiosolutions.com\/aviso-legal\/"},"modified":"2022-04-28T12:28:31","modified_gmt":"2022-04-28T10:28:31","slug":"aviso-legal","status":"publish","type":"page","link":"https:\/\/www.gaudiosolutions.com\/en\/aviso-legal\/","title":{"rendered":"Aviso legal"},"content":{"rendered":"<div class=\"wpb-content-wrapper\"><p>[vc_row row_type=&#8221;row&#8221; use_row_as_full_screen_section=&#8221;no&#8221; type=&#8221;grid&#8221; text_align=&#8221;left&#8221; background_animation=&#8221;none&#8221; css_animation=&#8221;&#8221;][vc_column][vc_empty_space height=&#8221;40px&#8221;][vc_column_text]<\/p>\n<h1>AVISO LEGAL<\/h1>\n<p>[\/vc_column_text][vc_separator type=&#8221;small&#8221; position=&#8221;left&#8221; color=&#8221;#cf5636&#8243; border_style=&#8221;&#8221;][vc_column_text]<\/p>\n<h3>1. ACCESO AL SITIO WEB<\/h3>\n<p>&nbsp;<\/p>\n<p>El sitio web www.gaudiosolutions.com (en adelante \u201csitio web\u201d) es gestionado por Jos\u00e9 Ferrer (en adelante \u201cel propietario del sitio web\u201d) bajo el nombre de Global Audio Solutions S.L, con el correo electr\u00f3nico de contacto: info@gaudiosolutions.com.<\/p>\n<p>Estos t\u00e9rminos y condiciones (\u201cT\u00e9rminos y Condiciones\u201d) regulan el acceso y utilizaci\u00f3n del sitio web y tiene por objeto facilitar al usuario informaci\u00f3n relativa a Global Audio Solutions y sus servicios.<\/p>\n<p>En consecuencia, le rogamos\u00a0lea atentamente los T\u00e9rminos y Condiciones cuando se proponga utilizar el sitio web, ya que \u00e9stos podr\u00e1n ser adaptados y\/o modificados en cualquier momento. Si no los acepta, rogamos se abstenga de utilizar el sitio web y su contenido.<\/p>\n<p>&nbsp;<\/p>\n<p>&nbsp;<\/p>\n<h3>2. DESCRIPCI\u00d3N DE LOS SERVICIOS BRINDADOS<\/h3>\n<p>&nbsp;<\/p>\n<p>El\u00a0prop\u00f3sito del\u00a0sitio\u00a0web\u00a0www.gaudiosolutions.com es proporcionar informaci\u00f3n sobre todas las\u00a0actividades de la empresa.\u00a0El\u00a0propietario\u00a0del sitio web se esfuerza por proporcionar al sitio\u00a0www.gaudiosolutions.com la informaci\u00f3n m\u00e1s precisa posible.\u00a0Sin embargo,\u00a0no se hace\u00a0responsable de las omisiones, imprecisiones y deficiencias en la actualizaci\u00f3n, ya sea por \u00e9l o por terceros asociados que\u00a0proporcionan esta informaci\u00f3n.<\/p>\n<p>Las informaciones son ofrecidas en el sitio web\u00a0www.gaudiosolutions.com como referencia, no son estrictas y pueden cambiar.\u00a0Est\u00e1n sujetas a las modificaciones que se han realizado desde que se pusieron en l\u00ednea.<\/p>\n<p>&nbsp;<\/p>\n<p>&nbsp;<\/p>\n<h3>3. UTILIZACI\u00d3N Y FUNCIONAMIENTO DEL SITIO WEB<\/h3>\n<p>&nbsp;<\/p>\n<p>El usuario se compromete a hacer un uso diligente del sitio web, as\u00ed como de la informaci\u00f3n relativa a los servicios contenidos en el mismo, con total sujeci\u00f3n tanto a la normativa aplicable como a los T\u00e9rminos y Condiciones.<\/p>\n<p>Asimismo, el usuario se compromete a no realizar acto alguno con objeto de da\u00f1ar, inutilizar y\/o sobrecargar el sitio web, o que impidiera, de cualquier forma, la normal utilizaci\u00f3n y funcionamiento del mismo.<\/p>\n<p>Se informa al usuario de que, en el caso de que incumpla los T\u00e9rminos y Condiciones o, en su caso, cualesquiera otras condiciones recogidas en el sitio web, el\u00a0propietario\u00a0del sitio web se reserva el derecho a limitar, suspender y\/o terminar su acceso al sitio web, adoptando cualquier medida t\u00e9cnica que sea necesaria con ese fin.<\/p>\n<p>El\u00a0propietario\u00a0del sitio web realiza sus mejores esfuerzos para mantener el sitio web en buen funcionamiento, evitando errores y\/o, en su caso, repar\u00e1ndolos, manteniendo los contenidos del sitio web debidamente actualizados. No obstante, no garantizamos la disponibilidad y continuidad en el acceso al sitio web ni la inexistencia de errores en sus contenidos, as\u00ed como tampoco que estos \u00faltimos sean oportunamente actualizados.<\/p>\n<p>El propietario\u00a0del sitio web reserva la facultad de efectuar, en cualquier momento y sin necesidad de previo aviso, modificaciones, supresiones y\/o actualizaciones sobre la informaci\u00f3n contenida en el sitio web, su configuraci\u00f3n y\/o presentaci\u00f3n.<\/p>\n<p>&nbsp;<\/p>\n<p>&nbsp;<\/p>\n<h3>4. PROPIEDAD INTELECTUAL Y FALSIFICACIONES<\/h3>\n<p>&nbsp;<\/p>\n<p>El\u00a0propietario\u00a0del sitio web posee los derechos de propiedad intelectual o posee los derechos de uso de todos los elementos disponibles en el sitio, incluidos texto, im\u00e1genes, gr\u00e1ficos, logotipos, iconos, sonidos, software \u2026<\/p>\n<p>Se proh\u00edbe cualquier reproducci\u00f3n, representaci\u00f3n, modificaci\u00f3n, publicaci\u00f3n, adaptaci\u00f3n total o parcial de los elementos del sitio web, cualesquiera que sean los medios o el proceso utilizado, excepto previa autorizaci\u00f3n por escrito al correo electr\u00f3nico:\u00a0<a href=\"mailto:info@gaudiosolutions.com\">info@gaudiosolutions.com<\/a>.<\/p>\n<p>Cualquier uso no autorizado del sitio web o cualquier de estos elementos que contiene se considerar\u00e1 como una infracci\u00f3n y procesado de acuerdo con las disposiciones del C\u00f3digo de Propiedad Intelectual.<\/p>\n<p>&nbsp;<\/p>\n<p>&nbsp;<\/p>\n<h3>5. ENLACES DE HIPERTEXTO <strong><br \/>\n<\/strong><\/h3>\n<p>&nbsp;<\/p>\n<p>El sitio\u00a0web www.gaudiosolutions.com contiene una serie de enlaces de hipertexto a otros\u00a0sitios (informaci\u00f3n, referencias\u2026).\u00a0Sin embargo, el\u00a0propietario\u00a0del sitio no tiene la posibilidad de verificar la\u00a0custodia de los sitios visitados\u00a0y por lo tanto, se exime de cualquier responsabilidad por los posibles riesgos\u00a0de contenido ilegal.<\/p>\n<p>&nbsp;<\/p>\n<p>&nbsp;<\/p>\n<h3>6. IDIOMA<\/h3>\n<p>&nbsp;<\/p>\n<p>En caso de traducci\u00f3n de las presentes aviso legal en uno o varios idiomas, el idioma de interpretaci\u00f3n en caso de contradicci\u00f3n o contestaci\u00f3n ser\u00e1 el Castellano.<\/p>\n<p>&nbsp;<\/p>\n<p>&nbsp;<\/p>\n<h3>7. LEGISLACI\u00d3N APLICABLE Y JURISDICCI\u00d3N<\/h3>\n<p>&nbsp;<\/p>\n<p>El acceso y utilizaci\u00f3n del sitio web se regir\u00e1 e interpretar\u00e1 de conformidad con la legislaci\u00f3n espa\u00f1ola.<\/p>\n<p>Cualquier controversia que pudiera surgir entre el\u00a0propietario\u00a0del sitio web y el usuario del sitio web ser\u00e1 resuelta, con renuncia expresa de las partes a su propio fuero, por los Juzgados y Tribunales de la ciudad de Barcelona (Espa\u00f1a).[\/vc_column_text][\/vc_column][\/vc_row][vc_row row_type=&#8221;row&#8221; use_row_as_full_screen_section=&#8221;no&#8221; type=&#8221;full_width&#8221; text_align=&#8221;left&#8221; background_animation=&#8221;none&#8221; css_animation=&#8221;&#8221;][vc_column][vc_empty_space height=&#8221;75px&#8221;][\/vc_column][\/vc_row]<\/p>\n<\/div>","protected":false},"excerpt":{"rendered":"<p>[vc_row row_type=&#8221;row&#8221; use_row_as_full_screen_section=&#8221;no&#8221; type=&#8221;grid&#8221; text_align=&#8221;left&#8221; background_animation=&#8221;none&#8221; css_animation=&#8221;&#8221;][vc_column][vc_empty_space height=&#8221;40px&#8221;][vc_column_text] AVISO LEGAL [\/vc_column_text][vc_separator type=&#8221;small&#8221; position=&#8221;left&#8221; color=&#8221;#cf5636&#8243; border_style=&#8221;&#8221;][vc_column_text] 1. ACCESO AL SITIO WEB &nbsp; El sitio web www.gaudiosolutions.com (en adelante \u201csitio web\u201d) es&#8230;<\/p>\n","protected":false},"author":1,"featured_media":0,"parent":0,"menu_order":0,"comment_status":"closed","ping_status":"closed","template":"full_width.php","meta":{"footnotes":""},"class_list":["post-9011","page","type-page","status-publish","hentry"],"yoast_head":"<!-- This site is optimized with the Yoast SEO plugin v24.5 - https:\/\/yoast.com\/wordpress\/plugins\/seo\/ -->\n<title>AVISO | Global Audio Solutions Software y formaci\u00f3n<\/title>\n<meta name=\"robots\" content=\"index, nofollow, max-snippet:-1, max-image-preview:large, max-video-preview:-1\" \/>\n<link rel=\"canonical\" href=\"https:\/\/www.gaudiosolutions.com\/en\/aviso-legal\/\" \/>\n<meta property=\"og:locale\" content=\"en_US\" \/>\n<meta property=\"og:type\" content=\"article\" \/>\n<meta property=\"og:title\" content=\"AVISO | Global Audio Solutions Software y formaci\u00f3n\" \/>\n<meta property=\"og:description\" content=\"[vc_row row_type=&#8221;row&#8221; use_row_as_full_screen_section=&#8221;no&#8221; type=&#8221;grid&#8221; text_align=&#8221;left&#8221; background_animation=&#8221;none&#8221; css_animation=&#8221;&#8221;][vc_column][vc_empty_space height=&#8221;40px&#8221;][vc_column_text] AVISO LEGAL [\/vc_column_text][vc_separator type=&#8221;small&#8221; position=&#8221;left&#8221; color=&#8221;#cf5636&#8243; border_style=&#8221;&#8221;][vc_column_text] 1. ACCESO AL SITIO WEB &nbsp; El sitio web www.gaudiosolutions.com (en adelante \u201csitio web\u201d) es...\" \/>\n<meta property=\"og:url\" content=\"https:\/\/www.gaudiosolutions.com\/en\/aviso-legal\/\" \/>\n<meta property=\"og:site_name\" content=\"Global Audio Solutions\" \/>\n<meta property=\"article:modified_time\" content=\"2022-04-28T10:28:31+00:00\" \/>\n<meta name=\"twitter:card\" content=\"summary_large_image\" \/>\n<meta name=\"twitter:label1\" content=\"Est. reading time\" \/>\n\t<meta name=\"twitter:data1\" content=\"4 minutes\" \/>\n<script type=\"application\/ld+json\" class=\"yoast-schema-graph\">{\"@context\":\"https:\/\/schema.org\",\"@graph\":[{\"@type\":\"WebPage\",\"@id\":\"https:\/\/www.gaudiosolutions.com\/en\/aviso-legal\/\",\"url\":\"https:\/\/www.gaudiosolutions.com\/en\/aviso-legal\/\",\"name\":\"AVISO | Global Audio Solutions Software y formaci\u00f3n\",\"isPartOf\":{\"@id\":\"https:\/\/www.gaudiosolutions.com\/#website\"},\"datePublished\":\"2019-03-27T12:22:31+00:00\",\"dateModified\":\"2022-04-28T10:28:31+00:00\",\"breadcrumb\":{\"@id\":\"https:\/\/www.gaudiosolutions.com\/en\/aviso-legal\/#breadcrumb\"},\"inLanguage\":\"en-US\",\"potentialAction\":[{\"@type\":\"ReadAction\",\"target\":[\"https:\/\/www.gaudiosolutions.com\/en\/aviso-legal\/\"]}]},{\"@type\":\"BreadcrumbList\",\"@id\":\"https:\/\/www.gaudiosolutions.com\/en\/aviso-legal\/#breadcrumb\",\"itemListElement\":[{\"@type\":\"ListItem\",\"position\":1,\"name\":\"Portada\",\"item\":\"https:\/\/www.gaudiosolutions.com\/en\/\"},{\"@type\":\"ListItem\",\"position\":2,\"name\":\"Aviso legal\"}]},{\"@type\":\"WebSite\",\"@id\":\"https:\/\/www.gaudiosolutions.com\/#website\",\"url\":\"https:\/\/www.gaudiosolutions.com\/\",\"name\":\"Global Audio Solutions\",\"description\":\"\",\"potentialAction\":[{\"@type\":\"SearchAction\",\"target\":{\"@type\":\"EntryPoint\",\"urlTemplate\":\"https:\/\/www.gaudiosolutions.com\/?s={search_term_string}\"},\"query-input\":{\"@type\":\"PropertyValueSpecification\",\"valueRequired\":true,\"valueName\":\"search_term_string\"}}],\"inLanguage\":\"en-US\"}]}<\/script>\n<!-- \/ Yoast SEO plugin. -->","yoast_head_json":{"title":"AVISO | Global Audio Solutions Software y formaci\u00f3n","robots":{"index":"index","follow":"nofollow","max-snippet":"max-snippet:-1","max-image-preview":"max-image-preview:large","max-video-preview":"max-video-preview:-1"},"canonical":"https:\/\/www.gaudiosolutions.com\/en\/aviso-legal\/","og_locale":"en_US","og_type":"article","og_title":"AVISO | Global Audio Solutions Software y formaci\u00f3n","og_description":"[vc_row row_type=&#8221;row&#8221; use_row_as_full_screen_section=&#8221;no&#8221; type=&#8221;grid&#8221; text_align=&#8221;left&#8221; background_animation=&#8221;none&#8221; css_animation=&#8221;&#8221;][vc_column][vc_empty_space height=&#8221;40px&#8221;][vc_column_text] AVISO LEGAL [\/vc_column_text][vc_separator type=&#8221;small&#8221; position=&#8221;left&#8221; color=&#8221;#cf5636&#8243; border_style=&#8221;&#8221;][vc_column_text] 1. ACCESO AL SITIO WEB &nbsp; El sitio web www.gaudiosolutions.com (en adelante \u201csitio web\u201d) es...","og_url":"https:\/\/www.gaudiosolutions.com\/en\/aviso-legal\/","og_site_name":"Global Audio Solutions","article_modified_time":"2022-04-28T10:28:31+00:00","twitter_card":"summary_large_image","twitter_misc":{"Est. reading time":"4 minutes"},"schema":{"@context":"https:\/\/schema.org","@graph":[{"@type":"WebPage","@id":"https:\/\/www.gaudiosolutions.com\/en\/aviso-legal\/","url":"https:\/\/www.gaudiosolutions.com\/en\/aviso-legal\/","name":"AVISO | Global Audio Solutions Software y formaci\u00f3n","isPartOf":{"@id":"https:\/\/www.gaudiosolutions.com\/#website"},"datePublished":"2019-03-27T12:22:31+00:00","dateModified":"2022-04-28T10:28:31+00:00","breadcrumb":{"@id":"https:\/\/www.gaudiosolutions.com\/en\/aviso-legal\/#breadcrumb"},"inLanguage":"en-US","potentialAction":[{"@type":"ReadAction","target":["https:\/\/www.gaudiosolutions.com\/en\/aviso-legal\/"]}]},{"@type":"BreadcrumbList","@id":"https:\/\/www.gaudiosolutions.com\/en\/aviso-legal\/#breadcrumb","itemListElement":[{"@type":"ListItem","position":1,"name":"Portada","item":"https:\/\/www.gaudiosolutions.com\/en\/"},{"@type":"ListItem","position":2,"name":"Aviso legal"}]},{"@type":"WebSite","@id":"https:\/\/www.gaudiosolutions.com\/#website","url":"https:\/\/www.gaudiosolutions.com\/","name":"Global Audio Solutions","description":"","potentialAction":[{"@type":"SearchAction","target":{"@type":"EntryPoint","urlTemplate":"https:\/\/www.gaudiosolutions.com\/?s={search_term_string}"},"query-input":{"@type":"PropertyValueSpecification","valueRequired":true,"valueName":"search_term_string"}}],"inLanguage":"en-US"}]}},"_links":{"self":[{"href":"https:\/\/www.gaudiosolutions.com\/en\/wp-json\/wp\/v2\/pages\/9011","targetHints":{"allow":["GET"]}}],"collection":[{"href":"https:\/\/www.gaudiosolutions.com\/en\/wp-json\/wp\/v2\/pages"}],"about":[{"href":"https:\/\/www.gaudiosolutions.com\/en\/wp-json\/wp\/v2\/types\/page"}],"author":[{"embeddable":true,"href":"https:\/\/www.gaudiosolutions.com\/en\/wp-json\/wp\/v2\/users\/1"}],"replies":[{"embeddable":true,"href":"https:\/\/www.gaudiosolutions.com\/en\/wp-json\/wp\/v2\/comments?post=9011"}],"version-history":[{"count":0,"href":"https:\/\/www.gaudiosolutions.com\/en\/wp-json\/wp\/v2\/pages\/9011\/revisions"}],"wp:attachment":[{"href":"https:\/\/www.gaudiosolutions.com\/en\/wp-json\/wp\/v2\/media?parent=9011"}],"curies":[{"name":"wp","href":"https:\/\/api.w.org\/{rel}","templated":true}]}}