{"id":9016,"date":"2019-02-15T12:48:38","date_gmt":"2019-02-15T11:48:38","guid":{"rendered":"https:\/\/www.gaudiosolutions.com\/politica-privacidad\/"},"modified":"2019-02-15T12:48:38","modified_gmt":"2019-02-15T11:48:38","slug":"politica-privacidad","status":"publish","type":"page","link":"https:\/\/www.gaudiosolutions.com\/en\/politica-privacidad\/","title":{"rendered":"Pol\u00edtica de privacidad"},"content":{"rendered":"<div class=\"wpb-content-wrapper\"><p>[vc_row row_type=&#8221;row&#8221; use_row_as_full_screen_section=&#8221;no&#8221; type=&#8221;grid&#8221; text_align=&#8221;left&#8221; background_animation=&#8221;none&#8221; css_animation=&#8221;&#8221;][vc_column][vc_empty_space height=&#8221;40px&#8221;][vc_column_text]<\/p>\n<h1>POL\u00cdTICA DE PRIVACIDAD<\/h1>\n<p>[\/vc_column_text][vc_separator type=&#8221;small&#8221; position=&#8221;left&#8221; color=&#8221;#cf5636&#8243; border_style=&#8221;&#8221;][vc_column_text]Esta Pol\u00edtica de Privacidad tiene por objeto poner en conocimiento de los titulares de los datos personales, respecto de los cuales se est\u00e1 recabando informaci\u00f3n, los aspectos espec\u00edficos relativos al tratamiento de sus datos, entre otras cosas, las finalidades de los tratamientos, los datos de contacto para ejercer los derechos que le asisten, y los plazos de conservaci\u00f3n de la informaci\u00f3n entre otras cosas.<\/p>\n<p>De acuerdo\u00a0con la Ley Org\u00e1nica de Protecci\u00f3n de Datos de Car\u00e1cter Personal (LOPD)\u00a0y la Ley de Protecci\u00f3n de Datos n\u00ba \u00a02016\/679 del Reglamento Europeo 2016\/679 (RGPD), llamamos la atenci\u00f3n de los\u00a0usuarios y visitantes del sitio web\u00a0www.gaudiosolutions.com sobre la siguiente informaci\u00f3n:<\/p>\n<p>&nbsp;<\/p>\n<p>&nbsp;<\/p>\n<h3>PROTECCI\u00d3N DE BIENES Y PERSONAS \u2013 GESTI\u00d3N DE DATOS PERSONALES<\/h3>\n<p>&nbsp;<\/p>\n<p>Usuario: usuario de Intenet que se conecta, utilizando el sitio web llamado www.gaudiosolutions.com.<\/p>\n<p>En el sitio\u00a0web www.gaudiosolutions.com, el\u00a0propietario\u00a0del sitio web recopila informaci\u00f3n personal sobre el usuario solo para la necesidad de ciertos servicios ofrecidos por el sitio\u00a0web www.gaudiosolutions.com.<\/p>\n<p>A modo de resumen, utilizaremos los datos que nos proporcione para:<\/p>\n<p>&nbsp;<\/p>\n<ul>\n<li>Gestionar sus solicitudes de informaci\u00f3n<\/li>\n<li>Prestarle los servicios que requiera de nosotros y que est\u00e1n descritos en esta p\u00e1gina web<\/li>\n<\/ul>\n<p>&nbsp;<\/p>\n<p>El usuario proporciona esta informaci\u00f3n con pleno conocimiento de los hechos, en particular cuando procede a ingresarlos \u00e9l mismo.\u00a0Entonces queda claro para el usuario del sitio\u00a0web www.gaudiosolutions.com la obligaci\u00f3n o no de proporcionar esta informaci\u00f3n.<\/p>\n<p>&nbsp;<\/p>\n<p>&nbsp;<\/p>\n<h3>TRATAMIENTO DE DATOS<\/h3>\n<p>&nbsp;<\/p>\n<p>Los datos de car\u00e1cter personal que se soliciten, en su caso, consistir\u00e1n \u00fanicamente en aquellos estrictamente imprescindibles para identificar y atender la solicitud realizada por el titular de los mismos, en adelante el Interesado. Por otra parte, los datos personales ser\u00e1n recogidos para finalidades , expl\u00edcitas y leg\u00edtimas, no siendo tratados ulteriormente de manera incompatible con dichos fines.<\/p>\n<p>&nbsp;<\/p>\n<p>&nbsp;<\/p>\n<h3>FINALIDADES DEL TRATAMIENTO<\/h3>\n<p>&nbsp;<\/p>\n<p>Las finalidades expl\u00edcitas para las cuales se llevan a cabo cada uno de los tratamientos vienen recogidas en las cl\u00e1usulas informativas incorporadas en cada una de las v\u00edas de toma de datos (formularios web, formularios en papel).<\/p>\n<p>No obstante los datos de car\u00e1cter personal del interesado ser\u00e1n tratados con la exclusiva finalidad de informarle sobre actividades y novedades de Global Audio Solutions S.L, proporcionarle una repuesta efectiva y atender las solicitudes practicadas por el usuario, especificadas junto con la opci\u00f3n, servicio, formulario o sistema de toma de datos que el titular utilice.<\/p>\n<p>&nbsp;<\/p>\n<p>&nbsp;<\/p>\n<h3>LEGITIMACI\u00d3N<\/h3>\n<p>&nbsp;<\/p>\n<p>Por regla general, previo al tratamiento de los datos personales, el propietario del sitio web obtiene el consentimiento expreso e inequ\u00edvoco del titular de los mismos mediante la incorporaci\u00f3n de cl\u00e1usulas de consentimiento informado en los diferentes sistemas de recogida de informaci\u00f3n.<\/p>\n<p>&nbsp;<\/p>\n<p>&nbsp;<\/p>\n<h3>DERECHOS DE LOS INTERESADOS<\/h3>\n<p>&nbsp;<\/p>\n<p>Todos los\u00a0usuarios tienen derecho de acceso, oposici\u00f3n, rectificaci\u00f3n,\u00a0portabilidad, supresi\u00f3n y limitaci\u00f3n del tratamiento de sus datos de car\u00e1cter personal, mediante escrito, a la direcci\u00f3n de correo electr\u00f3nico\u00a0<a href=\"mailto:info@gaudiosolutions.com\">info@gaudiosolutions.com<\/a>. Ninguna informaci\u00f3n personal del usuario del sitio\u00a0www.gaudiosolutions.com se publicar\u00e1 sin el conocimiento del usuario, ni intercambiada, transferida, asignada o vendida en cualquier soporte a otros.<\/p>\n<p>&nbsp;<\/p>\n<p>&nbsp;<\/p>\n<h3>PLAZOS DE CONSERVACI\u00d3N<\/h3>\n<p>&nbsp;<\/p>\n<p>La informaci\u00f3n recabada del interesado ser\u00e1 conservada mientras sea necesaria para cumplir con la finalidad para la cual fueron recabados los datos personales, de forma que, una vez cumplida la finalidad los datos sean cancelados.[\/vc_column_text][\/vc_column][\/vc_row][vc_row row_type=&#8221;row&#8221; use_row_as_full_screen_section=&#8221;no&#8221; type=&#8221;full_width&#8221; text_align=&#8221;left&#8221; background_animation=&#8221;none&#8221; css_animation=&#8221;&#8221;][vc_column][vc_empty_space height=&#8221;75px&#8221;][\/vc_column][\/vc_row]<\/p>\n<\/div>","protected":false},"excerpt":{"rendered":"<p>[vc_row row_type=&#8221;row&#8221; use_row_as_full_screen_section=&#8221;no&#8221; type=&#8221;grid&#8221; text_align=&#8221;left&#8221; background_animation=&#8221;none&#8221; css_animation=&#8221;&#8221;][vc_column][vc_empty_space height=&#8221;40px&#8221;][vc_column_text] POL\u00cdTICA DE PRIVACIDAD [\/vc_column_text][vc_separator type=&#8221;small&#8221; position=&#8221;left&#8221; color=&#8221;#cf5636&#8243; border_style=&#8221;&#8221;][vc_column_text]Esta Pol\u00edtica de Privacidad tiene por objeto poner en conocimiento de los titulares de los&#8230;<\/p>\n","protected":false},"author":1,"featured_media":0,"parent":0,"menu_order":0,"comment_status":"closed","ping_status":"closed","template":"full_width.php","meta":{"footnotes":""},"class_list":["post-9016","page","type-page","status-publish","hentry"],"yoast_head":"<!-- This site is optimized with the Yoast SEO plugin v24.5 - https:\/\/yoast.com\/wordpress\/plugins\/seo\/ -->\n<title>Pol\u00edtica de privacidad - Global Audio Solutions<\/title>\n<meta name=\"robots\" content=\"index, follow, max-snippet:-1, max-image-preview:large, max-video-preview:-1\" \/>\n<link rel=\"canonical\" href=\"https:\/\/www.gaudiosolutions.com\/en\/politica-privacidad\/\" \/>\n<meta property=\"og:locale\" content=\"en_US\" \/>\n<meta property=\"og:type\" content=\"article\" \/>\n<meta property=\"og:title\" content=\"Pol\u00edtica de privacidad - Global Audio Solutions\" \/>\n<meta property=\"og:description\" content=\"[vc_row row_type=&#8221;row&#8221; use_row_as_full_screen_section=&#8221;no&#8221; type=&#8221;grid&#8221; text_align=&#8221;left&#8221; background_animation=&#8221;none&#8221; css_animation=&#8221;&#8221;][vc_column][vc_empty_space height=&#8221;40px&#8221;][vc_column_text] POL\u00cdTICA DE PRIVACIDAD [\/vc_column_text][vc_separator type=&#8221;small&#8221; position=&#8221;left&#8221; color=&#8221;#cf5636&#8243; border_style=&#8221;&#8221;][vc_column_text]Esta Pol\u00edtica de Privacidad tiene por objeto poner en conocimiento de los titulares de los...\" \/>\n<meta property=\"og:url\" content=\"https:\/\/www.gaudiosolutions.com\/en\/politica-privacidad\/\" \/>\n<meta property=\"og:site_name\" content=\"Global Audio Solutions\" \/>\n<meta name=\"twitter:card\" content=\"summary_large_image\" \/>\n<meta name=\"twitter:label1\" content=\"Est. reading time\" \/>\n\t<meta name=\"twitter:data1\" content=\"3 minutes\" \/>\n<script type=\"application\/ld+json\" class=\"yoast-schema-graph\">{\"@context\":\"https:\/\/schema.org\",\"@graph\":[{\"@type\":\"WebPage\",\"@id\":\"https:\/\/www.gaudiosolutions.com\/en\/politica-privacidad\/\",\"url\":\"https:\/\/www.gaudiosolutions.com\/en\/politica-privacidad\/\",\"name\":\"Pol\u00edtica de privacidad - Global Audio Solutions\",\"isPartOf\":{\"@id\":\"https:\/\/www.gaudiosolutions.com\/#website\"},\"datePublished\":\"2019-02-15T11:48:38+00:00\",\"breadcrumb\":{\"@id\":\"https:\/\/www.gaudiosolutions.com\/en\/politica-privacidad\/#breadcrumb\"},\"inLanguage\":\"en-US\",\"potentialAction\":[{\"@type\":\"ReadAction\",\"target\":[\"https:\/\/www.gaudiosolutions.com\/en\/politica-privacidad\/\"]}]},{\"@type\":\"BreadcrumbList\",\"@id\":\"https:\/\/www.gaudiosolutions.com\/en\/politica-privacidad\/#breadcrumb\",\"itemListElement\":[{\"@type\":\"ListItem\",\"position\":1,\"name\":\"Portada\",\"item\":\"https:\/\/www.gaudiosolutions.com\/en\/\"},{\"@type\":\"ListItem\",\"position\":2,\"name\":\"Pol\u00edtica de privacidad\"}]},{\"@type\":\"WebSite\",\"@id\":\"https:\/\/www.gaudiosolutions.com\/#website\",\"url\":\"https:\/\/www.gaudiosolutions.com\/\",\"name\":\"Global Audio Solutions\",\"description\":\"\",\"potentialAction\":[{\"@type\":\"SearchAction\",\"target\":{\"@type\":\"EntryPoint\",\"urlTemplate\":\"https:\/\/www.gaudiosolutions.com\/?s={search_term_string}\"},\"query-input\":{\"@type\":\"PropertyValueSpecification\",\"valueRequired\":true,\"valueName\":\"search_term_string\"}}],\"inLanguage\":\"en-US\"}]}<\/script>\n<!-- \/ Yoast SEO plugin. -->","yoast_head_json":{"title":"Pol\u00edtica de privacidad - Global Audio Solutions","robots":{"index":"index","follow":"follow","max-snippet":"max-snippet:-1","max-image-preview":"max-image-preview:large","max-video-preview":"max-video-preview:-1"},"canonical":"https:\/\/www.gaudiosolutions.com\/en\/politica-privacidad\/","og_locale":"en_US","og_type":"article","og_title":"Pol\u00edtica de privacidad - Global Audio Solutions","og_description":"[vc_row row_type=&#8221;row&#8221; use_row_as_full_screen_section=&#8221;no&#8221; type=&#8221;grid&#8221; text_align=&#8221;left&#8221; background_animation=&#8221;none&#8221; css_animation=&#8221;&#8221;][vc_column][vc_empty_space height=&#8221;40px&#8221;][vc_column_text] POL\u00cdTICA DE PRIVACIDAD [\/vc_column_text][vc_separator type=&#8221;small&#8221; position=&#8221;left&#8221; color=&#8221;#cf5636&#8243; border_style=&#8221;&#8221;][vc_column_text]Esta Pol\u00edtica de Privacidad tiene por objeto poner en conocimiento de los titulares de los...","og_url":"https:\/\/www.gaudiosolutions.com\/en\/politica-privacidad\/","og_site_name":"Global Audio Solutions","twitter_card":"summary_large_image","twitter_misc":{"Est. reading time":"3 minutes"},"schema":{"@context":"https:\/\/schema.org","@graph":[{"@type":"WebPage","@id":"https:\/\/www.gaudiosolutions.com\/en\/politica-privacidad\/","url":"https:\/\/www.gaudiosolutions.com\/en\/politica-privacidad\/","name":"Pol\u00edtica de privacidad - Global Audio Solutions","isPartOf":{"@id":"https:\/\/www.gaudiosolutions.com\/#website"},"datePublished":"2019-02-15T11:48:38+00:00","breadcrumb":{"@id":"https:\/\/www.gaudiosolutions.com\/en\/politica-privacidad\/#breadcrumb"},"inLanguage":"en-US","potentialAction":[{"@type":"ReadAction","target":["https:\/\/www.gaudiosolutions.com\/en\/politica-privacidad\/"]}]},{"@type":"BreadcrumbList","@id":"https:\/\/www.gaudiosolutions.com\/en\/politica-privacidad\/#breadcrumb","itemListElement":[{"@type":"ListItem","position":1,"name":"Portada","item":"https:\/\/www.gaudiosolutions.com\/en\/"},{"@type":"ListItem","position":2,"name":"Pol\u00edtica de privacidad"}]},{"@type":"WebSite","@id":"https:\/\/www.gaudiosolutions.com\/#website","url":"https:\/\/www.gaudiosolutions.com\/","name":"Global Audio Solutions","description":"","potentialAction":[{"@type":"SearchAction","target":{"@type":"EntryPoint","urlTemplate":"https:\/\/www.gaudiosolutions.com\/?s={search_term_string}"},"query-input":{"@type":"PropertyValueSpecification","valueRequired":true,"valueName":"search_term_string"}}],"inLanguage":"en-US"}]}},"_links":{"self":[{"href":"https:\/\/www.gaudiosolutions.com\/en\/wp-json\/wp\/v2\/pages\/9016","targetHints":{"allow":["GET"]}}],"collection":[{"href":"https:\/\/www.gaudiosolutions.com\/en\/wp-json\/wp\/v2\/pages"}],"about":[{"href":"https:\/\/www.gaudiosolutions.com\/en\/wp-json\/wp\/v2\/types\/page"}],"author":[{"embeddable":true,"href":"https:\/\/www.gaudiosolutions.com\/en\/wp-json\/wp\/v2\/users\/1"}],"replies":[{"embeddable":true,"href":"https:\/\/www.gaudiosolutions.com\/en\/wp-json\/wp\/v2\/comments?post=9016"}],"version-history":[{"count":0,"href":"https:\/\/www.gaudiosolutions.com\/en\/wp-json\/wp\/v2\/pages\/9016\/revisions"}],"wp:attachment":[{"href":"https:\/\/www.gaudiosolutions.com\/en\/wp-json\/wp\/v2\/media?parent=9016"}],"curies":[{"name":"wp","href":"https:\/\/api.w.org\/{rel}","templated":true}]}}