{"id":8648,"date":"2020-05-27T11:36:15","date_gmt":"2020-05-27T09:36:15","guid":{"rendered":"https:\/\/www.gaudiosolutions.com\/producto\/o-circulo-e-a-janela\/"},"modified":"2022-04-19T22:05:23","modified_gmt":"2022-04-19T20:05:23","slug":"o-circulo-e-a-janela","status":"publish","type":"product","link":"https:\/\/www.gaudiosolutions.com\/en\/producto\/o-circulo-e-a-janela\/","title":{"rendered":"O Circulo e a Janela (Interpretando a Fase)"},"content":{"rendered":"<p><span style=\"color: #cd573c;\"><strong>DURA\u00c7\u00c3O: <\/strong><\/span>4 d\u00edas<\/p>\n<p><span style=\"color: #cd573c;\"><strong>N\u00cdVEL:<\/strong> <\/span>Intermedi\u00e1rio<\/p>\n<p><span style=\"color: #cd573c;\"><strong>PROFESSOR:<\/strong><\/span> <span style=\"color: #ffffff;\"><a style=\"color: #ffffff;\" href=\"https:\/\/www.gaudiosolutions.com\/en\/about-us\/#profes1\" target=\"_blank\" rel=\"noopener noreferrer\">Emidio Braga<\/a><\/span><\/p>\n<p>&nbsp;<\/p>\n<p><span style=\"color: #cd573c;\"><strong>PRE\u00c7O: <\/strong><\/span>42\u20ac\u00a0 \/ 250R$<\/p>\n","protected":false},"excerpt":{"rendered":"<p>&nbsp;<\/p>\n<p class=\"p2\">O treinamento O C\u00edrculo e a Janela (Interpretando a Fase) estuda a Fase em seus diversos aspectos. Relaciona a janela de fase ao c\u00edrculo, a aplica\u00e7\u00e3o de diversos filtros, a resposta ao impulso, a coer\u00eancia, e seu papel preponderante na soma de sinais el\u00e9tricos e ac\u00fasticos. Sempre apontando a aplica\u00e7\u00e3o pr\u00e1tica em ajustes e alinhamento de sistemas. Dessa forma permite que ao final do treinamento o participante interprete o tra\u00e7o de fase e identifique as solu\u00e7\u00f5es na busca do melhor rendimento de sistemas sonoros com somas consistentes.<\/p>\n<p>Todos os m\u00f3dulos de estudo s\u00e3o realizados ao vivo de uma forma virtual e com intera\u00e7\u00e3o entre aluno e professor. Al\u00e9m disso, ao t\u00e9rmino de cada m\u00f3dulo do semin\u00e1rio, d\u00favidas adicionais podem ser enviadas por e-mail.<\/p>\n<p>Voc\u00ea pode fazer o pagamento em reais atrav\u00e9s do link a seguir:<\/p>\n<p>Pix: 204.817.483-34<\/p>\n<p>Link PagSeguro: <a href=\"https:\/\/pag.ae\/7XfyC9SG3\" target=\"_blank\" rel=\"noopener noreferrer\">https:\/\/pag.ae\/7XfyC9SG3<\/a><\/p>\n<p><span class=\"nmt_arial\">\u00a0<\/span><\/p>\n<p><a href=\"https:\/\/www.gaudiosolutions.com\/wp-content\/uploads\/2021\/06\/O-Ci\u0301rculo-e-a-Janela-Tema\u0301rio.pdf\" target=\"_blank\" rel=\"noopener noreferrer\"><strong>AGENDA<\/strong><\/a><\/p>\n<p>&nbsp;<\/p>\n<p>[vc_row row_type=&#8221;row&#8221; use_row_as_full_screen_section=&#8221;grid&#8221; type=&#8221;100%&#8221; text_align=&#8221;center&#8221; background_animation=&#8221;none&#8221; css_animation=&#8221;&#8221;][vc_column][vc_accordion active_tab=&#8221;false&#8221; collapsible=&#8221;yes&#8221; style=&#8221;boxed_accordion&#8221;][vc_accordion_tab title=&#8221;MAIS INFORMA\u00c7\u00c3O&#8221; title_color=&#8221;#cf5636&#8243; background_color=&#8221;#424644&#8243; title_tag=&#8221;h6&#8243;][vc_row_inner row_type=&#8221;row&#8221; type=&#8221;100%&#8221; use_row_as_full_screen_section_slide=&#8221;100%&#8221; text_align=&#8221;center&#8221; css_animation=&#8221;&#8221;][vc_column_inner][vc_column_text][contact-form-7 id=\"6689\" title=\"O Circulo e a Janela\"][\/vc_column_text][vc_empty_space height=&#8221;50px&#8221;][\/vc_column_inner][\/vc_row_inner][\/vc_accordion_tab][\/vc_accordion][\/vc_column][\/vc_row]<\/p>\n<p>&nbsp;<\/p>\n<p>&nbsp;<\/p>\n<p>&nbsp;<\/p>\n","protected":false},"featured_media":8424,"comment_status":"open","ping_status":"closed","template":"","meta":[],"product_brand":[],"product_cat":[123,125],"product_tag":[],"class_list":{"0":"post-8648","1":"product","2":"type-product","3":"status-publish","4":"has-post-thumbnail","6":"product_cat-online-courses","7":"product_cat-portuguese","9":"first","10":"instock","11":"taxable","12":"shipping-taxable","13":"product-type-variable"},"yoast_head":"<!-- This site is optimized with the Yoast SEO plugin v24.5 - https:\/\/yoast.com\/wordpress\/plugins\/seo\/ -->\n<title>O Circulo e a Janela (Interpretando a Fase) - Global Audio Solutions<\/title>\n<meta name=\"description\" content=\"O treinamento O C\u00edrculo e a Janela (Interpretando a Fase) estuda a Fase em seus diversos aspectos.\" \/>\n<meta name=\"robots\" content=\"index, follow, max-snippet:-1, max-image-preview:large, max-video-preview:-1\" \/>\n<link rel=\"canonical\" href=\"https:\/\/www.gaudiosolutions.com\/en\/producto\/o-circulo-e-a-janela\/\" \/>\n<meta property=\"og:locale\" content=\"en_US\" \/>\n<meta property=\"og:type\" content=\"article\" \/>\n<meta property=\"og:title\" content=\"O Circulo e a Janela (Interpretando a Fase) - Global Audio Solutions\" \/>\n<meta property=\"og:description\" content=\"O treinamento O C\u00edrculo e a Janela (Interpretando a Fase) estuda a Fase em seus diversos aspectos.\" \/>\n<meta property=\"og:url\" content=\"https:\/\/www.gaudiosolutions.com\/en\/producto\/o-circulo-e-a-janela\/\" \/>\n<meta property=\"og:site_name\" content=\"Global Audio Solutions\" \/>\n<meta property=\"article:modified_time\" content=\"2022-04-19T20:05:23+00:00\" \/>\n<meta property=\"og:image\" content=\"https:\/\/www.gaudiosolutions.com\/wp-content\/uploads\/2022\/04\/gears-1236578_1920-e1649150449879.jpg\" \/>\n\t<meta property=\"og:image:width\" content=\"1920\" \/>\n\t<meta property=\"og:image:height\" content=\"1281\" \/>\n\t<meta property=\"og:image:type\" content=\"image\/jpeg\" \/>\n<meta name=\"twitter:card\" content=\"summary_large_image\" \/>\n<script type=\"application\/ld+json\" class=\"yoast-schema-graph\">{\"@context\":\"https:\/\/schema.org\",\"@graph\":[{\"@type\":\"WebPage\",\"@id\":\"https:\/\/www.gaudiosolutions.com\/en\/producto\/o-circulo-e-a-janela\/\",\"url\":\"https:\/\/www.gaudiosolutions.com\/en\/producto\/o-circulo-e-a-janela\/\",\"name\":\"O Circulo e a Janela (Interpretando a Fase) - Global Audio Solutions\",\"isPartOf\":{\"@id\":\"https:\/\/www.gaudiosolutions.com\/#website\"},\"primaryImageOfPage\":{\"@id\":\"https:\/\/www.gaudiosolutions.com\/en\/producto\/o-circulo-e-a-janela\/#primaryimage\"},\"image\":{\"@id\":\"https:\/\/www.gaudiosolutions.com\/en\/producto\/o-circulo-e-a-janela\/#primaryimage\"},\"thumbnailUrl\":\"https:\/\/www.gaudiosolutions.com\/wp-content\/uploads\/2022\/04\/gears-1236578_1920-e1649150449879.jpg\",\"datePublished\":\"2020-05-27T09:36:15+00:00\",\"dateModified\":\"2022-04-19T20:05:23+00:00\",\"description\":\"O treinamento O C\u00edrculo e a Janela (Interpretando a Fase) estuda a Fase em seus diversos aspectos.\",\"breadcrumb\":{\"@id\":\"https:\/\/www.gaudiosolutions.com\/en\/producto\/o-circulo-e-a-janela\/#breadcrumb\"},\"inLanguage\":\"en-US\",\"potentialAction\":[{\"@type\":\"ReadAction\",\"target\":[\"https:\/\/www.gaudiosolutions.com\/en\/producto\/o-circulo-e-a-janela\/\"]}]},{\"@type\":\"ImageObject\",\"inLanguage\":\"en-US\",\"@id\":\"https:\/\/www.gaudiosolutions.com\/en\/producto\/o-circulo-e-a-janela\/#primaryimage\",\"url\":\"https:\/\/www.gaudiosolutions.com\/wp-content\/uploads\/2022\/04\/gears-1236578_1920-e1649150449879.jpg\",\"contentUrl\":\"https:\/\/www.gaudiosolutions.com\/wp-content\/uploads\/2022\/04\/gears-1236578_1920-e1649150449879.jpg\",\"width\":1920,\"height\":1281},{\"@type\":\"BreadcrumbList\",\"@id\":\"https:\/\/www.gaudiosolutions.com\/en\/producto\/o-circulo-e-a-janela\/#breadcrumb\",\"itemListElement\":[{\"@type\":\"ListItem\",\"position\":1,\"name\":\"Portada\",\"item\":\"https:\/\/www.gaudiosolutions.com\/en\/\"},{\"@type\":\"ListItem\",\"position\":2,\"name\":\"Shop\",\"item\":\"https:\/\/www.gaudiosolutions.com\/en\/shop\/\"},{\"@type\":\"ListItem\",\"position\":3,\"name\":\"O Circulo e a Janela (Interpretando a Fase)\"}]},{\"@type\":\"WebSite\",\"@id\":\"https:\/\/www.gaudiosolutions.com\/#website\",\"url\":\"https:\/\/www.gaudiosolutions.com\/\",\"name\":\"Global Audio Solutions\",\"description\":\"\",\"potentialAction\":[{\"@type\":\"SearchAction\",\"target\":{\"@type\":\"EntryPoint\",\"urlTemplate\":\"https:\/\/www.gaudiosolutions.com\/?s={search_term_string}\"},\"query-input\":{\"@type\":\"PropertyValueSpecification\",\"valueRequired\":true,\"valueName\":\"search_term_string\"}}],\"inLanguage\":\"en-US\"}]}<\/script>\n<!-- \/ Yoast SEO plugin. -->","yoast_head_json":{"title":"O Circulo e a Janela (Interpretando a Fase) - Global Audio Solutions","description":"O treinamento O C\u00edrculo e a Janela (Interpretando a Fase) estuda a Fase em seus diversos aspectos.","robots":{"index":"index","follow":"follow","max-snippet":"max-snippet:-1","max-image-preview":"max-image-preview:large","max-video-preview":"max-video-preview:-1"},"canonical":"https:\/\/www.gaudiosolutions.com\/en\/producto\/o-circulo-e-a-janela\/","og_locale":"en_US","og_type":"article","og_title":"O Circulo e a Janela (Interpretando a Fase) - Global Audio Solutions","og_description":"O treinamento O C\u00edrculo e a Janela (Interpretando a Fase) estuda a Fase em seus diversos aspectos.","og_url":"https:\/\/www.gaudiosolutions.com\/en\/producto\/o-circulo-e-a-janela\/","og_site_name":"Global Audio Solutions","article_modified_time":"2022-04-19T20:05:23+00:00","og_image":[{"width":1920,"height":1281,"url":"https:\/\/www.gaudiosolutions.com\/wp-content\/uploads\/2022\/04\/gears-1236578_1920-e1649150449879.jpg","type":"image\/jpeg"}],"twitter_card":"summary_large_image","schema":{"@context":"https:\/\/schema.org","@graph":[{"@type":"WebPage","@id":"https:\/\/www.gaudiosolutions.com\/en\/producto\/o-circulo-e-a-janela\/","url":"https:\/\/www.gaudiosolutions.com\/en\/producto\/o-circulo-e-a-janela\/","name":"O Circulo e a Janela (Interpretando a Fase) - Global Audio Solutions","isPartOf":{"@id":"https:\/\/www.gaudiosolutions.com\/#website"},"primaryImageOfPage":{"@id":"https:\/\/www.gaudiosolutions.com\/en\/producto\/o-circulo-e-a-janela\/#primaryimage"},"image":{"@id":"https:\/\/www.gaudiosolutions.com\/en\/producto\/o-circulo-e-a-janela\/#primaryimage"},"thumbnailUrl":"https:\/\/www.gaudiosolutions.com\/wp-content\/uploads\/2022\/04\/gears-1236578_1920-e1649150449879.jpg","datePublished":"2020-05-27T09:36:15+00:00","dateModified":"2022-04-19T20:05:23+00:00","description":"O treinamento O C\u00edrculo e a Janela (Interpretando a Fase) estuda a Fase em seus diversos aspectos.","breadcrumb":{"@id":"https:\/\/www.gaudiosolutions.com\/en\/producto\/o-circulo-e-a-janela\/#breadcrumb"},"inLanguage":"en-US","potentialAction":[{"@type":"ReadAction","target":["https:\/\/www.gaudiosolutions.com\/en\/producto\/o-circulo-e-a-janela\/"]}]},{"@type":"ImageObject","inLanguage":"en-US","@id":"https:\/\/www.gaudiosolutions.com\/en\/producto\/o-circulo-e-a-janela\/#primaryimage","url":"https:\/\/www.gaudiosolutions.com\/wp-content\/uploads\/2022\/04\/gears-1236578_1920-e1649150449879.jpg","contentUrl":"https:\/\/www.gaudiosolutions.com\/wp-content\/uploads\/2022\/04\/gears-1236578_1920-e1649150449879.jpg","width":1920,"height":1281},{"@type":"BreadcrumbList","@id":"https:\/\/www.gaudiosolutions.com\/en\/producto\/o-circulo-e-a-janela\/#breadcrumb","itemListElement":[{"@type":"ListItem","position":1,"name":"Portada","item":"https:\/\/www.gaudiosolutions.com\/en\/"},{"@type":"ListItem","position":2,"name":"Shop","item":"https:\/\/www.gaudiosolutions.com\/en\/shop\/"},{"@type":"ListItem","position":3,"name":"O Circulo e a Janela (Interpretando a Fase)"}]},{"@type":"WebSite","@id":"https:\/\/www.gaudiosolutions.com\/#website","url":"https:\/\/www.gaudiosolutions.com\/","name":"Global Audio Solutions","description":"","potentialAction":[{"@type":"SearchAction","target":{"@type":"EntryPoint","urlTemplate":"https:\/\/www.gaudiosolutions.com\/?s={search_term_string}"},"query-input":{"@type":"PropertyValueSpecification","valueRequired":true,"valueName":"search_term_string"}}],"inLanguage":"en-US"}]}},"_links":{"self":[{"href":"https:\/\/www.gaudiosolutions.com\/en\/wp-json\/wp\/v2\/product\/8648","targetHints":{"allow":["GET"]}}],"collection":[{"href":"https:\/\/www.gaudiosolutions.com\/en\/wp-json\/wp\/v2\/product"}],"about":[{"href":"https:\/\/www.gaudiosolutions.com\/en\/wp-json\/wp\/v2\/types\/product"}],"replies":[{"embeddable":true,"href":"https:\/\/www.gaudiosolutions.com\/en\/wp-json\/wp\/v2\/comments?post=8648"}],"wp:featuredmedia":[{"embeddable":true,"href":"https:\/\/www.gaudiosolutions.com\/en\/wp-json\/wp\/v2\/media\/8424"}],"wp:attachment":[{"href":"https:\/\/www.gaudiosolutions.com\/en\/wp-json\/wp\/v2\/media?parent=8648"}],"wp:term":[{"taxonomy":"product_brand","embeddable":true,"href":"https:\/\/www.gaudiosolutions.com\/en\/wp-json\/wp\/v2\/product_brand?post=8648"},{"taxonomy":"product_cat","embeddable":true,"href":"https:\/\/www.gaudiosolutions.com\/en\/wp-json\/wp\/v2\/product_cat?post=8648"},{"taxonomy":"product_tag","embeddable":true,"href":"https:\/\/www.gaudiosolutions.com\/en\/wp-json\/wp\/v2\/product_tag?post=8648"}],"curies":[{"name":"wp","href":"https:\/\/api.w.org\/{rel}","templated":true}]}}