{"id":8724,"date":"2020-04-08T23:36:58","date_gmt":"2020-04-08T21:36:58","guid":{"rendered":"https:\/\/www.gaudiosolutions.com\/producto\/ajuste-de-sistemas-on-line\/"},"modified":"2026-04-09T11:24:23","modified_gmt":"2026-04-09T09:24:23","slug":"ajuste-de-sistemas-on-line","status":"publish","type":"product","link":"https:\/\/www.gaudiosolutions.com\/en\/producto\/ajuste-de-sistemas-on-line\/","title":{"rendered":"T\u00e9cnico de Sistemas para Espect\u00e1culos (On line)"},"content":{"rendered":"<p><span style=\"color: #cd573c;\"><strong>DURACI\u00d3N: <\/strong><\/span>30 horas<\/p>\n<p><span style=\"color: #cd573c;\"><strong>NIVEL:<\/strong> <\/span>Intermedio<\/p>\n<p><span style=\"color: #cd573c;\"><strong>PROFESOR:<\/strong><\/span> <span style=\"color: #ffffff;\"><a style=\"color: #ffffff;\" href=\"https:\/\/www.gaudiosolutions.com\/en\/about-us\/#profes1\" target=\"_blank\" rel=\"noopener noreferrer\">Pepe Ferrer<\/a><\/span><\/p>\n<p>&nbsp;<\/p>\n<p><span style=\"color: #cd573c;\"><strong>PRECIO:<\/strong> <\/span>250\u20ac<\/p>\n","protected":false},"excerpt":{"rendered":"<p>&nbsp;<\/p>\n<p class=\"p1\"><span class=\"s1\">El curso Ajuste de Sistemas estudia, a trav\u00e9s de ejemplos te\u00f3rico-pr\u00e1cticos, con herramientas virtuales, todos los conceptos claves para entender el comportamiento de los arreglos de altavoces a partir del an\u00e1lisis FFT.<\/span><\/p>\n<p class=\"p1\"><span class=\"s1\">Se usan las herramientas RiTA y Submap para realizar el seguimiento de los temarios y se proponen ejercicios al finalizar cada propuesta, que consolidan los conceptos desarrollados<\/span><\/p>\n<p class=\"p1\"><span class=\"s1\">Todos los bloques de estudio se realizan en directo de manera virtual y con interacci\u00f3n entre alumno y profesor. Adem\u00e1s una vez finalizado el bloque de seminario se sigue haciendo un seguimiento a trav\u00e9s de correo electr\u00f3nico<\/span><\/p>\n<p><span class=\"nmt_arial\">\u00a0<\/span><\/p>\n<p>Descarga la informaci\u00f3n y el temario\u00a0 <a href=\"https:\/\/www.gaudiosolutions.com\/wp-content\/uploads\/2026\/04\/TS-on-line.pdf\" target=\"_blank\" rel=\"noopener noreferrer\"><strong>aqu\u00ed<\/strong><\/a><\/p>\n<p>&nbsp;<\/p>\n<p>[vc_row row_type=&#8221;row&#8221; use_row_as_full_screen_section=&#8221;grid&#8221; type=&#8221;100%&#8221; text_align=&#8221;center&#8221; background_animation=&#8221;none&#8221; css_animation=&#8221;&#8221;][vc_column][vc_accordion active_tab=&#8221;false&#8221; collapsible=&#8221;yes&#8221; style=&#8221;boxed_accordion&#8221;][vc_accordion_tab title=&#8221;M\u00c1S INFORMACI\u00d3N&#8221; title_color=&#8221;#cf5636&#8243; background_color=&#8221;#424644&#8243; title_tag=&#8221;h6&#8243;][vc_row_inner row_type=&#8221;row&#8221; type=&#8221;100%&#8221; use_row_as_full_screen_section_slide=&#8221;100%&#8221; text_align=&#8221;center&#8221; css_animation=&#8221;&#8221;][vc_column_inner][vc_column_text][contact-form-7 id=\"5507\" title=\"T\u00c9CNICO_contact_es_online\"][\/vc_column_text][vc_empty_space height=&#8221;50px&#8221;][\/vc_column_inner][\/vc_row_inner][\/vc_accordion_tab][\/vc_accordion][\/vc_column][\/vc_row]<\/p>\n<p>&nbsp;<\/p>\n<p>&nbsp;<\/p>\n<p>&nbsp;<\/p>\n","protected":false},"featured_media":8130,"comment_status":"open","ping_status":"closed","template":"","meta":[],"product_brand":[],"product_cat":[123,124],"product_tag":[],"class_list":{"0":"post-8724","1":"product","2":"type-product","3":"status-publish","4":"has-post-thumbnail","6":"product_cat-online-courses","7":"product_cat-spanish","9":"first","10":"instock","11":"taxable","12":"shipping-taxable","13":"purchasable","14":"product-type-variable","15":"has-default-attributes"},"yoast_head":"<!-- This site is optimized with the Yoast SEO plugin v24.5 - https:\/\/yoast.com\/wordpress\/plugins\/seo\/ -->\n<title>T\u00e9cnico de Sistemas para Espect\u00e1culos (On line) - Global Audio Solutions<\/title>\n<meta name=\"description\" content=\"El curso Ajuste de Sistemas estudia, a trav\u00e9s de ejemplos te\u00f3rico-pr\u00e1cticos, con herramientas virtuales, todos los conceptos claves para entender el comportamiento de los arreglos de altavoces a partir del an\u00e1lisis FFT.\" \/>\n<meta name=\"robots\" content=\"index, follow, max-snippet:-1, max-image-preview:large, max-video-preview:-1\" \/>\n<link rel=\"canonical\" href=\"https:\/\/www.gaudiosolutions.com\/en\/producto\/ajuste-de-sistemas-on-line\/\" \/>\n<meta property=\"og:locale\" content=\"en_US\" \/>\n<meta property=\"og:type\" content=\"article\" \/>\n<meta property=\"og:title\" content=\"T\u00e9cnico de Sistemas para Espect\u00e1culos (On line) - Global Audio Solutions\" \/>\n<meta property=\"og:description\" content=\"El curso Ajuste de Sistemas estudia, a trav\u00e9s de ejemplos te\u00f3rico-pr\u00e1cticos, con herramientas virtuales, todos los conceptos claves para entender el comportamiento de los arreglos de altavoces a partir del an\u00e1lisis FFT.\" \/>\n<meta property=\"og:url\" content=\"https:\/\/www.gaudiosolutions.com\/en\/producto\/ajuste-de-sistemas-on-line\/\" \/>\n<meta property=\"og:site_name\" content=\"Global Audio Solutions\" \/>\n<meta property=\"article:modified_time\" content=\"2026-04-09T09:24:23+00:00\" \/>\n<meta property=\"og:image\" content=\"https:\/\/www.gaudiosolutions.com\/wp-content\/uploads\/2019\/02\/globalaudiosolutions_curs_tecnicoespectaculo.jpg\" \/>\n\t<meta property=\"og:image:width\" content=\"540\" \/>\n\t<meta property=\"og:image:height\" content=\"630\" \/>\n\t<meta property=\"og:image:type\" content=\"image\/jpeg\" \/>\n<meta name=\"twitter:card\" content=\"summary_large_image\" \/>\n<script type=\"application\/ld+json\" class=\"yoast-schema-graph\">{\"@context\":\"https:\/\/schema.org\",\"@graph\":[{\"@type\":\"WebPage\",\"@id\":\"https:\/\/www.gaudiosolutions.com\/en\/producto\/ajuste-de-sistemas-on-line\/\",\"url\":\"https:\/\/www.gaudiosolutions.com\/en\/producto\/ajuste-de-sistemas-on-line\/\",\"name\":\"T\u00e9cnico de Sistemas para Espect\u00e1culos (On line) - Global Audio Solutions\",\"isPartOf\":{\"@id\":\"https:\/\/www.gaudiosolutions.com\/#website\"},\"primaryImageOfPage\":{\"@id\":\"https:\/\/www.gaudiosolutions.com\/en\/producto\/ajuste-de-sistemas-on-line\/#primaryimage\"},\"image\":{\"@id\":\"https:\/\/www.gaudiosolutions.com\/en\/producto\/ajuste-de-sistemas-on-line\/#primaryimage\"},\"thumbnailUrl\":\"https:\/\/www.gaudiosolutions.com\/wp-content\/uploads\/2019\/02\/globalaudiosolutions_curs_tecnicoespectaculo.jpg\",\"datePublished\":\"2020-04-08T21:36:58+00:00\",\"dateModified\":\"2026-04-09T09:24:23+00:00\",\"description\":\"El curso Ajuste de Sistemas estudia, a trav\u00e9s de ejemplos te\u00f3rico-pr\u00e1cticos, con herramientas virtuales, todos los conceptos claves para entender el comportamiento de los arreglos de altavoces a partir del an\u00e1lisis FFT.\",\"breadcrumb\":{\"@id\":\"https:\/\/www.gaudiosolutions.com\/en\/producto\/ajuste-de-sistemas-on-line\/#breadcrumb\"},\"inLanguage\":\"en-US\",\"potentialAction\":[{\"@type\":\"ReadAction\",\"target\":[\"https:\/\/www.gaudiosolutions.com\/en\/producto\/ajuste-de-sistemas-on-line\/\"]}]},{\"@type\":\"ImageObject\",\"inLanguage\":\"en-US\",\"@id\":\"https:\/\/www.gaudiosolutions.com\/en\/producto\/ajuste-de-sistemas-on-line\/#primaryimage\",\"url\":\"https:\/\/www.gaudiosolutions.com\/wp-content\/uploads\/2019\/02\/globalaudiosolutions_curs_tecnicoespectaculo.jpg\",\"contentUrl\":\"https:\/\/www.gaudiosolutions.com\/wp-content\/uploads\/2019\/02\/globalaudiosolutions_curs_tecnicoespectaculo.jpg\",\"width\":540,\"height\":630},{\"@type\":\"BreadcrumbList\",\"@id\":\"https:\/\/www.gaudiosolutions.com\/en\/producto\/ajuste-de-sistemas-on-line\/#breadcrumb\",\"itemListElement\":[{\"@type\":\"ListItem\",\"position\":1,\"name\":\"Portada\",\"item\":\"https:\/\/www.gaudiosolutions.com\/en\/\"},{\"@type\":\"ListItem\",\"position\":2,\"name\":\"Shop\",\"item\":\"https:\/\/www.gaudiosolutions.com\/en\/shop\/\"},{\"@type\":\"ListItem\",\"position\":3,\"name\":\"T\u00e9cnico de Sistemas para Espect\u00e1culos (On line)\"}]},{\"@type\":\"WebSite\",\"@id\":\"https:\/\/www.gaudiosolutions.com\/#website\",\"url\":\"https:\/\/www.gaudiosolutions.com\/\",\"name\":\"Global Audio Solutions\",\"description\":\"\",\"potentialAction\":[{\"@type\":\"SearchAction\",\"target\":{\"@type\":\"EntryPoint\",\"urlTemplate\":\"https:\/\/www.gaudiosolutions.com\/?s={search_term_string}\"},\"query-input\":{\"@type\":\"PropertyValueSpecification\",\"valueRequired\":true,\"valueName\":\"search_term_string\"}}],\"inLanguage\":\"en-US\"}]}<\/script>\n<!-- \/ Yoast SEO plugin. -->","yoast_head_json":{"title":"T\u00e9cnico de Sistemas para Espect\u00e1culos (On line) - Global Audio Solutions","description":"El curso Ajuste de Sistemas estudia, a trav\u00e9s de ejemplos te\u00f3rico-pr\u00e1cticos, con herramientas virtuales, todos los conceptos claves para entender el comportamiento de los arreglos de altavoces a partir del an\u00e1lisis FFT.","robots":{"index":"index","follow":"follow","max-snippet":"max-snippet:-1","max-image-preview":"max-image-preview:large","max-video-preview":"max-video-preview:-1"},"canonical":"https:\/\/www.gaudiosolutions.com\/en\/producto\/ajuste-de-sistemas-on-line\/","og_locale":"en_US","og_type":"article","og_title":"T\u00e9cnico de Sistemas para Espect\u00e1culos (On line) - Global Audio Solutions","og_description":"El curso Ajuste de Sistemas estudia, a trav\u00e9s de ejemplos te\u00f3rico-pr\u00e1cticos, con herramientas virtuales, todos los conceptos claves para entender el comportamiento de los arreglos de altavoces a partir del an\u00e1lisis FFT.","og_url":"https:\/\/www.gaudiosolutions.com\/en\/producto\/ajuste-de-sistemas-on-line\/","og_site_name":"Global Audio Solutions","article_modified_time":"2026-04-09T09:24:23+00:00","og_image":[{"width":540,"height":630,"url":"https:\/\/www.gaudiosolutions.com\/wp-content\/uploads\/2019\/02\/globalaudiosolutions_curs_tecnicoespectaculo.jpg","type":"image\/jpeg"}],"twitter_card":"summary_large_image","schema":{"@context":"https:\/\/schema.org","@graph":[{"@type":"WebPage","@id":"https:\/\/www.gaudiosolutions.com\/en\/producto\/ajuste-de-sistemas-on-line\/","url":"https:\/\/www.gaudiosolutions.com\/en\/producto\/ajuste-de-sistemas-on-line\/","name":"T\u00e9cnico de Sistemas para Espect\u00e1culos (On line) - Global Audio Solutions","isPartOf":{"@id":"https:\/\/www.gaudiosolutions.com\/#website"},"primaryImageOfPage":{"@id":"https:\/\/www.gaudiosolutions.com\/en\/producto\/ajuste-de-sistemas-on-line\/#primaryimage"},"image":{"@id":"https:\/\/www.gaudiosolutions.com\/en\/producto\/ajuste-de-sistemas-on-line\/#primaryimage"},"thumbnailUrl":"https:\/\/www.gaudiosolutions.com\/wp-content\/uploads\/2019\/02\/globalaudiosolutions_curs_tecnicoespectaculo.jpg","datePublished":"2020-04-08T21:36:58+00:00","dateModified":"2026-04-09T09:24:23+00:00","description":"El curso Ajuste de Sistemas estudia, a trav\u00e9s de ejemplos te\u00f3rico-pr\u00e1cticos, con herramientas virtuales, todos los conceptos claves para entender el comportamiento de los arreglos de altavoces a partir del an\u00e1lisis FFT.","breadcrumb":{"@id":"https:\/\/www.gaudiosolutions.com\/en\/producto\/ajuste-de-sistemas-on-line\/#breadcrumb"},"inLanguage":"en-US","potentialAction":[{"@type":"ReadAction","target":["https:\/\/www.gaudiosolutions.com\/en\/producto\/ajuste-de-sistemas-on-line\/"]}]},{"@type":"ImageObject","inLanguage":"en-US","@id":"https:\/\/www.gaudiosolutions.com\/en\/producto\/ajuste-de-sistemas-on-line\/#primaryimage","url":"https:\/\/www.gaudiosolutions.com\/wp-content\/uploads\/2019\/02\/globalaudiosolutions_curs_tecnicoespectaculo.jpg","contentUrl":"https:\/\/www.gaudiosolutions.com\/wp-content\/uploads\/2019\/02\/globalaudiosolutions_curs_tecnicoespectaculo.jpg","width":540,"height":630},{"@type":"BreadcrumbList","@id":"https:\/\/www.gaudiosolutions.com\/en\/producto\/ajuste-de-sistemas-on-line\/#breadcrumb","itemListElement":[{"@type":"ListItem","position":1,"name":"Portada","item":"https:\/\/www.gaudiosolutions.com\/en\/"},{"@type":"ListItem","position":2,"name":"Shop","item":"https:\/\/www.gaudiosolutions.com\/en\/shop\/"},{"@type":"ListItem","position":3,"name":"T\u00e9cnico de Sistemas para Espect\u00e1culos (On line)"}]},{"@type":"WebSite","@id":"https:\/\/www.gaudiosolutions.com\/#website","url":"https:\/\/www.gaudiosolutions.com\/","name":"Global Audio Solutions","description":"","potentialAction":[{"@type":"SearchAction","target":{"@type":"EntryPoint","urlTemplate":"https:\/\/www.gaudiosolutions.com\/?s={search_term_string}"},"query-input":{"@type":"PropertyValueSpecification","valueRequired":true,"valueName":"search_term_string"}}],"inLanguage":"en-US"}]}},"_links":{"self":[{"href":"https:\/\/www.gaudiosolutions.com\/en\/wp-json\/wp\/v2\/product\/8724","targetHints":{"allow":["GET"]}}],"collection":[{"href":"https:\/\/www.gaudiosolutions.com\/en\/wp-json\/wp\/v2\/product"}],"about":[{"href":"https:\/\/www.gaudiosolutions.com\/en\/wp-json\/wp\/v2\/types\/product"}],"replies":[{"embeddable":true,"href":"https:\/\/www.gaudiosolutions.com\/en\/wp-json\/wp\/v2\/comments?post=8724"}],"wp:featuredmedia":[{"embeddable":true,"href":"https:\/\/www.gaudiosolutions.com\/en\/wp-json\/wp\/v2\/media\/8130"}],"wp:attachment":[{"href":"https:\/\/www.gaudiosolutions.com\/en\/wp-json\/wp\/v2\/media?parent=8724"}],"wp:term":[{"taxonomy":"product_brand","embeddable":true,"href":"https:\/\/www.gaudiosolutions.com\/en\/wp-json\/wp\/v2\/product_brand?post=8724"},{"taxonomy":"product_cat","embeddable":true,"href":"https:\/\/www.gaudiosolutions.com\/en\/wp-json\/wp\/v2\/product_cat?post=8724"},{"taxonomy":"product_tag","embeddable":true,"href":"https:\/\/www.gaudiosolutions.com\/en\/wp-json\/wp\/v2\/product_tag?post=8724"}],"curies":[{"name":"wp","href":"https:\/\/api.w.org\/{rel}","templated":true}]}}