{"id":8449,"date":"2019-02-18T12:29:36","date_gmt":"2019-02-18T11:29:36","guid":{"rendered":"https:\/\/www.gaudiosolutions.com\/quem-som-nos\/"},"modified":"2023-12-11T20:01:26","modified_gmt":"2023-12-11T19:01:26","slug":"quem-som-nos","status":"publish","type":"page","link":"https:\/\/www.gaudiosolutions.com\/pt-br\/quem-som-nos\/","title":{"rendered":"QUEM SOM N\u00d3S"},"content":{"rendered":"<div class=\"wpb-content-wrapper\"><p>[vc_row row_type=&#8221;row&#8221; use_row_as_full_screen_section=&#8221;no&#8221; type=&#8221;grid&#8221; text_align=&#8221;center&#8221; background_animation=&#8221;none&#8221;][vc_column][vc_empty_space height=&#8221;40px&#8221;][vc_column_text]<\/p>\n<h1 style=\"text-align: center;\">QUEM SOM N\u00d3S<\/h1>\n<p>[\/vc_column_text][vc_separator color=&#8221;#cf5636&#8243; type=&#8221;small&#8221; position=&#8221;center&#8221; border_style=&#8221;&#8221; thickness=&#8221;2&#8243;][vc_column_text]A Global Audio Solutions \u00e9 composta por pessoas comprometidas, desde seu per\u00edodo formativo, em estar na vanguarda e na lideran\u00e7a da inova\u00e7\u00e3o e desenvolvimento da pesquisa no mundo audiovisual.<\/p>\n<p>Essa preocupa\u00e7\u00e3o nos estimulou a oferecer conte\u00fados e ferramentas inovadoras j\u00e1 em 2008, ano em que realizamos nosso primeiro semin\u00e1rio. Desde ent\u00e3o, a nossa atividade e experi\u00eancia cresceram \u00e0 custa das demandas gerados por quem quer e requer os nossos servi\u00e7os.<\/p>\n<p>O resultado final desta evolu\u00e7\u00e3o mais do que satisfat\u00f3ria e longa \u00e9 a cria\u00e7\u00e3o da GLOBAL AUDIO SOLUTIONS (em 2019).<\/p>\n<p>A GAS reuni toda a nossa experi\u00eancia e queremos continuar a progredir nesse esfor\u00e7o inicial. Tamb\u00e9m nos envolvemos em investigar qualquer nova experi\u00eancia, em assumir inova\u00e7\u00f5es did\u00e1ticas e em n\u00e3o colocar limites na capacidade de integra\u00e7\u00e3o de ideias<\/p>\n<p>Estas palavras n\u00e3o pretendem embelezar uma apresenta\u00e7\u00e3o; s\u00e3o prop\u00f3sitos firmes que nascem da cren\u00e7a de que nosso conhecimento deve ser divulgado por meio de novos m\u00e9todos motivadores que promovem eficazes formas de fazer.<\/p>\n<p>As incessantes inova\u00e7\u00f5es tecnol\u00f3gicas e de conhecimento s\u00e3o analisadas pela nossa equipa docente assim que surgem e, ajustadas aos nossos crit\u00e9rios, procuram ser elementos potenciadores da cria\u00e7\u00e3o art\u00edstica.<\/p>\n<p>Essas sinergias e cumplicidade entre o mundo educacional e a experi\u00eancia profissional nos levaram a desenvolver nosso pr\u00f3prio software a partir de 2014. N\u00e3o apenas com a inten\u00e7\u00e3o de atender as expectativas do momento, mas com a ideia de pensar e desenvolver como devem ser as ferramentas do futuro.<\/p>\n<p>Dito isso, nos sentimos satisfeitos em oferecer nossos servi\u00e7os para e por profissionais.[\/vc_column_text][\/vc_column][\/vc_row][vc_row row_type=&#8221;row&#8221; use_row_as_full_screen_section=&#8221;no&#8221; type=&#8221;full_width&#8221; text_align=&#8221;left&#8221; background_animation=&#8221;none&#8221;][vc_column][vc_empty_space height=&#8221;75px&#8221;][\/vc_column][\/vc_row][vc_row row_type=&#8221;row&#8221; use_row_as_full_screen_section=&#8221;no&#8221; type=&#8221;grid&#8221; anchor=&#8221;profes1&#8243; text_align=&#8221;left&#8221; background_animation=&#8221;none&#8221;][vc_column width=&#8221;1\/3&#8243;][vc_single_image image=&#8221;10947&#8243; img_size=&#8221;full&#8221; alignment=&#8221;center&#8221; qode_css_animation=&#8221;&#8221;][vc_empty_space height=&#8221;20px&#8221;][vc_accordion active_tab=&#8221;false&#8221; collapsible=&#8221;yes&#8221; style=&#8221;boxed_accordion&#8221;][vc_accordion_tab title=&#8221;PEPE FERRER&#8221; title_tag=&#8221;h4&#8243; title_color=&#8221;#cf5636&#8243; background_color=&#8221;#424644&#8243;][vc_column_text]Engenheiro de Sistemas Audiovisuais. Atuante no mercado desde 1993 fazendo projetos, ajustes e mixagens para uma grande variedade de companhias e artistas tanto em produ\u00e7\u00f5es teatrais e musicais quanto em shows e eventos. Pepe Ferrer \u00e9 o criador e desenvolvedor dos softwares RiTA (An\u00e1lise FFT) e Submap (Modelagem Ac\u00fastica). Em 2014 escreveu, juntamente com Albert G. Dig\u00f3n, o livro: Sound System Configuration and Adjustments.[\/vc_column_text][\/vc_accordion_tab][\/vc_accordion][vc_empty_space height=&#8221;50px&#8221;][\/vc_column][vc_column width=&#8221;1\/3&#8243;][vc_single_image image=&#8221;1403&#8243; img_size=&#8221;full&#8221; alignment=&#8221;center&#8221; qode_css_animation=&#8221;&#8221;][vc_empty_space height=&#8221;20px&#8221;][vc_accordion active_tab=&#8221;false&#8221; collapsible=&#8221;yes&#8221; style=&#8221;boxed_accordion&#8221;][vc_accordion_tab title=&#8221;EFREN BELLOSTES&#8221; title_tag=&#8221;h4&#8243; title_color=&#8221;#cf5636&#8243; background_color=&#8221;#424644&#8243;][vc_column_text]Possui 19 anos de experi\u00eancia no setor audiovisual, dos quais os \u00faltimos 14, dedicados principalmente ao teatro, como t\u00e9cnico, chefe e designer de som e v\u00eddeo, tanto em empresas nacionais e internacionais, como em teatros p\u00fablicos e privados em Barcelona.[\/vc_column_text][\/vc_accordion_tab][\/vc_accordion][vc_empty_space height=&#8221;50px&#8221;][\/vc_column][vc_column width=&#8221;1\/3&#8243;][vc_single_image image=&#8221;5490&#8243; img_size=&#8221;full&#8221; qode_css_animation=&#8221;&#8221;][vc_empty_space height=&#8221;20px&#8221;][vc_accordion active_tab=&#8221;false&#8221; collapsible=&#8221;yes&#8221; style=&#8221;boxed_accordion&#8221;][vc_accordion_tab title=&#8221;EMIDIO BRAGA&#8221; title_tag=&#8221;h4&#8243; title_color=&#8221;#cf5636&#8243; background_color=&#8221;#424644&#8243;][vc_column_text]<\/p>\n<p class=\"p1\"><span class=\"s1\">Tem uma vida dedicada \u00e0 \u00e1rea de eventos, tendo iniciado a sua trajetoria na d\u00e9cada de 80. Em 1992 fundou a empresa Sonoriza Eventos, especializada em shows musicais, espet\u00e1culos de teatro e eventos desportivos. Hoje dedica-se principalmente \u00e0 consultoria e forma\u00e7\u00e3o na \u00e1rea da sonorizac\u00e3o ao vivo atuando em todo Brasil.<\/span><\/p>\n<p>[\/vc_column_text][\/vc_accordion_tab][\/vc_accordion][vc_empty_space height=&#8221;50px&#8221;][\/vc_column][\/vc_row][vc_row row_type=&#8221;row&#8221; use_row_as_full_screen_section=&#8221;no&#8221; type=&#8221;grid&#8221; anchor=&#8221;profes2&#8243; text_align=&#8221;left&#8221; background_animation=&#8221;none&#8221;][vc_column width=&#8221;1\/3&#8243;][vc_single_image image=&#8221;5487&#8243; img_size=&#8221;full&#8221; qode_css_animation=&#8221;&#8221;][vc_empty_space height=&#8221;20px&#8221;][vc_accordion active_tab=&#8221;false&#8221; collapsible=&#8221;yes&#8221; style=&#8221;boxed_accordion&#8221;][vc_accordion_tab title=&#8221;NUNO COELHO&#8221; title_tag=&#8221;h4&#8243; title_color=&#8221;#cf5636&#8243; background_color=&#8221;#424644&#8243;][vc_column_text]<\/p>\n<p class=\"p1\">Os seus estudos musicais levaram-no a interessar-se pela componente t\u00e9cnica do som h\u00e1 cerca de 15 anos. Vive no Porto (Portugal) e foi l\u00e1 que estudou engenharia inform\u00e1tica e posteriormente tecnologias de produ\u00e7\u00e3o e m\u00fasica, trabalhando sempre em paralelo no mundo do som ao vivo. Ao longo do tempo, dedicou grande parte do seu esfor\u00e7o ao design e otimiza\u00e7\u00e3o do sistema de som, tornando-se diretor t\u00e9cnico da locadora F-Som (Porto, Portugal) em 2016. Continua a mixar v\u00e1rios projetos musicais portugueses e a tocar e gravar com v\u00e1rios artistas.<\/p>\n<p>[\/vc_column_text][\/vc_accordion_tab][\/vc_accordion][vc_empty_space height=&#8221;50px&#8221;][\/vc_column][vc_column width=&#8221;1\/3&#8243;][vc_single_image image=&#8221;5731&#8243; img_size=&#8221;full&#8221; alignment=&#8221;center&#8221; qode_css_animation=&#8221;&#8221;][vc_empty_space height=&#8221;20px&#8221;][vc_accordion active_tab=&#8221;false&#8221; collapsible=&#8221;yes&#8221; style=&#8221;boxed_accordion&#8221;][vc_accordion_tab title=&#8221;GUS COSTANTINO&#8221; title_tag=&#8221;h4&#8243; title_color=&#8221;#cf5636&#8243; background_color=&#8221;#424644&#8243;][vc_column_text]Desde cedo a sua vida esteve relacionada com o mundo da arte e do som. Em 1999 ingressou como t\u00e9cnico na PIRA Estudios, C\u00f3rdoba (Argentina), onde durante 11 anos gravou mais de 700 \u00e1lbuns, tanto ao vivo como em est\u00fadio. Em 2012 formou-se Engenheiro de Grava\u00e7\u00e3o de Som em Santiago do Chile e realizou in\u00fameros concertos com os mais importantes artistas argentinos do momento. Desde 2015, essa uni\u00e3o com o mundo do som o levou a realizar diversos semin\u00e1rios internacionais no Chile, Argentina, Espanha, M\u00e9xico, Peru e EUA. Fruto destas forma\u00e7\u00f5es, desde 2019 dedica-se ao ensino especializado no mundo do \u00e1udio.[\/vc_column_text][\/vc_accordion_tab][\/vc_accordion][vc_empty_space height=&#8221;50px&#8221;][\/vc_column][vc_column width=&#8221;1\/3&#8243;][vc_single_image image=&#8221;6517&#8243; img_size=&#8221;540&#215;630&#8243; alignment=&#8221;center&#8221; qode_css_animation=&#8221;&#8221;][vc_empty_space height=&#8221;20px&#8221;][vc_accordion active_tab=&#8221;false&#8221; collapsible=&#8221;yes&#8221; style=&#8221;boxed_accordion&#8221;][vc_accordion_tab title=&#8221;ALBERTO SOSA&#8221; title_tag=&#8221;h4&#8243; title_color=&#8221;#cf5636&#8243; background_color=&#8221;#424644&#8243;][vc_column_text]Engenheiro T\u00e9cnico de Telecomunica\u00e7\u00f5es.<\/p>\n<p>Uma vida inteira dedicada ao setor profissional de \u00e1udio ao vivo, trabalhando como t\u00e9cnico de som e engenheiro de sistemas.<\/p>\n<p>A sua maior paix\u00e3o centra-se na investiga\u00e7\u00e3o, \u00e0 qual dedica grande parte do seu tempo, com o objetivo de utilizar, desenvolver e pensar as ferramentas mais adequadas para melhorar os sistemas de som.[\/vc_column_text][\/vc_accordion_tab][\/vc_accordion][vc_empty_space height=&#8221;50px&#8221;][\/vc_column][\/vc_row][vc_row row_type=&#8221;row&#8221; use_row_as_full_screen_section=&#8221;no&#8221; type=&#8221;grid&#8221; anchor=&#8221;profes2&#8243; text_align=&#8221;left&#8221; background_animation=&#8221;none&#8221;][vc_column width=&#8221;1\/3&#8243;][vc_single_image image=&#8221;547&#8243; img_size=&#8221;full&#8221; alignment=&#8221;center&#8221; qode_css_animation=&#8221;&#8221;][vc_empty_space height=&#8221;20px&#8221;][vc_accordion active_tab=&#8221;false&#8221; collapsible=&#8221;yes&#8221; style=&#8221;boxed_accordion&#8221;][vc_accordion_tab title=&#8221;DIOGO NUNES&#8221; title_tag=&#8221;h4&#8243; title_color=&#8221;#cf5636&#8243; background_color=&#8221;#424644&#8243;][vc_column_text]Come\u00e7ou a descarregar reboques e a empilhar altifalantes em Portugal em &#8217;98. Tem estado em todas as posi\u00e7\u00f5es num palco, bem como no controlo. Tem sido freelancer em numerosos eventos, festivais e tourn\u00e9es. Trabalhou com as bandas portuguesas Madredeus, Maria Jo\u00e3o, Cl\u00e3 e GNR. Vive em Barcelona desde 2004, onde trabalha como gestor de sistemas, operador PA ou coordenador RF em eventos corporativos, e colabora com o MotoGP desde 2009, pelo que tamb\u00e9m o pode encontrar numa unidade m\u00f3vel algures no mundo.[\/vc_column_text][\/vc_accordion_tab][\/vc_accordion][vc_empty_space height=&#8221;50px&#8221;][\/vc_column][vc_column width=&#8221;1\/3&#8243;][vc_single_image image=&#8221;14296&#8243; img_size=&#8221;full&#8221; alignment=&#8221;center&#8221;][vc_empty_space height=&#8221;20px&#8221;][vc_accordion active_tab=&#8221;false&#8221; collapsible=&#8221;yes&#8221; style=&#8221;boxed_accordion&#8221;][vc_accordion_tab title=&#8221;GUILLAUME TRAPP&#8221; title_tag=&#8221;h4&#8243; title_color=&#8221;#cf5636&#8243; background_color=&#8221;#424644&#8243;][vc_column_text][\/vc_column_text][\/vc_accordion_tab][\/vc_accordion][vc_empty_space height=&#8221;50px&#8221;][\/vc_column][vc_column width=&#8221;1\/3&#8243;][vc_single_image image=&#8221;14292&#8243; img_size=&#8221;full&#8221; alignment=&#8221;center&#8221;][vc_empty_space height=&#8221;20px&#8221;][vc_accordion active_tab=&#8221;false&#8221; collapsible=&#8221;yes&#8221; style=&#8221;boxed_accordion&#8221;][vc_accordion_tab title=&#8221;MARIO PEREZ&#8221; title_tag=&#8221;h4&#8243; title_color=&#8221;#cf5636&#8243; background_color=&#8221;#424644&#8243;][vc_column_text]PhD em Engenharia de Telecomunica\u00e7\u00f5es pela Universidade de M\u00e1laga. Atualmente, ele \u00e9 professor na universidade. Ele tem ampla experi\u00eancia no setor de \u00e1udio, tendo passado muitos anos trabalhando com design de som, design de som e ajuste de sistemas. Mario P\u00e9rez \u00e9 respons\u00e1vel pela integra\u00e7\u00e3o de processadores no Rita, al\u00e9m de ser o desenvolvedor de alguns algoritmos de alinhamento e equaliza\u00e7\u00e3o autom\u00e1ticos.[\/vc_column_text][\/vc_accordion_tab][\/vc_accordion][\/vc_column][\/vc_row]<\/p>\n<\/div>","protected":false},"excerpt":{"rendered":"<p>[vc_row row_type=&#8221;row&#8221; use_row_as_full_screen_section=&#8221;no&#8221; type=&#8221;grid&#8221; text_align=&#8221;center&#8221; background_animation=&#8221;none&#8221;][vc_column][vc_empty_space height=&#8221;40px&#8221;][vc_column_text] QUEM SOM N\u00d3S [\/vc_column_text][vc_separator color=&#8221;#cf5636&#8243; type=&#8221;small&#8221; position=&#8221;center&#8221; border_style=&#8221;&#8221; thickness=&#8221;2&#8243;][vc_column_text]A Global Audio Solutions \u00e9 composta por pessoas comprometidas, desde seu per\u00edodo formativo, em estar&#8230;<\/p>\n","protected":false},"author":1,"featured_media":0,"parent":0,"menu_order":0,"comment_status":"closed","ping_status":"closed","template":"full_width.php","meta":{"footnotes":""},"class_list":["post-8449","page","type-page","status-publish","hentry"],"yoast_head":"<!-- This site is optimized with the Yoast SEO plugin v24.5 - https:\/\/yoast.com\/wordpress\/plugins\/seo\/ -->\n<title>QUEM SOM N\u00d3S | Global Audio Solutions Software e treinamento<\/title>\n<meta name=\"description\" content=\"A Global Audio Solutions \u00e9 formada por profissionais da \u00e1rea audiovisual. Pessoas capazes de contribuir com conhecimento para a pesquisa no mundo audiovisual\" \/>\n<meta name=\"robots\" content=\"index, follow, max-snippet:-1, max-image-preview:large, max-video-preview:-1\" \/>\n<link rel=\"canonical\" href=\"https:\/\/www.gaudiosolutions.com\/pt-br\/quem-som-nos\/\" \/>\n<meta property=\"og:locale\" content=\"pt_BR\" \/>\n<meta property=\"og:type\" content=\"article\" \/>\n<meta property=\"og:title\" content=\"QUEM SOM N\u00d3S | Global Audio Solutions Software e treinamento\" \/>\n<meta property=\"og:description\" content=\"A Global Audio Solutions \u00e9 formada por profissionais da \u00e1rea audiovisual. Pessoas capazes de contribuir com conhecimento para a pesquisa no mundo audiovisual\" \/>\n<meta property=\"og:url\" content=\"https:\/\/www.gaudiosolutions.com\/pt-br\/quem-som-nos\/\" \/>\n<meta property=\"og:site_name\" content=\"Global Audio Solutions\" \/>\n<meta property=\"article:modified_time\" content=\"2023-12-11T19:01:26+00:00\" \/>\n<meta name=\"twitter:card\" content=\"summary_large_image\" \/>\n<meta name=\"twitter:label1\" content=\"Est. tempo de leitura\" \/>\n\t<meta name=\"twitter:data1\" content=\"8 minutos\" \/>\n<script type=\"application\/ld+json\" class=\"yoast-schema-graph\">{\"@context\":\"https:\/\/schema.org\",\"@graph\":[{\"@type\":\"WebPage\",\"@id\":\"https:\/\/www.gaudiosolutions.com\/pt-br\/quem-som-nos\/\",\"url\":\"https:\/\/www.gaudiosolutions.com\/pt-br\/quem-som-nos\/\",\"name\":\"QUEM SOM N\u00d3S | Global Audio Solutions Software e treinamento\",\"isPartOf\":{\"@id\":\"https:\/\/www.gaudiosolutions.com\/#website\"},\"datePublished\":\"2019-02-18T11:29:36+00:00\",\"dateModified\":\"2023-12-11T19:01:26+00:00\",\"description\":\"A Global Audio Solutions \u00e9 formada por profissionais da \u00e1rea audiovisual. Pessoas capazes de contribuir com conhecimento para a pesquisa no mundo audiovisual\",\"breadcrumb\":{\"@id\":\"https:\/\/www.gaudiosolutions.com\/pt-br\/quem-som-nos\/#breadcrumb\"},\"inLanguage\":\"pt-BR\",\"potentialAction\":[{\"@type\":\"ReadAction\",\"target\":[\"https:\/\/www.gaudiosolutions.com\/pt-br\/quem-som-nos\/\"]}]},{\"@type\":\"BreadcrumbList\",\"@id\":\"https:\/\/www.gaudiosolutions.com\/pt-br\/quem-som-nos\/#breadcrumb\",\"itemListElement\":[{\"@type\":\"ListItem\",\"position\":1,\"name\":\"Portada\",\"item\":\"https:\/\/www.gaudiosolutions.com\/pt-br\/\"},{\"@type\":\"ListItem\",\"position\":2,\"name\":\"QUEM SOM N\u00d3S\"}]},{\"@type\":\"WebSite\",\"@id\":\"https:\/\/www.gaudiosolutions.com\/#website\",\"url\":\"https:\/\/www.gaudiosolutions.com\/\",\"name\":\"Global Audio Solutions\",\"description\":\"\",\"potentialAction\":[{\"@type\":\"SearchAction\",\"target\":{\"@type\":\"EntryPoint\",\"urlTemplate\":\"https:\/\/www.gaudiosolutions.com\/?s={search_term_string}\"},\"query-input\":{\"@type\":\"PropertyValueSpecification\",\"valueRequired\":true,\"valueName\":\"search_term_string\"}}],\"inLanguage\":\"pt-BR\"}]}<\/script>\n<!-- \/ Yoast SEO plugin. -->","yoast_head_json":{"title":"QUEM SOM N\u00d3S | Global Audio Solutions Software e treinamento","description":"A Global Audio Solutions \u00e9 formada por profissionais da \u00e1rea audiovisual. Pessoas capazes de contribuir com conhecimento para a pesquisa no mundo audiovisual","robots":{"index":"index","follow":"follow","max-snippet":"max-snippet:-1","max-image-preview":"max-image-preview:large","max-video-preview":"max-video-preview:-1"},"canonical":"https:\/\/www.gaudiosolutions.com\/pt-br\/quem-som-nos\/","og_locale":"pt_BR","og_type":"article","og_title":"QUEM SOM N\u00d3S | Global Audio Solutions Software e treinamento","og_description":"A Global Audio Solutions \u00e9 formada por profissionais da \u00e1rea audiovisual. Pessoas capazes de contribuir com conhecimento para a pesquisa no mundo audiovisual","og_url":"https:\/\/www.gaudiosolutions.com\/pt-br\/quem-som-nos\/","og_site_name":"Global Audio Solutions","article_modified_time":"2023-12-11T19:01:26+00:00","twitter_card":"summary_large_image","twitter_misc":{"Est. tempo de leitura":"8 minutos"},"schema":{"@context":"https:\/\/schema.org","@graph":[{"@type":"WebPage","@id":"https:\/\/www.gaudiosolutions.com\/pt-br\/quem-som-nos\/","url":"https:\/\/www.gaudiosolutions.com\/pt-br\/quem-som-nos\/","name":"QUEM SOM N\u00d3S | Global Audio Solutions Software e treinamento","isPartOf":{"@id":"https:\/\/www.gaudiosolutions.com\/#website"},"datePublished":"2019-02-18T11:29:36+00:00","dateModified":"2023-12-11T19:01:26+00:00","description":"A Global Audio Solutions \u00e9 formada por profissionais da \u00e1rea audiovisual. Pessoas capazes de contribuir com conhecimento para a pesquisa no mundo audiovisual","breadcrumb":{"@id":"https:\/\/www.gaudiosolutions.com\/pt-br\/quem-som-nos\/#breadcrumb"},"inLanguage":"pt-BR","potentialAction":[{"@type":"ReadAction","target":["https:\/\/www.gaudiosolutions.com\/pt-br\/quem-som-nos\/"]}]},{"@type":"BreadcrumbList","@id":"https:\/\/www.gaudiosolutions.com\/pt-br\/quem-som-nos\/#breadcrumb","itemListElement":[{"@type":"ListItem","position":1,"name":"Portada","item":"https:\/\/www.gaudiosolutions.com\/pt-br\/"},{"@type":"ListItem","position":2,"name":"QUEM SOM N\u00d3S"}]},{"@type":"WebSite","@id":"https:\/\/www.gaudiosolutions.com\/#website","url":"https:\/\/www.gaudiosolutions.com\/","name":"Global Audio Solutions","description":"","potentialAction":[{"@type":"SearchAction","target":{"@type":"EntryPoint","urlTemplate":"https:\/\/www.gaudiosolutions.com\/?s={search_term_string}"},"query-input":{"@type":"PropertyValueSpecification","valueRequired":true,"valueName":"search_term_string"}}],"inLanguage":"pt-BR"}]}},"_links":{"self":[{"href":"https:\/\/www.gaudiosolutions.com\/pt-br\/wp-json\/wp\/v2\/pages\/8449","targetHints":{"allow":["GET"]}}],"collection":[{"href":"https:\/\/www.gaudiosolutions.com\/pt-br\/wp-json\/wp\/v2\/pages"}],"about":[{"href":"https:\/\/www.gaudiosolutions.com\/pt-br\/wp-json\/wp\/v2\/types\/page"}],"author":[{"embeddable":true,"href":"https:\/\/www.gaudiosolutions.com\/pt-br\/wp-json\/wp\/v2\/users\/1"}],"replies":[{"embeddable":true,"href":"https:\/\/www.gaudiosolutions.com\/pt-br\/wp-json\/wp\/v2\/comments?post=8449"}],"version-history":[{"count":0,"href":"https:\/\/www.gaudiosolutions.com\/pt-br\/wp-json\/wp\/v2\/pages\/8449\/revisions"}],"wp:attachment":[{"href":"https:\/\/www.gaudiosolutions.com\/pt-br\/wp-json\/wp\/v2\/media?parent=8449"}],"curies":[{"name":"wp","href":"https:\/\/api.w.org\/{rel}","templated":true}]}}