{"id":8452,"date":"2019-02-18T12:29:51","date_gmt":"2019-02-18T11:29:51","guid":{"rendered":"https:\/\/www.gaudiosolutions.com\/cursos\/"},"modified":"2022-04-06T21:41:10","modified_gmt":"2022-04-06T19:41:10","slug":"cursos","status":"publish","type":"page","link":"https:\/\/www.gaudiosolutions.com\/pt-br\/cursos\/","title":{"rendered":"CURSOS"},"content":{"rendered":"<div class=\"wpb-content-wrapper\"><p>[vc_row row_type=&#8221;row&#8221; use_row_as_full_screen_section=&#8221;no&#8221; type=&#8221;full_width&#8221; text_align=&#8221;center&#8221; background_animation=&#8221;none&#8221; side_padding=&#8221;50&#8243; css_animation=&#8221;&#8221;][vc_column][vc_empty_space height=&#8221;40px&#8221;][vc_column_text]<\/p>\n<h1 style=\"text-align: center;\">CURSOS<\/h1>\n<p>[\/vc_column_text][vc_separator type=&#8221;small&#8221; position=&#8221;center&#8221; color=&#8221;#cf5636&#8243; border_style=&#8221;&#8221; thickness=&#8221;2&#8243;][vc_column_text]<\/p>\n<p style=\"text-align: center;\">Na Global Audio Solutions, trabalhamos constantemente para melhorar a efici\u00eancia de nossos cursos e adapt\u00e1-los \u00e0s crescentes mudan\u00e7as que est\u00e3o ocorrendo em nosso mundo audiovisual.<\/p>\n<p style=\"text-align: center;\">O grau de satisfa\u00e7\u00e3o que os participantes sempre nos demonstram, \u00e9 a energia que nos permite desenvolver, cada vez, conte\u00fados de maior qualidade.<\/p>\n<p style=\"text-align: center;\"><span class=\"nmt_arial\"> <\/span><\/p>\n<p>[\/vc_column_text][vc_empty_space height=&#8221;75px&#8221;][\/vc_column][\/vc_row][vc_row row_type=&#8221;row&#8221; use_row_as_full_screen_section=&#8221;no&#8221; type=&#8221;grid&#8221; text_align=&#8221;center&#8221; background_animation=&#8221;none&#8221; padding_top=&#8221;20&#8243; css_animation=&#8221;&#8221;][vc_column]<div class=\"woocommerce columns-4 \"><ul class=\"products columns-4 clearfix simple\">\n        <li class=\"post-8796 product type-product status-publish has-post-thumbnail product_cat-curso-pt first instock taxable shipping-taxable purchasable product-type-variable has-default-attributes\" >\n            <div class=\"qodef-product-simple-holder\">\n                <a href=\"https:\/\/www.gaudiosolutions.com\/pt-br\/producto\/diseno-y-optimizacion-de-sistemas\/\" class=\"woocommerce-LoopProduct-link woocommerce-loop-product__link\">\n                <img loading=\"lazy\" decoding=\"async\" width=\"300\" height=\"300\" src=\"https:\/\/www.gaudiosolutions.com\/wp-content\/uploads\/2019\/02\/globalaudiosolutions_curs_disenooptimizacion-300x300.jpg\" class=\"attachment-woocommerce_thumbnail size-woocommerce_thumbnail\" alt=\"\" srcset=\"https:\/\/www.gaudiosolutions.com\/wp-content\/uploads\/2019\/02\/globalaudiosolutions_curs_disenooptimizacion-300x300.jpg 300w, https:\/\/www.gaudiosolutions.com\/wp-content\/uploads\/2019\/02\/globalaudiosolutions_curs_disenooptimizacion-150x150.jpg 150w, https:\/\/www.gaudiosolutions.com\/wp-content\/uploads\/2019\/02\/globalaudiosolutions_curs_disenooptimizacion-500x500.jpg 500w, https:\/\/www.gaudiosolutions.com\/wp-content\/uploads\/2019\/02\/globalaudiosolutions_curs_disenooptimizacion-100x100.jpg 100w\" sizes=\"auto, (max-width: 300px) 100vw, 300px\" \/>\n                <\/a>            <\/div>\n            <div class=\"qodef-product-simple-overlay\">\n                <div class=\"qodef-product-simple-overlay-outer\">\n                    <div class=\"qodef-product-simple-overlay-inner\">\n                        <a href=\"https:\/\/www.gaudiosolutions.com\/pt-br\/producto\/diseno-y-optimizacion-de-sistemas\/\" class=\"woocommerce-LoopProduct-link woocommerce-loop-product__link\"><\/a>                        <div class=\"qodef-product-standard-title\">\n                            <a href=\"https:\/\/www.gaudiosolutions.com\/pt-br\/producto\/diseno-y-optimizacion-de-sistemas\/\" class=\"woocommerce-LoopProduct-link woocommerce-loop-product__link\"><h2 class=\"woocommerce-loop-product__title\">Desenho e Otimiza\u00e7\u00e3o de Sistemas<\/h2><\/a>                        <\/div>\n                        \n\t<span class=\"price\"><span class=\"woocommerce-Price-amount amount\"><bdi>500,00<span class=\"woocommerce-Price-currencySymbol\">&euro;<\/span><\/bdi><\/span> &ndash; <span class=\"woocommerce-Price-amount amount\"><bdi>680,00<span class=\"woocommerce-Price-currencySymbol\">&euro;<\/span><\/bdi><\/span><\/span>\n                    <\/div>\n                <\/div>\n            <\/div>\n        <\/li>\n        \n        <li class=\"post-8801 product type-product status-publish has-post-thumbnail product_cat-curso-pt  instock taxable shipping-taxable product-type-variable has-default-attributes\" >\n            <div class=\"qodef-product-simple-holder\">\n                <a href=\"https:\/\/www.gaudiosolutions.com\/pt-br\/producto\/tecnico-de-sistemas-para-espectaculos\/\" class=\"woocommerce-LoopProduct-link woocommerce-loop-product__link\">\n                <img loading=\"lazy\" decoding=\"async\" width=\"300\" height=\"300\" src=\"https:\/\/www.gaudiosolutions.com\/wp-content\/uploads\/2019\/02\/globalaudiosolutions_curs_tecnicoespectaculo-300x300.jpg\" class=\"attachment-woocommerce_thumbnail size-woocommerce_thumbnail\" alt=\"\" srcset=\"https:\/\/www.gaudiosolutions.com\/wp-content\/uploads\/2019\/02\/globalaudiosolutions_curs_tecnicoespectaculo-300x300.jpg 300w, https:\/\/www.gaudiosolutions.com\/wp-content\/uploads\/2019\/02\/globalaudiosolutions_curs_tecnicoespectaculo-150x150.jpg 150w, https:\/\/www.gaudiosolutions.com\/wp-content\/uploads\/2019\/02\/globalaudiosolutions_curs_tecnicoespectaculo-500x500.jpg 500w, https:\/\/www.gaudiosolutions.com\/wp-content\/uploads\/2019\/02\/globalaudiosolutions_curs_tecnicoespectaculo-100x100.jpg 100w\" sizes=\"auto, (max-width: 300px) 100vw, 300px\" \/>\n                <\/a>            <\/div>\n            <div class=\"qodef-product-simple-overlay\">\n                <div class=\"qodef-product-simple-overlay-outer\">\n                    <div class=\"qodef-product-simple-overlay-inner\">\n                        <a href=\"https:\/\/www.gaudiosolutions.com\/pt-br\/producto\/tecnico-de-sistemas-para-espectaculos\/\" class=\"woocommerce-LoopProduct-link woocommerce-loop-product__link\"><\/a>                        <div class=\"qodef-product-standard-title\">\n                            <a href=\"https:\/\/www.gaudiosolutions.com\/pt-br\/producto\/tecnico-de-sistemas-para-espectaculos\/\" class=\"woocommerce-LoopProduct-link woocommerce-loop-product__link\"><h2 class=\"woocommerce-loop-product__title\">T\u00e9cnico de Sistemas para Espet\u00e1culos<\/h2><\/a>                        <\/div>\n                        \n                    <\/div>\n                <\/div>\n            <\/div>\n        <\/li>\n        \n        <li class=\"post-8819 product type-product status-publish has-post-thumbnail product_cat-curso-pt  instock taxable shipping-taxable product-type-variable\" >\n            <div class=\"qodef-product-simple-holder\">\n                <a href=\"https:\/\/www.gaudiosolutions.com\/pt-br\/producto\/redes-y-protocolos-audiovisuales\/\" class=\"woocommerce-LoopProduct-link woocommerce-loop-product__link\">\n                <img loading=\"lazy\" decoding=\"async\" width=\"300\" height=\"300\" src=\"https:\/\/www.gaudiosolutions.com\/wp-content\/uploads\/2019\/02\/globalaudiosolutions_curs_redes-300x300.jpg\" class=\"attachment-woocommerce_thumbnail size-woocommerce_thumbnail\" alt=\"\" srcset=\"https:\/\/www.gaudiosolutions.com\/wp-content\/uploads\/2019\/02\/globalaudiosolutions_curs_redes-300x300.jpg 300w, https:\/\/www.gaudiosolutions.com\/wp-content\/uploads\/2019\/02\/globalaudiosolutions_curs_redes-150x150.jpg 150w, https:\/\/www.gaudiosolutions.com\/wp-content\/uploads\/2019\/02\/globalaudiosolutions_curs_redes-500x500.jpg 500w, https:\/\/www.gaudiosolutions.com\/wp-content\/uploads\/2019\/02\/globalaudiosolutions_curs_redes-100x100.jpg 100w\" sizes=\"auto, (max-width: 300px) 100vw, 300px\" \/>\n                <\/a>            <\/div>\n            <div class=\"qodef-product-simple-overlay\">\n                <div class=\"qodef-product-simple-overlay-outer\">\n                    <div class=\"qodef-product-simple-overlay-inner\">\n                        <a href=\"https:\/\/www.gaudiosolutions.com\/pt-br\/producto\/redes-y-protocolos-audiovisuales\/\" class=\"woocommerce-LoopProduct-link woocommerce-loop-product__link\"><\/a>                        <div class=\"qodef-product-standard-title\">\n                            <a href=\"https:\/\/www.gaudiosolutions.com\/pt-br\/producto\/redes-y-protocolos-audiovisuales\/\" class=\"woocommerce-LoopProduct-link woocommerce-loop-product__link\"><h2 class=\"woocommerce-loop-product__title\">Redes e Protocolos Audiovisuais<\/h2><\/a>                        <\/div>\n                        \n                    <\/div>\n                <\/div>\n            <\/div>\n        <\/li>\n        \n        <li class=\"post-8825 product type-product status-publish has-post-thumbnail product_cat-curso-pt last instock taxable shipping-taxable product-type-variable\" >\n            <div class=\"qodef-product-simple-holder\">\n                <a href=\"https:\/\/www.gaudiosolutions.com\/pt-br\/producto\/coordinacion-de-radiofrecuencia\/\" class=\"woocommerce-LoopProduct-link woocommerce-loop-product__link\">\n                <img loading=\"lazy\" decoding=\"async\" width=\"300\" height=\"300\" src=\"https:\/\/www.gaudiosolutions.com\/wp-content\/uploads\/2019\/02\/globalaudiosolutions_curs_radiofrecuencia-300x300.jpg\" class=\"attachment-woocommerce_thumbnail size-woocommerce_thumbnail\" alt=\"\" srcset=\"https:\/\/www.gaudiosolutions.com\/wp-content\/uploads\/2019\/02\/globalaudiosolutions_curs_radiofrecuencia-300x300.jpg 300w, https:\/\/www.gaudiosolutions.com\/wp-content\/uploads\/2019\/02\/globalaudiosolutions_curs_radiofrecuencia-150x150.jpg 150w, https:\/\/www.gaudiosolutions.com\/wp-content\/uploads\/2019\/02\/globalaudiosolutions_curs_radiofrecuencia-500x500.jpg 500w, https:\/\/www.gaudiosolutions.com\/wp-content\/uploads\/2019\/02\/globalaudiosolutions_curs_radiofrecuencia-100x100.jpg 100w\" sizes=\"auto, (max-width: 300px) 100vw, 300px\" \/>\n                <\/a>            <\/div>\n            <div class=\"qodef-product-simple-overlay\">\n                <div class=\"qodef-product-simple-overlay-outer\">\n                    <div class=\"qodef-product-simple-overlay-inner\">\n                        <a href=\"https:\/\/www.gaudiosolutions.com\/pt-br\/producto\/coordinacion-de-radiofrecuencia\/\" class=\"woocommerce-LoopProduct-link woocommerce-loop-product__link\"><\/a>                        <div class=\"qodef-product-standard-title\">\n                            <a href=\"https:\/\/www.gaudiosolutions.com\/pt-br\/producto\/coordinacion-de-radiofrecuencia\/\" class=\"woocommerce-LoopProduct-link woocommerce-loop-product__link\"><h2 class=\"woocommerce-loop-product__title\">COORDENA\u00c7\u00c3O DE R\u00c1DIO FREQU\u00caNCIA<\/h2><\/a>                        <\/div>\n                        \n                    <\/div>\n                <\/div>\n            <\/div>\n        <\/li>\n        \n        <li class=\"post-8832 product type-product status-publish has-post-thumbnail product_cat-curso-pt first instock taxable shipping-taxable purchasable product-type-variable\" >\n            <div class=\"qodef-product-simple-holder\">\n                <a href=\"https:\/\/www.gaudiosolutions.com\/pt-br\/producto\/diseno-programacion-y-conectividad-q-lab4-2\/\" class=\"woocommerce-LoopProduct-link woocommerce-loop-product__link\">\n                <img loading=\"lazy\" decoding=\"async\" width=\"300\" height=\"300\" src=\"https:\/\/www.gaudiosolutions.com\/wp-content\/uploads\/2019\/02\/globalaudiosolutions_curs_qlab-300x300.jpg\" class=\"attachment-woocommerce_thumbnail size-woocommerce_thumbnail\" alt=\"\" srcset=\"https:\/\/www.gaudiosolutions.com\/wp-content\/uploads\/2019\/02\/globalaudiosolutions_curs_qlab-300x300.jpg 300w, https:\/\/www.gaudiosolutions.com\/wp-content\/uploads\/2019\/02\/globalaudiosolutions_curs_qlab-150x150.jpg 150w, https:\/\/www.gaudiosolutions.com\/wp-content\/uploads\/2019\/02\/globalaudiosolutions_curs_qlab-500x500.jpg 500w, https:\/\/www.gaudiosolutions.com\/wp-content\/uploads\/2019\/02\/globalaudiosolutions_curs_qlab-100x100.jpg 100w\" sizes=\"auto, (max-width: 300px) 100vw, 300px\" \/>\n                <\/a>            <\/div>\n            <div class=\"qodef-product-simple-overlay\">\n                <div class=\"qodef-product-simple-overlay-outer\">\n                    <div class=\"qodef-product-simple-overlay-inner\">\n                        <a href=\"https:\/\/www.gaudiosolutions.com\/pt-br\/producto\/diseno-programacion-y-conectividad-q-lab4-2\/\" class=\"woocommerce-LoopProduct-link woocommerce-loop-product__link\"><\/a>                        <div class=\"qodef-product-standard-title\">\n                            <a href=\"https:\/\/www.gaudiosolutions.com\/pt-br\/producto\/diseno-programacion-y-conectividad-q-lab4-2\/\" class=\"woocommerce-LoopProduct-link woocommerce-loop-product__link\"><h2 class=\"woocommerce-loop-product__title\">DESENHO, PROGRAMA\u00c7\u00c3O E CONECTIVIDADE, Q-LAB4<\/h2><\/a>                        <\/div>\n                        \n\t<span class=\"price\"><span class=\"woocommerce-Price-amount amount\"><bdi>200,00<span class=\"woocommerce-Price-currencySymbol\">&euro;<\/span><\/bdi><\/span><\/span>\n                    <\/div>\n                <\/div>\n            <\/div>\n        <\/li>\n        \n        <li class=\"post-9198 product type-product status-publish has-post-thumbnail product_cat-curso-pt  instock taxable shipping-taxable purchasable product-type-variable has-default-attributes\" >\n            <div class=\"qodef-product-simple-holder\">\n                <a href=\"https:\/\/www.gaudiosolutions.com\/pt-br\/producto\/operador-rita-presencial\/\" class=\"woocommerce-LoopProduct-link woocommerce-loop-product__link\">\n                <img loading=\"lazy\" decoding=\"async\" width=\"300\" height=\"300\" src=\"https:\/\/www.gaudiosolutions.com\/wp-content\/uploads\/2019\/02\/globalaudiosolutions_app_rita-300x300.jpg\" class=\"attachment-woocommerce_thumbnail size-woocommerce_thumbnail\" alt=\"\" srcset=\"https:\/\/www.gaudiosolutions.com\/wp-content\/uploads\/2019\/02\/globalaudiosolutions_app_rita-300x300.jpg 300w, https:\/\/www.gaudiosolutions.com\/wp-content\/uploads\/2019\/02\/globalaudiosolutions_app_rita-150x150.jpg 150w, https:\/\/www.gaudiosolutions.com\/wp-content\/uploads\/2019\/02\/globalaudiosolutions_app_rita-500x500.jpg 500w, https:\/\/www.gaudiosolutions.com\/wp-content\/uploads\/2019\/02\/globalaudiosolutions_app_rita-100x100.jpg 100w\" sizes=\"auto, (max-width: 300px) 100vw, 300px\" \/>\n                <\/a>            <\/div>\n            <div class=\"qodef-product-simple-overlay\">\n                <div class=\"qodef-product-simple-overlay-outer\">\n                    <div class=\"qodef-product-simple-overlay-inner\">\n                        <a href=\"https:\/\/www.gaudiosolutions.com\/pt-br\/producto\/operador-rita-presencial\/\" class=\"woocommerce-LoopProduct-link woocommerce-loop-product__link\"><\/a>                        <div class=\"qodef-product-standard-title\">\n                            <a href=\"https:\/\/www.gaudiosolutions.com\/pt-br\/producto\/operador-rita-presencial\/\" class=\"woocommerce-LoopProduct-link woocommerce-loop-product__link\"><h2 class=\"woocommerce-loop-product__title\">Operador RiTA<\/h2><\/a>                        <\/div>\n                        \n                    <\/div>\n                <\/div>\n            <\/div>\n        <\/li>\n        <\/ul>\n<\/div>[\/vc_column][\/vc_row][vc_row row_type=&#8221;row&#8221; use_row_as_full_screen_section=&#8221;no&#8221; type=&#8221;full_width&#8221; text_align=&#8221;left&#8221; background_animation=&#8221;none&#8221; css_animation=&#8221;&#8221;][vc_column][vc_empty_space height=&#8221;75px&#8221;][\/vc_column][\/vc_row]<\/p>\n<\/div>","protected":false},"excerpt":{"rendered":"<p>[vc_row row_type=&#8221;row&#8221; use_row_as_full_screen_section=&#8221;no&#8221; type=&#8221;full_width&#8221; text_align=&#8221;center&#8221; background_animation=&#8221;none&#8221; side_padding=&#8221;50&#8243; css_animation=&#8221;&#8221;][vc_column][vc_empty_space height=&#8221;40px&#8221;][vc_column_text] CURSOS [\/vc_column_text][vc_separator type=&#8221;small&#8221; position=&#8221;center&#8221; color=&#8221;#cf5636&#8243; border_style=&#8221;&#8221; thickness=&#8221;2&#8243;][vc_column_text] Na Global Audio Solutions, trabalhamos constantemente para melhorar a efici\u00eancia de nossos cursos e&#8230;<\/p>\n","protected":false},"author":1,"featured_media":0,"parent":0,"menu_order":0,"comment_status":"closed","ping_status":"closed","template":"full_width.php","meta":{"footnotes":""},"class_list":["post-8452","page","type-page","status-publish","hentry"],"yoast_head":"<!-- This site is optimized with the Yoast SEO plugin v24.5 - https:\/\/yoast.com\/wordpress\/plugins\/seo\/ -->\n<title>CURSOS | Global Audio Solutions Software e treinamento<\/title>\n<meta name=\"description\" content=\"Na Global Audio Solutions ministramos cursos para resolver as diferentes mudan\u00e7as que aparecem no mundo audiovisual\" \/>\n<meta name=\"robots\" content=\"index, follow, max-snippet:-1, max-image-preview:large, max-video-preview:-1\" \/>\n<link rel=\"canonical\" href=\"https:\/\/www.gaudiosolutions.com\/pt-br\/cursos\/\" \/>\n<meta property=\"og:locale\" content=\"pt_BR\" \/>\n<meta property=\"og:type\" content=\"article\" \/>\n<meta property=\"og:title\" content=\"CURSOS | Global Audio Solutions Software e treinamento\" \/>\n<meta property=\"og:description\" content=\"Na Global Audio Solutions ministramos cursos para resolver as diferentes mudan\u00e7as que aparecem no mundo audiovisual\" \/>\n<meta property=\"og:url\" content=\"https:\/\/www.gaudiosolutions.com\/pt-br\/cursos\/\" \/>\n<meta property=\"og:site_name\" content=\"Global Audio Solutions\" \/>\n<meta property=\"article:modified_time\" content=\"2022-04-06T19:41:10+00:00\" \/>\n<meta name=\"twitter:card\" content=\"summary_large_image\" \/>\n<meta name=\"twitter:label1\" content=\"Est. tempo de leitura\" \/>\n\t<meta name=\"twitter:data1\" content=\"1 minuto\" \/>\n<script type=\"application\/ld+json\" class=\"yoast-schema-graph\">{\"@context\":\"https:\/\/schema.org\",\"@graph\":[{\"@type\":\"WebPage\",\"@id\":\"https:\/\/www.gaudiosolutions.com\/pt-br\/cursos\/\",\"url\":\"https:\/\/www.gaudiosolutions.com\/pt-br\/cursos\/\",\"name\":\"CURSOS | Global Audio Solutions Software e treinamento\",\"isPartOf\":{\"@id\":\"https:\/\/www.gaudiosolutions.com\/#website\"},\"datePublished\":\"2019-02-18T11:29:51+00:00\",\"dateModified\":\"2022-04-06T19:41:10+00:00\",\"description\":\"Na Global Audio Solutions ministramos cursos para resolver as diferentes mudan\u00e7as que aparecem no mundo audiovisual\",\"breadcrumb\":{\"@id\":\"https:\/\/www.gaudiosolutions.com\/pt-br\/cursos\/#breadcrumb\"},\"inLanguage\":\"pt-BR\",\"potentialAction\":[{\"@type\":\"ReadAction\",\"target\":[\"https:\/\/www.gaudiosolutions.com\/pt-br\/cursos\/\"]}]},{\"@type\":\"BreadcrumbList\",\"@id\":\"https:\/\/www.gaudiosolutions.com\/pt-br\/cursos\/#breadcrumb\",\"itemListElement\":[{\"@type\":\"ListItem\",\"position\":1,\"name\":\"Portada\",\"item\":\"https:\/\/www.gaudiosolutions.com\/pt-br\/\"},{\"@type\":\"ListItem\",\"position\":2,\"name\":\"CURSOS\"}]},{\"@type\":\"WebSite\",\"@id\":\"https:\/\/www.gaudiosolutions.com\/#website\",\"url\":\"https:\/\/www.gaudiosolutions.com\/\",\"name\":\"Global Audio Solutions\",\"description\":\"\",\"potentialAction\":[{\"@type\":\"SearchAction\",\"target\":{\"@type\":\"EntryPoint\",\"urlTemplate\":\"https:\/\/www.gaudiosolutions.com\/?s={search_term_string}\"},\"query-input\":{\"@type\":\"PropertyValueSpecification\",\"valueRequired\":true,\"valueName\":\"search_term_string\"}}],\"inLanguage\":\"pt-BR\"}]}<\/script>\n<!-- \/ Yoast SEO plugin. -->","yoast_head_json":{"title":"CURSOS | Global Audio Solutions Software e treinamento","description":"Na Global Audio Solutions ministramos cursos para resolver as diferentes mudan\u00e7as que aparecem no mundo audiovisual","robots":{"index":"index","follow":"follow","max-snippet":"max-snippet:-1","max-image-preview":"max-image-preview:large","max-video-preview":"max-video-preview:-1"},"canonical":"https:\/\/www.gaudiosolutions.com\/pt-br\/cursos\/","og_locale":"pt_BR","og_type":"article","og_title":"CURSOS | Global Audio Solutions Software e treinamento","og_description":"Na Global Audio Solutions ministramos cursos para resolver as diferentes mudan\u00e7as que aparecem no mundo audiovisual","og_url":"https:\/\/www.gaudiosolutions.com\/pt-br\/cursos\/","og_site_name":"Global Audio Solutions","article_modified_time":"2022-04-06T19:41:10+00:00","twitter_card":"summary_large_image","twitter_misc":{"Est. tempo de leitura":"1 minuto"},"schema":{"@context":"https:\/\/schema.org","@graph":[{"@type":"WebPage","@id":"https:\/\/www.gaudiosolutions.com\/pt-br\/cursos\/","url":"https:\/\/www.gaudiosolutions.com\/pt-br\/cursos\/","name":"CURSOS | Global Audio Solutions Software e treinamento","isPartOf":{"@id":"https:\/\/www.gaudiosolutions.com\/#website"},"datePublished":"2019-02-18T11:29:51+00:00","dateModified":"2022-04-06T19:41:10+00:00","description":"Na Global Audio Solutions ministramos cursos para resolver as diferentes mudan\u00e7as que aparecem no mundo audiovisual","breadcrumb":{"@id":"https:\/\/www.gaudiosolutions.com\/pt-br\/cursos\/#breadcrumb"},"inLanguage":"pt-BR","potentialAction":[{"@type":"ReadAction","target":["https:\/\/www.gaudiosolutions.com\/pt-br\/cursos\/"]}]},{"@type":"BreadcrumbList","@id":"https:\/\/www.gaudiosolutions.com\/pt-br\/cursos\/#breadcrumb","itemListElement":[{"@type":"ListItem","position":1,"name":"Portada","item":"https:\/\/www.gaudiosolutions.com\/pt-br\/"},{"@type":"ListItem","position":2,"name":"CURSOS"}]},{"@type":"WebSite","@id":"https:\/\/www.gaudiosolutions.com\/#website","url":"https:\/\/www.gaudiosolutions.com\/","name":"Global Audio Solutions","description":"","potentialAction":[{"@type":"SearchAction","target":{"@type":"EntryPoint","urlTemplate":"https:\/\/www.gaudiosolutions.com\/?s={search_term_string}"},"query-input":{"@type":"PropertyValueSpecification","valueRequired":true,"valueName":"search_term_string"}}],"inLanguage":"pt-BR"}]}},"_links":{"self":[{"href":"https:\/\/www.gaudiosolutions.com\/pt-br\/wp-json\/wp\/v2\/pages\/8452","targetHints":{"allow":["GET"]}}],"collection":[{"href":"https:\/\/www.gaudiosolutions.com\/pt-br\/wp-json\/wp\/v2\/pages"}],"about":[{"href":"https:\/\/www.gaudiosolutions.com\/pt-br\/wp-json\/wp\/v2\/types\/page"}],"author":[{"embeddable":true,"href":"https:\/\/www.gaudiosolutions.com\/pt-br\/wp-json\/wp\/v2\/users\/1"}],"replies":[{"embeddable":true,"href":"https:\/\/www.gaudiosolutions.com\/pt-br\/wp-json\/wp\/v2\/comments?post=8452"}],"version-history":[{"count":0,"href":"https:\/\/www.gaudiosolutions.com\/pt-br\/wp-json\/wp\/v2\/pages\/8452\/revisions"}],"wp:attachment":[{"href":"https:\/\/www.gaudiosolutions.com\/pt-br\/wp-json\/wp\/v2\/media?parent=8452"}],"curies":[{"name":"wp","href":"https:\/\/api.w.org\/{rel}","templated":true}]}}