{"id":8455,"date":"2019-02-18T12:30:05","date_gmt":"2019-02-18T11:30:05","guid":{"rendered":"https:\/\/www.gaudiosolutions.com\/apps\/"},"modified":"2022-11-27T18:50:08","modified_gmt":"2022-11-27T17:50:08","slug":"apps","status":"publish","type":"page","link":"https:\/\/www.gaudiosolutions.com\/pt-br\/apps\/","title":{"rendered":"APPS"},"content":{"rendered":"<div class=\"wpb-content-wrapper\"><p>[vc_row row_type=&#8221;row&#8221; use_row_as_full_screen_section=&#8221;no&#8221; type=&#8221;grid&#8221; text_align=&#8221;center&#8221; background_animation=&#8221;none&#8221;][vc_column][vc_empty_space height=&#8221;40px&#8221;][vc_column_text]<\/p>\n<h1 style=\"text-align: center;\">APPs<\/h1>\n<p>[\/vc_column_text][vc_separator color=&#8221;#cf5636&#8243; type=&#8221;small&#8221; position=&#8221;center&#8221; border_style=&#8221;&#8221;][vc_column_text]<\/p>\n<p style=\"text-align: center;\">Nesta se\u00e7\u00e3o voc\u00ea pode baixar os aplicativos que a equipe da Global Audio Solutions desenvolve com o objetivo de ser \u00fatil tanto para o desenvolvimento de treinamentos quanto para uso profissional.<\/p>\n<p style=\"text-align: center;\">\n<p>[\/vc_column_text][\/vc_column][\/vc_row][vc_row row_type=&#8221;row&#8221; use_row_as_full_screen_section=&#8221;no&#8221; type=&#8221;full_width&#8221; text_align=&#8221;left&#8221; background_animation=&#8221;none&#8221;][vc_column][vc_empty_space height=&#8221;75px&#8221;][\/vc_column][\/vc_row][vc_row row_type=&#8221;row&#8221; use_row_as_full_screen_section=&#8221;no&#8221; type=&#8221;full_width&#8221; text_align=&#8221;left&#8221; background_animation=&#8221;none&#8221;][vc_column]<div class=\"woocommerce columns-4 \"><ul class=\"products columns-4 clearfix simple\">\n        <li class=\"post-8589 product type-product status-publish has-post-thumbnail product_cat-aplicativos first instock sold-individually taxable shipping-taxable purchasable product-type-variable\" >\n            <div class=\"qodef-product-simple-holder\">\n                <a href=\"https:\/\/www.gaudiosolutions.com\/pt-br\/producto\/rita-version-2-3\/\" class=\"woocommerce-LoopProduct-link woocommerce-loop-product__link\">\n                <img loading=\"lazy\" decoding=\"async\" width=\"300\" height=\"300\" src=\"https:\/\/www.gaudiosolutions.com\/wp-content\/uploads\/2020\/12\/globalaudiosolutions_app_rita-antique-300x300.jpg\" class=\"attachment-woocommerce_thumbnail size-woocommerce_thumbnail\" alt=\"\" srcset=\"https:\/\/www.gaudiosolutions.com\/wp-content\/uploads\/2020\/12\/globalaudiosolutions_app_rita-antique-300x300.jpg 300w, https:\/\/www.gaudiosolutions.com\/wp-content\/uploads\/2020\/12\/globalaudiosolutions_app_rita-antique-150x150.jpg 150w, https:\/\/www.gaudiosolutions.com\/wp-content\/uploads\/2020\/12\/globalaudiosolutions_app_rita-antique-500x500.jpg 500w, https:\/\/www.gaudiosolutions.com\/wp-content\/uploads\/2020\/12\/globalaudiosolutions_app_rita-antique-100x100.jpg 100w\" sizes=\"auto, (max-width: 300px) 100vw, 300px\" \/>\n                <\/a>            <\/div>\n            <div class=\"qodef-product-simple-overlay\">\n                <div class=\"qodef-product-simple-overlay-outer\">\n                    <div class=\"qodef-product-simple-overlay-inner\">\n                        <a href=\"https:\/\/www.gaudiosolutions.com\/pt-br\/producto\/rita-version-2-3\/\" class=\"woocommerce-LoopProduct-link woocommerce-loop-product__link\"><\/a>                        <div class=\"qodef-product-standard-title\">\n                            <a href=\"https:\/\/www.gaudiosolutions.com\/pt-br\/producto\/rita-version-2-3\/\" class=\"woocommerce-LoopProduct-link woocommerce-loop-product__link\"><h2 class=\"woocommerce-loop-product__title\">RiTA 2.3<\/h2><\/a>                        <\/div>\n                        \n\t<span class=\"price\"><span class=\"woocommerce-Price-amount amount\"><bdi>24,99<span class=\"woocommerce-Price-currencySymbol\">&euro;<\/span><\/bdi><\/span><\/span>\n                    <\/div>\n                <\/div>\n            <\/div>\n        <\/li>\n        \n        <li class=\"post-8786 product type-product status-publish has-post-thumbnail product_cat-aplicativos  instock sold-individually taxable shipping-taxable purchasable product-type-variable\" >\n            <div class=\"qodef-product-simple-holder\">\n                <a href=\"https:\/\/www.gaudiosolutions.com\/pt-br\/producto\/rita-player-1-0\/\" class=\"woocommerce-LoopProduct-link woocommerce-loop-product__link\">\n                <img loading=\"lazy\" decoding=\"async\" width=\"300\" height=\"300\" src=\"https:\/\/www.gaudiosolutions.com\/wp-content\/uploads\/2020\/12\/imagen-player-300x300.png\" class=\"attachment-woocommerce_thumbnail size-woocommerce_thumbnail\" alt=\"\" srcset=\"https:\/\/www.gaudiosolutions.com\/wp-content\/uploads\/2020\/12\/imagen-player-300x300.png 300w, https:\/\/www.gaudiosolutions.com\/wp-content\/uploads\/2020\/12\/imagen-player-150x150.png 150w, https:\/\/www.gaudiosolutions.com\/wp-content\/uploads\/2020\/12\/imagen-player-500x500.png 500w, https:\/\/www.gaudiosolutions.com\/wp-content\/uploads\/2020\/12\/imagen-player-100x100.png 100w\" sizes=\"auto, (max-width: 300px) 100vw, 300px\" \/>\n                <\/a>            <\/div>\n            <div class=\"qodef-product-simple-overlay\">\n                <div class=\"qodef-product-simple-overlay-outer\">\n                    <div class=\"qodef-product-simple-overlay-inner\">\n                        <a href=\"https:\/\/www.gaudiosolutions.com\/pt-br\/producto\/rita-player-1-0\/\" class=\"woocommerce-LoopProduct-link woocommerce-loop-product__link\"><\/a>                        <div class=\"qodef-product-standard-title\">\n                            <a href=\"https:\/\/www.gaudiosolutions.com\/pt-br\/producto\/rita-player-1-0\/\" class=\"woocommerce-LoopProduct-link woocommerce-loop-product__link\"><h2 class=\"woocommerce-loop-product__title\">RiTA Player 1.0<\/h2><\/a>                        <\/div>\n                        \n\t<span class=\"price\"><span class=\"woocommerce-Price-amount amount\"><bdi>0,00<span class=\"woocommerce-Price-currencySymbol\">&euro;<\/span><\/bdi><\/span><\/span>\n                    <\/div>\n                <\/div>\n            <\/div>\n        <\/li>\n        \n        <li class=\"post-9025 product type-product status-publish has-post-thumbnail product_cat-aplicativos  instock sold-individually taxable shipping-taxable purchasable product-type-variable\" >\n            <div class=\"qodef-product-simple-holder\">\n                <a href=\"https:\/\/www.gaudiosolutions.com\/pt-br\/producto\/rita-spl-meter\/\" class=\"woocommerce-LoopProduct-link woocommerce-loop-product__link\">\n                <img loading=\"lazy\" decoding=\"async\" width=\"300\" height=\"300\" src=\"https:\/\/www.gaudiosolutions.com\/wp-content\/uploads\/2022\/03\/Captura-de-pantalla-2022-03-15-a-las-19.28.41-300x300.png\" class=\"attachment-woocommerce_thumbnail size-woocommerce_thumbnail\" alt=\"\" srcset=\"https:\/\/www.gaudiosolutions.com\/wp-content\/uploads\/2022\/03\/Captura-de-pantalla-2022-03-15-a-las-19.28.41-300x300.png 300w, https:\/\/www.gaudiosolutions.com\/wp-content\/uploads\/2022\/03\/Captura-de-pantalla-2022-03-15-a-las-19.28.41-150x150.png 150w, https:\/\/www.gaudiosolutions.com\/wp-content\/uploads\/2022\/03\/Captura-de-pantalla-2022-03-15-a-las-19.28.41-550x550.png 550w, https:\/\/www.gaudiosolutions.com\/wp-content\/uploads\/2022\/03\/Captura-de-pantalla-2022-03-15-a-las-19.28.41-500x500.png 500w, https:\/\/www.gaudiosolutions.com\/wp-content\/uploads\/2022\/03\/Captura-de-pantalla-2022-03-15-a-las-19.28.41-100x100.png 100w\" sizes=\"auto, (max-width: 300px) 100vw, 300px\" \/>\n                <\/a>            <\/div>\n            <div class=\"qodef-product-simple-overlay\">\n                <div class=\"qodef-product-simple-overlay-outer\">\n                    <div class=\"qodef-product-simple-overlay-inner\">\n                        <a href=\"https:\/\/www.gaudiosolutions.com\/pt-br\/producto\/rita-spl-meter\/\" class=\"woocommerce-LoopProduct-link woocommerce-loop-product__link\"><\/a>                        <div class=\"qodef-product-standard-title\">\n                            <a href=\"https:\/\/www.gaudiosolutions.com\/pt-br\/producto\/rita-spl-meter\/\" class=\"woocommerce-LoopProduct-link woocommerce-loop-product__link\"><h2 class=\"woocommerce-loop-product__title\">RiTA SPL Meter<\/h2><\/a>                        <\/div>\n                        \n\t<span class=\"price\"><span class=\"woocommerce-Price-amount amount\"><bdi>80,00<span class=\"woocommerce-Price-currencySymbol\">&euro;<\/span><\/bdi><\/span><\/span>\n                    <\/div>\n                <\/div>\n            <\/div>\n        <\/li>\n        \n        <li class=\"post-8769 product type-product status-publish has-post-thumbnail product_cat-aplicativos last instock sold-individually taxable shipping-taxable purchasable product-type-variable\" >\n            <div class=\"qodef-product-simple-holder\">\n                <a href=\"https:\/\/www.gaudiosolutions.com\/pt-br\/producto\/submap\/\" class=\"woocommerce-LoopProduct-link woocommerce-loop-product__link\">\n                <img loading=\"lazy\" decoding=\"async\" width=\"300\" height=\"300\" src=\"https:\/\/www.gaudiosolutions.com\/wp-content\/uploads\/2022\/03\/LOGOTIP-submap-icona-digital-01-300x300.png\" class=\"attachment-woocommerce_thumbnail size-woocommerce_thumbnail\" alt=\"\" srcset=\"https:\/\/www.gaudiosolutions.com\/wp-content\/uploads\/2022\/03\/LOGOTIP-submap-icona-digital-01-300x300.png 300w, https:\/\/www.gaudiosolutions.com\/wp-content\/uploads\/2022\/03\/LOGOTIP-submap-icona-digital-01-1024x1024.png 1024w, https:\/\/www.gaudiosolutions.com\/wp-content\/uploads\/2022\/03\/LOGOTIP-submap-icona-digital-01-150x150.png 150w, https:\/\/www.gaudiosolutions.com\/wp-content\/uploads\/2022\/03\/LOGOTIP-submap-icona-digital-01-768x768.png 768w, https:\/\/www.gaudiosolutions.com\/wp-content\/uploads\/2022\/03\/LOGOTIP-submap-icona-digital-01-550x550.png 550w, https:\/\/www.gaudiosolutions.com\/wp-content\/uploads\/2022\/03\/LOGOTIP-submap-icona-digital-01-500x500.png 500w, https:\/\/www.gaudiosolutions.com\/wp-content\/uploads\/2022\/03\/LOGOTIP-submap-icona-digital-01-1000x1000.png 1000w, https:\/\/www.gaudiosolutions.com\/wp-content\/uploads\/2022\/03\/LOGOTIP-submap-icona-digital-01-700x700.png 700w, https:\/\/www.gaudiosolutions.com\/wp-content\/uploads\/2022\/03\/LOGOTIP-submap-icona-digital-01-e1646160330553.png 600w, https:\/\/www.gaudiosolutions.com\/wp-content\/uploads\/2022\/03\/LOGOTIP-submap-icona-digital-01-100x100.png 100w\" sizes=\"auto, (max-width: 300px) 100vw, 300px\" \/>\n                <\/a>            <\/div>\n            <div class=\"qodef-product-simple-overlay\">\n                <div class=\"qodef-product-simple-overlay-outer\">\n                    <div class=\"qodef-product-simple-overlay-inner\">\n                        <a href=\"https:\/\/www.gaudiosolutions.com\/pt-br\/producto\/submap\/\" class=\"woocommerce-LoopProduct-link woocommerce-loop-product__link\"><\/a>                        <div class=\"qodef-product-standard-title\">\n                            <a href=\"https:\/\/www.gaudiosolutions.com\/pt-br\/producto\/submap\/\" class=\"woocommerce-LoopProduct-link woocommerce-loop-product__link\"><h2 class=\"woocommerce-loop-product__title\">SUBMAP<\/h2><\/a>                        <\/div>\n                        \n\t<span class=\"price\"><span class=\"woocommerce-Price-amount amount\"><bdi>0,00<span class=\"woocommerce-Price-currencySymbol\">&euro;<\/span><\/bdi><\/span><\/span>\n                    <\/div>\n                <\/div>\n            <\/div>\n        <\/li>\n        \n        <li class=\"post-8762 product type-product status-publish has-post-thumbnail product_cat-aplicativos first instock sold-individually taxable shipping-taxable purchasable product-type-variable\" >\n            <div class=\"qodef-product-simple-holder\">\n                <a href=\"https:\/\/www.gaudiosolutions.com\/pt-br\/producto\/lbc\/\" class=\"woocommerce-LoopProduct-link woocommerce-loop-product__link\">\n                <img loading=\"lazy\" decoding=\"async\" width=\"300\" height=\"300\" src=\"https:\/\/www.gaudiosolutions.com\/wp-content\/uploads\/2022\/03\/Captura-de-pantalla-2022-03-01-a-las-20.06.18-300x300.png\" class=\"attachment-woocommerce_thumbnail size-woocommerce_thumbnail\" alt=\"\" srcset=\"https:\/\/www.gaudiosolutions.com\/wp-content\/uploads\/2022\/03\/Captura-de-pantalla-2022-03-01-a-las-20.06.18-300x300.png 300w, https:\/\/www.gaudiosolutions.com\/wp-content\/uploads\/2022\/03\/Captura-de-pantalla-2022-03-01-a-las-20.06.18-150x150.png 150w, https:\/\/www.gaudiosolutions.com\/wp-content\/uploads\/2022\/03\/Captura-de-pantalla-2022-03-01-a-las-20.06.18-550x550.png 550w, https:\/\/www.gaudiosolutions.com\/wp-content\/uploads\/2022\/03\/Captura-de-pantalla-2022-03-01-a-las-20.06.18-500x500.png 500w, https:\/\/www.gaudiosolutions.com\/wp-content\/uploads\/2022\/03\/Captura-de-pantalla-2022-03-01-a-las-20.06.18-100x100.png 100w\" sizes=\"auto, (max-width: 300px) 100vw, 300px\" \/>\n                <\/a>            <\/div>\n            <div class=\"qodef-product-simple-overlay\">\n                <div class=\"qodef-product-simple-overlay-outer\">\n                    <div class=\"qodef-product-simple-overlay-inner\">\n                        <a href=\"https:\/\/www.gaudiosolutions.com\/pt-br\/producto\/lbc\/\" class=\"woocommerce-LoopProduct-link woocommerce-loop-product__link\"><\/a>                        <div class=\"qodef-product-standard-title\">\n                            <a href=\"https:\/\/www.gaudiosolutions.com\/pt-br\/producto\/lbc\/\" class=\"woocommerce-LoopProduct-link woocommerce-loop-product__link\"><h2 class=\"woocommerce-loop-product__title\">LBC (Low Beam Control)<\/h2><\/a>                        <\/div>\n                        \n\t<span class=\"price\"><span class=\"woocommerce-Price-amount amount\"><bdi>0,00<span class=\"woocommerce-Price-currencySymbol\">&euro;<\/span><\/bdi><\/span><\/span>\n                    <\/div>\n                <\/div>\n            <\/div>\n        <\/li>\n        \n        <li class=\"post-10842 product type-product status-publish has-post-thumbnail product_cat-aplicativos  instock featured sold-individually taxable shipping-taxable purchasable product-type-variable\" >\n            <div class=\"qodef-product-simple-holder\">\n                <a href=\"https:\/\/www.gaudiosolutions.com\/pt-br\/producto\/chingonizer\/\" class=\"woocommerce-LoopProduct-link woocommerce-loop-product__link\">\n                <img loading=\"lazy\" decoding=\"async\" width=\"256\" height=\"256\" src=\"https:\/\/www.gaudiosolutions.com\/wp-content\/uploads\/2022\/03\/app-Chingonizer.png\" class=\"attachment-woocommerce_thumbnail size-woocommerce_thumbnail\" alt=\"\" srcset=\"https:\/\/www.gaudiosolutions.com\/wp-content\/uploads\/2022\/03\/app-Chingonizer.png 256w, https:\/\/www.gaudiosolutions.com\/wp-content\/uploads\/2022\/03\/app-Chingonizer-150x150.png 150w, https:\/\/www.gaudiosolutions.com\/wp-content\/uploads\/2022\/03\/app-Chingonizer-100x100.png 100w\" sizes=\"auto, (max-width: 256px) 100vw, 256px\" \/>\n                <\/a>            <\/div>\n            <div class=\"qodef-product-simple-overlay\">\n                <div class=\"qodef-product-simple-overlay-outer\">\n                    <div class=\"qodef-product-simple-overlay-inner\">\n                        <a href=\"https:\/\/www.gaudiosolutions.com\/pt-br\/producto\/chingonizer\/\" class=\"woocommerce-LoopProduct-link woocommerce-loop-product__link\"><\/a>                        <div class=\"qodef-product-standard-title\">\n                            <a href=\"https:\/\/www.gaudiosolutions.com\/pt-br\/producto\/chingonizer\/\" class=\"woocommerce-LoopProduct-link woocommerce-loop-product__link\"><h2 class=\"woocommerce-loop-product__title\">Chingonizer<\/h2><\/a>                        <\/div>\n                        \n\t<span class=\"price\"><span class=\"woocommerce-Price-amount amount\"><bdi>24,99<span class=\"woocommerce-Price-currencySymbol\">&euro;<\/span><\/bdi><\/span><\/span>\n                    <\/div>\n                <\/div>\n            <\/div>\n        <\/li>\n        <\/ul>\n<\/div>[\/vc_column][\/vc_row][vc_row row_type=&#8221;row&#8221; use_row_as_full_screen_section=&#8221;no&#8221; type=&#8221;full_width&#8221; text_align=&#8221;left&#8221; background_animation=&#8221;none&#8221;][vc_column][vc_empty_space height=&#8221;75px&#8221;][\/vc_column][\/vc_row][vc_row row_type=&#8221;row&#8221; use_row_as_full_screen_section=&#8221;no&#8221; type=&#8221;grid&#8221; text_align=&#8221;center&#8221; background_animation=&#8221;none&#8221;][vc_column width=&#8221;5\/12&#8243; css=&#8221;.vc_custom_1649049491568{background-image: url(https:\/\/www.gaudiosolutions.com\/wp-content\/uploads\/2019\/02\/audioglobalsolutions_botons_boto01.jpg?id=130) !important;background-position: center !important;background-repeat: no-repeat !important;background-size: cover !important;}&#8221;][vc_empty_space height=&#8221;25px&#8221;][vc_column_text]<\/p>\n<h1><a href=\"https:\/\/www.gaudiosolutions.com\/pt-br\/cursos\/\"><span style=\"color: #ffffff;\">NOSSOS CURSOS<\/span><\/a><\/h1>\n<p>[\/vc_column_text][vc_empty_space height=&#8221;10px&#8221;][vc_empty_space height=&#8221;25px&#8221;][\/vc_column][vc_column width=&#8221;1\/6&#8243;][vc_empty_space height=&#8221;25px&#8221;][\/vc_column][vc_column width=&#8221;5\/12&#8243; css=&#8221;.vc_custom_1556269329241{background-image: url(https:\/\/www.gaudiosolutions.com\/wp-content\/uploads\/2019\/04\/audioglobalsolutions_botons_boto03.jpg?id=500) !important;background-position: center !important;background-repeat: no-repeat !important;background-size: cover !important;}&#8221;][vc_empty_space height=&#8221;25px&#8221;][vc_column_text]<\/p>\n<h1><a href=\"https:\/\/www.gaudiosolutions.com\/producto\/rita-version-2-5\/\"><span style=\"color: #ffffff;\">DESCARGAR RITA<\/span><\/a><\/h1>\n<p>[\/vc_column_text][vc_empty_space height=&#8221;10px&#8221;][vc_empty_space height=&#8221;25px&#8221;][\/vc_column][\/vc_row][vc_row row_type=&#8221;row&#8221; use_row_as_full_screen_section=&#8221;no&#8221; type=&#8221;full_width&#8221; text_align=&#8221;left&#8221; background_animation=&#8221;none&#8221;][vc_column][vc_empty_space height=&#8221;75px&#8221;][\/vc_column][\/vc_row]<\/p>\n<\/div>","protected":false},"excerpt":{"rendered":"<p>[vc_row row_type=&#8221;row&#8221; use_row_as_full_screen_section=&#8221;no&#8221; type=&#8221;grid&#8221; text_align=&#8221;center&#8221; background_animation=&#8221;none&#8221;][vc_column][vc_empty_space height=&#8221;40px&#8221;][vc_column_text] APPs [\/vc_column_text][vc_separator color=&#8221;#cf5636&#8243; type=&#8221;small&#8221; position=&#8221;center&#8221; border_style=&#8221;&#8221;][vc_column_text] Nesta se\u00e7\u00e3o voc\u00ea pode baixar os aplicativos que a equipe da Global Audio Solutions desenvolve com o&#8230;<\/p>\n","protected":false},"author":1,"featured_media":0,"parent":0,"menu_order":0,"comment_status":"closed","ping_status":"closed","template":"","meta":{"footnotes":""},"class_list":["post-8455","page","type-page","status-publish","hentry"],"yoast_head":"<!-- This site is optimized with the Yoast SEO plugin v24.5 - https:\/\/yoast.com\/wordpress\/plugins\/seo\/ -->\n<title>APPS | Global Audio Solutions Software e treinamento<\/title>\n<meta name=\"description\" content=\"Aplica\u00e7\u00f5es desenvolvidas pela equipa da Global Audio Solutions para uso profissional e desenvolvimento de forma\u00e7\u00e3o.\" \/>\n<meta name=\"robots\" content=\"index, follow, max-snippet:-1, max-image-preview:large, max-video-preview:-1\" \/>\n<link rel=\"canonical\" href=\"https:\/\/www.gaudiosolutions.com\/pt-br\/apps\/\" \/>\n<meta property=\"og:locale\" content=\"pt_BR\" \/>\n<meta property=\"og:type\" content=\"article\" \/>\n<meta property=\"og:title\" content=\"APPS | Global Audio Solutions Software e treinamento\" \/>\n<meta property=\"og:description\" content=\"Aplica\u00e7\u00f5es desenvolvidas pela equipa da Global Audio Solutions para uso profissional e desenvolvimento de forma\u00e7\u00e3o.\" \/>\n<meta property=\"og:url\" content=\"https:\/\/www.gaudiosolutions.com\/pt-br\/apps\/\" \/>\n<meta property=\"og:site_name\" content=\"Global Audio Solutions\" \/>\n<meta property=\"article:modified_time\" content=\"2022-11-27T17:50:08+00:00\" \/>\n<meta name=\"twitter:card\" content=\"summary_large_image\" \/>\n<meta name=\"twitter:label1\" content=\"Est. tempo de leitura\" \/>\n\t<meta name=\"twitter:data1\" content=\"2 minutos\" \/>\n<script type=\"application\/ld+json\" class=\"yoast-schema-graph\">{\"@context\":\"https:\/\/schema.org\",\"@graph\":[{\"@type\":\"WebPage\",\"@id\":\"https:\/\/www.gaudiosolutions.com\/pt-br\/apps\/\",\"url\":\"https:\/\/www.gaudiosolutions.com\/pt-br\/apps\/\",\"name\":\"APPS | Global Audio Solutions Software e treinamento\",\"isPartOf\":{\"@id\":\"https:\/\/www.gaudiosolutions.com\/#website\"},\"datePublished\":\"2019-02-18T11:30:05+00:00\",\"dateModified\":\"2022-11-27T17:50:08+00:00\",\"description\":\"Aplica\u00e7\u00f5es desenvolvidas pela equipa da Global Audio Solutions para uso profissional e desenvolvimento de forma\u00e7\u00e3o.\",\"breadcrumb\":{\"@id\":\"https:\/\/www.gaudiosolutions.com\/pt-br\/apps\/#breadcrumb\"},\"inLanguage\":\"pt-BR\",\"potentialAction\":[{\"@type\":\"ReadAction\",\"target\":[\"https:\/\/www.gaudiosolutions.com\/pt-br\/apps\/\"]}]},{\"@type\":\"BreadcrumbList\",\"@id\":\"https:\/\/www.gaudiosolutions.com\/pt-br\/apps\/#breadcrumb\",\"itemListElement\":[{\"@type\":\"ListItem\",\"position\":1,\"name\":\"Portada\",\"item\":\"https:\/\/www.gaudiosolutions.com\/pt-br\/\"},{\"@type\":\"ListItem\",\"position\":2,\"name\":\"APPS\"}]},{\"@type\":\"WebSite\",\"@id\":\"https:\/\/www.gaudiosolutions.com\/#website\",\"url\":\"https:\/\/www.gaudiosolutions.com\/\",\"name\":\"Global Audio Solutions\",\"description\":\"\",\"potentialAction\":[{\"@type\":\"SearchAction\",\"target\":{\"@type\":\"EntryPoint\",\"urlTemplate\":\"https:\/\/www.gaudiosolutions.com\/?s={search_term_string}\"},\"query-input\":{\"@type\":\"PropertyValueSpecification\",\"valueRequired\":true,\"valueName\":\"search_term_string\"}}],\"inLanguage\":\"pt-BR\"}]}<\/script>\n<!-- \/ Yoast SEO plugin. -->","yoast_head_json":{"title":"APPS | Global Audio Solutions Software e treinamento","description":"Aplica\u00e7\u00f5es desenvolvidas pela equipa da Global Audio Solutions para uso profissional e desenvolvimento de forma\u00e7\u00e3o.","robots":{"index":"index","follow":"follow","max-snippet":"max-snippet:-1","max-image-preview":"max-image-preview:large","max-video-preview":"max-video-preview:-1"},"canonical":"https:\/\/www.gaudiosolutions.com\/pt-br\/apps\/","og_locale":"pt_BR","og_type":"article","og_title":"APPS | Global Audio Solutions Software e treinamento","og_description":"Aplica\u00e7\u00f5es desenvolvidas pela equipa da Global Audio Solutions para uso profissional e desenvolvimento de forma\u00e7\u00e3o.","og_url":"https:\/\/www.gaudiosolutions.com\/pt-br\/apps\/","og_site_name":"Global Audio Solutions","article_modified_time":"2022-11-27T17:50:08+00:00","twitter_card":"summary_large_image","twitter_misc":{"Est. tempo de leitura":"2 minutos"},"schema":{"@context":"https:\/\/schema.org","@graph":[{"@type":"WebPage","@id":"https:\/\/www.gaudiosolutions.com\/pt-br\/apps\/","url":"https:\/\/www.gaudiosolutions.com\/pt-br\/apps\/","name":"APPS | Global Audio Solutions Software e treinamento","isPartOf":{"@id":"https:\/\/www.gaudiosolutions.com\/#website"},"datePublished":"2019-02-18T11:30:05+00:00","dateModified":"2022-11-27T17:50:08+00:00","description":"Aplica\u00e7\u00f5es desenvolvidas pela equipa da Global Audio Solutions para uso profissional e desenvolvimento de forma\u00e7\u00e3o.","breadcrumb":{"@id":"https:\/\/www.gaudiosolutions.com\/pt-br\/apps\/#breadcrumb"},"inLanguage":"pt-BR","potentialAction":[{"@type":"ReadAction","target":["https:\/\/www.gaudiosolutions.com\/pt-br\/apps\/"]}]},{"@type":"BreadcrumbList","@id":"https:\/\/www.gaudiosolutions.com\/pt-br\/apps\/#breadcrumb","itemListElement":[{"@type":"ListItem","position":1,"name":"Portada","item":"https:\/\/www.gaudiosolutions.com\/pt-br\/"},{"@type":"ListItem","position":2,"name":"APPS"}]},{"@type":"WebSite","@id":"https:\/\/www.gaudiosolutions.com\/#website","url":"https:\/\/www.gaudiosolutions.com\/","name":"Global Audio Solutions","description":"","potentialAction":[{"@type":"SearchAction","target":{"@type":"EntryPoint","urlTemplate":"https:\/\/www.gaudiosolutions.com\/?s={search_term_string}"},"query-input":{"@type":"PropertyValueSpecification","valueRequired":true,"valueName":"search_term_string"}}],"inLanguage":"pt-BR"}]}},"_links":{"self":[{"href":"https:\/\/www.gaudiosolutions.com\/pt-br\/wp-json\/wp\/v2\/pages\/8455","targetHints":{"allow":["GET"]}}],"collection":[{"href":"https:\/\/www.gaudiosolutions.com\/pt-br\/wp-json\/wp\/v2\/pages"}],"about":[{"href":"https:\/\/www.gaudiosolutions.com\/pt-br\/wp-json\/wp\/v2\/types\/page"}],"author":[{"embeddable":true,"href":"https:\/\/www.gaudiosolutions.com\/pt-br\/wp-json\/wp\/v2\/users\/1"}],"replies":[{"embeddable":true,"href":"https:\/\/www.gaudiosolutions.com\/pt-br\/wp-json\/wp\/v2\/comments?post=8455"}],"version-history":[{"count":0,"href":"https:\/\/www.gaudiosolutions.com\/pt-br\/wp-json\/wp\/v2\/pages\/8455\/revisions"}],"wp:attachment":[{"href":"https:\/\/www.gaudiosolutions.com\/pt-br\/wp-json\/wp\/v2\/media?parent=8455"}],"curies":[{"name":"wp","href":"https:\/\/api.w.org\/{rel}","templated":true}]}}