{"id":8509,"date":"2019-02-15T12:48:38","date_gmt":"2019-02-15T11:48:38","guid":{"rendered":"https:\/\/www.gaudiosolutions.com\/politica-de-privacidade\/"},"modified":"2022-04-07T21:33:59","modified_gmt":"2022-04-07T19:33:59","slug":"politica-de-privacidade","status":"publish","type":"page","link":"https:\/\/www.gaudiosolutions.com\/pt-br\/politica-de-privacidade\/","title":{"rendered":"Pol\u00edtica de Privacidade"},"content":{"rendered":"<div class=\"wpb-content-wrapper\"><p>[vc_row row_type=&#8221;row&#8221; use_row_as_full_screen_section=&#8221;no&#8221; type=&#8221;grid&#8221; text_align=&#8221;left&#8221; background_animation=&#8221;none&#8221; css_animation=&#8221;&#8221;][vc_column][vc_empty_space height=&#8221;40px&#8221;][vc_column_text]<\/p>\n<h1>Pol\u00edtica de Privacidade<\/h1>\n<p>[\/vc_column_text][vc_separator type=&#8221;small&#8221; position=&#8221;left&#8221; color=&#8221;#cf5636&#8243; border_style=&#8221;&#8221;][vc_column_text]O objetivo desta Pol\u00edtica de Privacidade \u00e9 informar os titulares de dados pessoais, sobre quais informa\u00e7\u00f5es est\u00e3o sendo coletadas, os aspectos espec\u00edficos relacionados ao processamento de seus dados, entre outros, as finalidades do processamento, os dados de contato para exercer os direitos que te assistem, e os locais de conserva\u00e7\u00e3o da informa\u00e7\u00e3o entre outras coisas.<\/p>\n<p>De acordo com a Lei Org\u00e2nica de Prote\u00e7\u00e3o de Dados Pessoais (LOPD) e a Lei de Prote\u00e7\u00e3o de Dados n.\u00ba 2016\/679 do Regulamento Europeu 2016\/679 (RGPD), chamamos a aten\u00e7\u00e3o dos utilizadores e visitantes para o site www.gaudiosolutions . com sobre as seguintes informa\u00e7\u00f5es:<\/p>\n<p>&nbsp;<\/p>\n<p>&nbsp;<\/p>\n<h3>PROTE\u00c7\u00c3O DE BENS E PESSOAS \u2013 GEST\u00c3O DE DADOS PESSOAIS<\/h3>\n<p>&nbsp;<\/p>\n<p>Usu\u00e1rio: usu\u00e1rio da Internet que se conecta, utilizando o site www.gaudiosolutions.com.<\/p>\n<p>No site www.gaudiosolutions.com, o propriet\u00e1rio do site coleta informa\u00e7\u00f5es pessoais sobre o usu\u00e1rio apenas para a necessidade de determinados servi\u00e7os oferecidos pelo site www.gaudiosolutions.com.<\/p>\n<p>Em resumo, usaremos os dados que voc\u00ea nos fornecer para:<\/p>\n<p>&nbsp;<\/p>\n<ul>\n<li>Gerenciar seus pedidos de informa\u00e7\u00f5es<\/li>\n<li>Fornecer a voc\u00ea os servi\u00e7os que voc\u00ea solicita de n\u00f3s e que est\u00e3o descritos neste site<\/li>\n<\/ul>\n<p>&nbsp;<\/p>\n<p>O usu\u00e1rio fornece esta informa\u00e7\u00e3o com pleno conhecimento dos fatos, nomeadamente quando ingressa \u00e0 sua introdu\u00e7\u00e3o. Fica ent\u00e3o claro para o usu\u00e1rio do site www.gaudiosolutions.com a obriga\u00e7\u00e3o ou n\u00e3o de fornecer esta informa\u00e7\u00e3o.<\/p>\n<p>&nbsp;<\/p>\n<p>&nbsp;<\/p>\n<h3>TRATAMENTO DE DADOS<\/h3>\n<p>&nbsp;<\/p>\n<p>Os dados pessoais solicitados, quando for o caso, consistir\u00e3o apenas naqueles estritamente essenciais para identificar e atender \u00e0 solicita\u00e7\u00e3o feita pelo titular dos mesmos, doravante o Interessado. Por outro lado, os dados pessoais ser\u00e3o recolhidos para fins expl\u00edcitos e leg\u00edtimos, n\u00e3o sendo posteriormente tratados de forma incompat\u00edvel com esses fins.<\/p>\n<p>&nbsp;<\/p>\n<p>&nbsp;<\/p>\n<h3>FINALIDADES DO TRATAMENTO<\/h3>\n<p>&nbsp;<\/p>\n<p>Os prop\u00f3sitos expl\u00edcitos para os quais cada um dos tratamentos s\u00e3o realizados est\u00e3o inclu\u00eddos nas cl\u00e1usulas informativas incorporadas em cada um dos canais de coleta de dados (formul\u00e1rios web, formul\u00e1rios em papel).<\/p>\n<p>N\u00e3o obstante, os dados pessoais do interessado ser\u00e3o processados \u200b\u200bcom a finalidade exclusiva de inform\u00e1-lo sobre as atividades e novidades da Global Audio Solutions SL, dando uma resposta eficaz e atendendo \u00e0s solicita\u00e7\u00f5es feitas pelo usu\u00e1rio, especificadas juntamente com a op\u00e7\u00e3o, servi\u00e7o, formul\u00e1rio ou sistema de coleta de dados que o titular utiliza.<\/p>\n<p>&nbsp;<\/p>\n<p>&nbsp;<\/p>\n<h3>LEGITIMA\u00c7\u00c3O<\/h3>\n<p>&nbsp;<\/p>\n<p>Como regra geral, antes do tratamento dos dados pessoais, o titular do website obt\u00e9m o consentimento expresso e inequ\u00edvoco do titular do mesmo atrav\u00e9s da incorpora\u00e7\u00e3o de cl\u00e1usulas de consentimento informado nos diferentes sistemas de recolha de informa\u00e7\u00e3o.<\/p>\n<p>&nbsp;<\/p>\n<p>&nbsp;<\/p>\n<h3>DIREITOS DOS INTERESSADOS<\/h3>\n<p>&nbsp;<\/p>\n<p>Todos os usu\u00e1rios t\u00eam o direito de acesso, oposi\u00e7\u00e3o, retifica\u00e7\u00e3o, portabilidade, elimina\u00e7\u00e3o e limita\u00e7\u00e3o do uso dos seus dados pessoais, escrevendo para o endere\u00e7o de correio eletr\u00f4nico <a href=\"mailto:info@gaudiosolutions.com\">info@gaudiosolutions.com<\/a>. Nenhuma informa\u00e7\u00e3o pessoal do usu\u00e1rio do site www.gaudiosolutions.com ser\u00e1 publicada sem o conhecimento do usu\u00e1rio, nem trocada, transferida, cedida ou vendida por qualquer meio a terceiros.<\/p>\n<p>&nbsp;<\/p>\n<p>&nbsp;<\/p>\n<h3>PRAZOS DE ARMAZENAMENTO<\/h3>\n<p>&nbsp;<\/p>\n<p>A informa\u00e7\u00e3o recolhida do interessado ser\u00e1 mantida enquanto for necess\u00e1rio para cumprir a finalidade para a qual os dados pessoais foram recolhidos, pelo que, uma vez cumprida a finalidade, os dados ser\u00e3o cancelados.[\/vc_column_text][\/vc_column][\/vc_row][vc_row row_type=&#8221;row&#8221; use_row_as_full_screen_section=&#8221;no&#8221; type=&#8221;full_width&#8221; text_align=&#8221;left&#8221; background_animation=&#8221;none&#8221; css_animation=&#8221;&#8221;][vc_column][vc_empty_space height=&#8221;75px&#8221;][\/vc_column][\/vc_row]<\/p>\n<\/div>","protected":false},"excerpt":{"rendered":"<p>[vc_row row_type=&#8221;row&#8221; use_row_as_full_screen_section=&#8221;no&#8221; type=&#8221;grid&#8221; text_align=&#8221;left&#8221; background_animation=&#8221;none&#8221; css_animation=&#8221;&#8221;][vc_column][vc_empty_space height=&#8221;40px&#8221;][vc_column_text] Pol\u00edtica de Privacidade [\/vc_column_text][vc_separator type=&#8221;small&#8221; position=&#8221;left&#8221; color=&#8221;#cf5636&#8243; border_style=&#8221;&#8221;][vc_column_text]O objetivo desta Pol\u00edtica de Privacidade \u00e9 informar os titulares de dados pessoais, sobre quais&#8230;<\/p>\n","protected":false},"author":1,"featured_media":0,"parent":0,"menu_order":0,"comment_status":"closed","ping_status":"closed","template":"full_width.php","meta":{"footnotes":""},"class_list":["post-8509","page","type-page","status-publish","hentry"],"yoast_head":"<!-- This site is optimized with the Yoast SEO plugin v24.5 - https:\/\/yoast.com\/wordpress\/plugins\/seo\/ -->\n<title>POL\u00cdTICA | Global Audio Solutions Software e treinamiento<\/title>\n<meta name=\"robots\" content=\"index, nofollow, max-snippet:-1, max-image-preview:large, max-video-preview:-1\" \/>\n<link rel=\"canonical\" href=\"https:\/\/www.gaudiosolutions.com\/pt-br\/politica-de-privacidade\/\" \/>\n<meta property=\"og:locale\" content=\"pt_BR\" \/>\n<meta property=\"og:type\" content=\"article\" \/>\n<meta property=\"og:title\" content=\"POL\u00cdTICA | Global Audio Solutions Software e treinamiento\" \/>\n<meta property=\"og:description\" content=\"[vc_row row_type=&#8221;row&#8221; use_row_as_full_screen_section=&#8221;no&#8221; type=&#8221;grid&#8221; text_align=&#8221;left&#8221; background_animation=&#8221;none&#8221; css_animation=&#8221;&#8221;][vc_column][vc_empty_space height=&#8221;40px&#8221;][vc_column_text] Pol\u00edtica de Privacidade [\/vc_column_text][vc_separator type=&#8221;small&#8221; position=&#8221;left&#8221; color=&#8221;#cf5636&#8243; border_style=&#8221;&#8221;][vc_column_text]O objetivo desta Pol\u00edtica de Privacidade \u00e9 informar os titulares de dados pessoais, sobre quais...\" \/>\n<meta property=\"og:url\" content=\"https:\/\/www.gaudiosolutions.com\/pt-br\/politica-de-privacidade\/\" \/>\n<meta property=\"og:site_name\" content=\"Global Audio Solutions\" \/>\n<meta property=\"article:modified_time\" content=\"2022-04-07T19:33:59+00:00\" \/>\n<meta name=\"twitter:card\" content=\"summary_large_image\" \/>\n<meta name=\"twitter:label1\" content=\"Est. tempo de leitura\" \/>\n\t<meta name=\"twitter:data1\" content=\"3 minutos\" \/>\n<script type=\"application\/ld+json\" class=\"yoast-schema-graph\">{\"@context\":\"https:\/\/schema.org\",\"@graph\":[{\"@type\":\"WebPage\",\"@id\":\"https:\/\/www.gaudiosolutions.com\/pt-br\/politica-de-privacidade\/\",\"url\":\"https:\/\/www.gaudiosolutions.com\/pt-br\/politica-de-privacidade\/\",\"name\":\"POL\u00cdTICA | Global Audio Solutions Software e treinamiento\",\"isPartOf\":{\"@id\":\"https:\/\/www.gaudiosolutions.com\/#website\"},\"datePublished\":\"2019-02-15T11:48:38+00:00\",\"dateModified\":\"2022-04-07T19:33:59+00:00\",\"breadcrumb\":{\"@id\":\"https:\/\/www.gaudiosolutions.com\/pt-br\/politica-de-privacidade\/#breadcrumb\"},\"inLanguage\":\"pt-BR\",\"potentialAction\":[{\"@type\":\"ReadAction\",\"target\":[\"https:\/\/www.gaudiosolutions.com\/pt-br\/politica-de-privacidade\/\"]}]},{\"@type\":\"BreadcrumbList\",\"@id\":\"https:\/\/www.gaudiosolutions.com\/pt-br\/politica-de-privacidade\/#breadcrumb\",\"itemListElement\":[{\"@type\":\"ListItem\",\"position\":1,\"name\":\"Portada\",\"item\":\"https:\/\/www.gaudiosolutions.com\/pt-br\/\"},{\"@type\":\"ListItem\",\"position\":2,\"name\":\"Pol\u00edtica de Privacidade\"}]},{\"@type\":\"WebSite\",\"@id\":\"https:\/\/www.gaudiosolutions.com\/#website\",\"url\":\"https:\/\/www.gaudiosolutions.com\/\",\"name\":\"Global Audio Solutions\",\"description\":\"\",\"potentialAction\":[{\"@type\":\"SearchAction\",\"target\":{\"@type\":\"EntryPoint\",\"urlTemplate\":\"https:\/\/www.gaudiosolutions.com\/?s={search_term_string}\"},\"query-input\":{\"@type\":\"PropertyValueSpecification\",\"valueRequired\":true,\"valueName\":\"search_term_string\"}}],\"inLanguage\":\"pt-BR\"}]}<\/script>\n<!-- \/ Yoast SEO plugin. -->","yoast_head_json":{"title":"POL\u00cdTICA | Global Audio Solutions Software e treinamiento","robots":{"index":"index","follow":"nofollow","max-snippet":"max-snippet:-1","max-image-preview":"max-image-preview:large","max-video-preview":"max-video-preview:-1"},"canonical":"https:\/\/www.gaudiosolutions.com\/pt-br\/politica-de-privacidade\/","og_locale":"pt_BR","og_type":"article","og_title":"POL\u00cdTICA | Global Audio Solutions Software e treinamiento","og_description":"[vc_row row_type=&#8221;row&#8221; use_row_as_full_screen_section=&#8221;no&#8221; type=&#8221;grid&#8221; text_align=&#8221;left&#8221; background_animation=&#8221;none&#8221; css_animation=&#8221;&#8221;][vc_column][vc_empty_space height=&#8221;40px&#8221;][vc_column_text] Pol\u00edtica de Privacidade [\/vc_column_text][vc_separator type=&#8221;small&#8221; position=&#8221;left&#8221; color=&#8221;#cf5636&#8243; border_style=&#8221;&#8221;][vc_column_text]O objetivo desta Pol\u00edtica de Privacidade \u00e9 informar os titulares de dados pessoais, sobre quais...","og_url":"https:\/\/www.gaudiosolutions.com\/pt-br\/politica-de-privacidade\/","og_site_name":"Global Audio Solutions","article_modified_time":"2022-04-07T19:33:59+00:00","twitter_card":"summary_large_image","twitter_misc":{"Est. tempo de leitura":"3 minutos"},"schema":{"@context":"https:\/\/schema.org","@graph":[{"@type":"WebPage","@id":"https:\/\/www.gaudiosolutions.com\/pt-br\/politica-de-privacidade\/","url":"https:\/\/www.gaudiosolutions.com\/pt-br\/politica-de-privacidade\/","name":"POL\u00cdTICA | Global Audio Solutions Software e treinamiento","isPartOf":{"@id":"https:\/\/www.gaudiosolutions.com\/#website"},"datePublished":"2019-02-15T11:48:38+00:00","dateModified":"2022-04-07T19:33:59+00:00","breadcrumb":{"@id":"https:\/\/www.gaudiosolutions.com\/pt-br\/politica-de-privacidade\/#breadcrumb"},"inLanguage":"pt-BR","potentialAction":[{"@type":"ReadAction","target":["https:\/\/www.gaudiosolutions.com\/pt-br\/politica-de-privacidade\/"]}]},{"@type":"BreadcrumbList","@id":"https:\/\/www.gaudiosolutions.com\/pt-br\/politica-de-privacidade\/#breadcrumb","itemListElement":[{"@type":"ListItem","position":1,"name":"Portada","item":"https:\/\/www.gaudiosolutions.com\/pt-br\/"},{"@type":"ListItem","position":2,"name":"Pol\u00edtica de Privacidade"}]},{"@type":"WebSite","@id":"https:\/\/www.gaudiosolutions.com\/#website","url":"https:\/\/www.gaudiosolutions.com\/","name":"Global Audio Solutions","description":"","potentialAction":[{"@type":"SearchAction","target":{"@type":"EntryPoint","urlTemplate":"https:\/\/www.gaudiosolutions.com\/?s={search_term_string}"},"query-input":{"@type":"PropertyValueSpecification","valueRequired":true,"valueName":"search_term_string"}}],"inLanguage":"pt-BR"}]}},"_links":{"self":[{"href":"https:\/\/www.gaudiosolutions.com\/pt-br\/wp-json\/wp\/v2\/pages\/8509","targetHints":{"allow":["GET"]}}],"collection":[{"href":"https:\/\/www.gaudiosolutions.com\/pt-br\/wp-json\/wp\/v2\/pages"}],"about":[{"href":"https:\/\/www.gaudiosolutions.com\/pt-br\/wp-json\/wp\/v2\/types\/page"}],"author":[{"embeddable":true,"href":"https:\/\/www.gaudiosolutions.com\/pt-br\/wp-json\/wp\/v2\/users\/1"}],"replies":[{"embeddable":true,"href":"https:\/\/www.gaudiosolutions.com\/pt-br\/wp-json\/wp\/v2\/comments?post=8509"}],"version-history":[{"count":0,"href":"https:\/\/www.gaudiosolutions.com\/pt-br\/wp-json\/wp\/v2\/pages\/8509\/revisions"}],"wp:attachment":[{"href":"https:\/\/www.gaudiosolutions.com\/pt-br\/wp-json\/wp\/v2\/media?parent=8509"}],"curies":[{"name":"wp","href":"https:\/\/api.w.org\/{rel}","templated":true}]}}