{"id":8838,"date":"2019-05-06T12:33:58","date_gmt":"2019-05-06T10:33:58","guid":{"rendered":"https:\/\/www.gaudiosolutions.com\/condicoes-de-venda\/"},"modified":"2022-04-20T12:48:23","modified_gmt":"2022-04-20T10:48:23","slug":"condicoes-de-venda","status":"publish","type":"page","link":"https:\/\/www.gaudiosolutions.com\/pt-br\/condicoes-de-venda\/","title":{"rendered":"Condi\u00e7\u00f5es de Venda"},"content":{"rendered":"<div class=\"wpb-content-wrapper\"><p>[vc_row row_type=&#8221;row&#8221; use_row_as_full_screen_section=&#8221;no&#8221; type=&#8221;grid&#8221; text_align=&#8221;left&#8221; background_animation=&#8221;none&#8221; css_animation=&#8221;&#8221;][vc_column][vc_empty_space height=&#8221;40px&#8221;][vc_column_text]<\/p>\n<h1>Condi\u00e7\u00f5es de Venda<\/h1>\n<p>[\/vc_column_text][vc_separator type=&#8221;small&#8221; position=&#8221;left&#8221; color=&#8221;#cf5636&#8243; border_style=&#8221;&#8221;][vc_column_text]<\/p>\n<h3>Introdu\u00e7\u00e3o<\/h3>\n<p>&nbsp;<\/p>\n<p>A Global Audio Solutions oferece-lhe um servi\u00e7o de compra online que lhe permitir\u00e1 reservar os semin\u00e1rios dispon\u00edveis no nosso website a partir do seu computador, al\u00e9m de comprar as licen\u00e7as para utilizar o nosso software.<\/p>\n<p>A seguir, convidamos voc\u00ea a rever as condi\u00e7\u00f5es gerais de venda que regulam a compra de produtos da Global Audio Solutions atrav\u00e9s deste Site. Neste sentido, a utiliza\u00e7\u00e3o deste Website constitui a sua concord\u00e2ncia com as presentes condi\u00e7\u00f5es gerais de venda. No entanto, se voc\u00ea tiver alguma d\u00favida sobre eles, entre em contato conosco pelo e-mail: <a href=\"mailto:info@gaudiosoluions.com\">info@gaudiosoluions.com<\/a><\/p>\n<p>&nbsp;<\/p>\n<p>&nbsp;<\/p>\n<h3>NUESTROS DATOS<\/h3>\n<p>&nbsp;<\/p>\n<p>As seguintes condi\u00e7\u00f5es regulam a venda dos produtos apresentados neste Site pela empresa:<\/p>\n<p>GLOBAL AUDIO SOLUTIONS S.L<\/p>\n<p>Calle Josep Ferrater i Mora, 9<br \/>\n0819 Barcelona (Espanha)<\/p>\n<p>Inscrita na Conservat\u00f3ria do Registo Comercial de Barcelona no Volume 46832, F\u00f3lio 30, Folha B532375 \/ Inscri\u00e7\u00e3o 1 e com C.I.F. ES-B67398628<\/p>\n<p>&nbsp;<\/p>\n<p>&nbsp;<\/p>\n<h3>CONTRATO<\/h3>\n<p>&nbsp;<\/p>\n<h5>Disponibilidade do Servi\u00e7o<\/h5>\n<p>&nbsp;<\/p>\n<p>Ao fazer um pedido em gaudiosolutions.com, voc\u00ea garante ter mais de 18 anos.<\/p>\n<p>Os produtos de software oferecidos s\u00e3o distribu\u00eddos em formato digital.<\/p>\n<p>Os pre\u00e7os para reservar um lugar para assistir a um semin\u00e1rio s\u00e3o v\u00e1lidos apenas para Espanha (incluindo as Ilhas Can\u00e1rias, Ceuta e Melilla).<\/p>\n<p>Os semin\u00e1rios realizados fora do estado espanhol s\u00e3o administrados por distribuidores autorizados. O site fornecer\u00e1 informa\u00e7\u00f5es do organizador local e um link ser\u00e1 vinculado.<\/p>\n<p>&nbsp;<\/p>\n<h5>Garantia de Compra<\/h5>\n<p>Os artigos oferecidos neste site s\u00e3o uma sele\u00e7\u00e3o de semin\u00e1rios e licen\u00e7as de uso individual de produtos de software.<\/p>\n<p>&nbsp;<\/p>\n<p>Cada produto \u00e9 acompanhado pelos seguintes dados:<\/p>\n<p>&nbsp;<\/p>\n<h5>Semin\u00e1rios<\/h5>\n<p>Nome do Semin\u00e1rio<br \/>\nDescri\u00e7\u00e3o do Semin\u00e1rio<br \/>\nInstrutor de semin\u00e1rio<br \/>\nLocal do semin\u00e1rio<br \/>\nPre\u00e7o (em euros)<\/p>\n<p>&nbsp;<\/p>\n<h5>Software<\/h5>\n<p>Descri\u00e7\u00e3o do software<\/p>\n<p>Pre\u00e7o (em euros)<\/p>\n<p>&nbsp;<\/p>\n<p>A Global Audio Solutions faz os esfor\u00e7os necess\u00e1rios para que as informa\u00e7\u00f5es contidas no site sejam completas, verdadeiras e corretas. Se houver um erro em qualquer dado, a Global Audio Solutions o corrigir\u00e1 imediatamente.<\/p>\n<p>&nbsp;<\/p>\n<h5>Procedimento de Compra<\/h5>\n<p>Os itens a serem adquiridos devem ser selecionados e adicionados \u00e0 sacola de compras clicando no \u00edcone correspondente.<\/p>\n<p>&nbsp;<\/p>\n<p>A sacola de compras conter\u00e1 a refer\u00eancia do item selecionado, seu nome e pre\u00e7o na moeda correspondente (mais impostos).<\/p>\n<p>&nbsp;<\/p>\n<p>Para efetuar a compra, ser\u00e3o necess\u00e1rios os dados pessoais do usu\u00e1rio, que ser\u00e3o incorporados ao nosso banco de dados para poder processar o pedido e facilitar a realiza\u00e7\u00e3o de novas compras atrav\u00e9s do Site. Os dados pessoais fornecidos pelos usu\u00e1rios ser\u00e3o tratados de acordo com o disposto em nossa Pol\u00edtica de Privacidade. O utilizador poder\u00e1 aceder, a qualquer momento, aos dados pessoais fornecidos e \u00e0 informa\u00e7\u00e3o sobre as encomendas efetuadas. A Global Audio Solutions lembra aos usu\u00e1rios que os dados pessoais devem ser indicados com total precis\u00e3o para evitar confus\u00f5es ou incidentes.<\/p>\n<p>&nbsp;<\/p>\n<p>Conclu\u00eddo o pedido de compra, e antes de o confirmar, ser\u00e1 apresentado ao utilizador um resumo da encomenda identificando o artigo adquirido, o seu pre\u00e7o total (impostos inclu\u00eddos) com cada artigo discriminado e a informa\u00e7\u00e3o de fatura\u00e7\u00e3o, para que o o usu\u00e1rio confirma o mesmo clicando no bot\u00e3o com a express\u00e3o &#8216;Confirmar pagamento\u2019.<\/p>\n<p>&nbsp;<\/p>\n<p>As compras podem ser pagas com cart\u00e3o de cr\u00e9dito ou d\u00e9bito (Visa, Mastercard-Eurocard, JCB, Diners Club e American Express), ou por transfer\u00eancia banc\u00e1ria.<\/p>\n<p>&nbsp;<\/p>\n<p>N\u00e3o ser\u00e3o aceites outras formas de pagamento que n\u00e3o as especificamente previstas nestas condi\u00e7\u00f5es de venda. Para pagamentos com cart\u00e3o de cr\u00e9dito ou d\u00e9bito, a cobran\u00e7a ser\u00e1 feita online, ou seja, em tempo real, atrav\u00e9s do gateway de pagamento da institui\u00e7\u00e3o financeira correspondente, uma vez verificado que os dados comunicados pelo usu\u00e1rio est\u00e3o corretos.<\/p>\n<p>&nbsp;<\/p>\n<p>Uma vez confirmada a transa\u00e7\u00e3o, o n\u00famero do pedido ser\u00e1 comunicado atrav\u00e9s do pr\u00f3prio site para que o usu\u00e1rio possa, a qualquer momento e a partir do computador, rastre\u00e1-lo.<\/p>\n<p>&nbsp;<\/p>\n<p>Da mesma forma, uma mensagem autom\u00e1tica de e-mail de confirma\u00e7\u00e3o do pedido ser\u00e1 enviada para o endere\u00e7o indicado pelo usu\u00e1rio com a descri\u00e7\u00e3o do pedido e os dados pessoais fornecidos para acusar o recebimento do pedido. O n\u00e3o recebimento desta mensagem pode ser devido a um problema transit\u00f3rio de comunica\u00e7\u00e3o na rede ou a um erro de digita\u00e7\u00e3o no endere\u00e7o de e-mail fornecido. Em ambos os casos, a Global Audio Solutions recomenda que o usu\u00e1rio entre em contato com info@gaudiosolutions.com Da mesma forma, o usu\u00e1rio receber\u00e1 a confirma\u00e7\u00e3o por e-mail que o produto foi enviado.<\/p>\n<p>&nbsp;<\/p>\n<h5>Disponibilidade de Produtos<\/h5>\n<p>Todos os pedidos est\u00e3o sujeitos \u00e0 disponibilidade do produto.<\/p>\n<p>&nbsp;<\/p>\n<p>&nbsp;<\/p>\n<h3>PRE\u00c7O E PAGAMENTO<\/h3>\n<p>&nbsp;<\/p>\n<h5>Pagamento e moeda<\/h5>\n<p>Os pre\u00e7os dos semin\u00e1rios neste site s\u00e3o apresentados em euros e s\u00e3o v\u00e1lidos para todo o territ\u00f3rio do estado espanhol.<\/p>\n<p>&nbsp;<\/p>\n<p>&nbsp;<\/p>\n<p>Os pre\u00e7os do software neste Site s\u00e3o apresentados em Euros.<\/p>\n<p>&nbsp;<\/p>\n<h5>Imposto sobre o Valor Adicionado<\/h5>\n<p>De acordo com a Lei do Imposto sobre o Valor Adicionado, a Global Audio Solutions est\u00e1 obrigada a repercutir este imposto, \u00e0 taxa em vigor em cada momento, a todos os produtos adquiridos em Espanha, exceto nas Ilhas Can\u00e1rias, Ceuta e Melilha.<\/p>\n<p>&nbsp;<\/p>\n<p>Nas compras efetuadas nas Ilhas Can\u00e1rias, Ceuta e Melilla, os impostos e impostos especiais de consumo correspondentes ser\u00e3o aplicados de acordo com a regulamenta\u00e7\u00e3o em vigor em cada um desses territ\u00f3rios.<\/p>\n<p>&nbsp;<\/p>\n<h5>Formas de Pagamento<\/h5>\n<p>A Global Audio Solutions s\u00f3 aceitar\u00e1 pagamentos feitos com cart\u00e3o de cr\u00e9dito ou d\u00e9bito (Visa, Mastercard-Eurocard, JCB, Diners Club e American Express) ou por transfer\u00eancia banc\u00e1ria.<\/p>\n<p><strong> <\/strong><\/p>\n<p>Caso o meio de pagamento escolhido pelo usu\u00e1rio seja cart\u00e3o de cr\u00e9dito ou d\u00e9bito, a cobran\u00e7a ser\u00e1 feita online, ou seja, em tempo real, atrav\u00e9s do gateway de pagamento da institui\u00e7\u00e3o financeira correspondente, uma vez verificado que as informa\u00e7\u00f5es fornecidas est\u00e3o corretas.<\/p>\n<p>&nbsp;<\/p>\n<p><strong>Pagamento por transfer\u00eancia banc\u00e1ria:<\/strong> Os pagamentos por transfer\u00eancia s\u00f3 ser\u00e3o poss\u00edveis mediante contacto pr\u00e9vio com info@gaudiosolutions.com Todas as despesas decorrentes da realiza\u00e7\u00e3o do pagamento por transfer\u00eancia ser\u00e3o suportadas pelo cliente. Para pagamentos por transfer\u00eancia, os clientes receber\u00e3o o n\u00famero da conta para a qual devem fazer o dep\u00f3sito. Como refer\u00eancia, o cliente deve indicar o seu n\u00famero de encomenda e o seu nome completo. O cliente ter\u00e1 um prazo de 3 dias \u00fateis a partir da data em que fez a sua encomenda para efetuar o pagamento. A encomenda n\u00e3o ser\u00e1 considerada aceite at\u00e9 que se verifique efetivamente que o dep\u00f3sito foi recebido. Se ap\u00f3s o per\u00edodo indicado, a Global Audio Solutions n\u00e3o receber o valor correspondente, o pedido ser\u00e1 cancelado.<\/p>\n<p>&nbsp;<\/p>\n<h5>Seguran\u00e7a de Pagamento<\/h5>\n<p>Para fornecer a m\u00e1xima seguran\u00e7a ao sistema de pagamento, a Global Audio Solutions utiliza sistemas de pagamento seguros de entidades financeiras l\u00edderes em com\u00e9rcio eletr\u00f4nico. Nesse sentido, os dados confidenciais do pagamento s\u00e3o transmitidos diretamente e de forma criptografada (SSL) \u00e0 institui\u00e7\u00e3o financeira correspondente. Para pagamento com cart\u00f5es Visa, MasterCard e American Express, a Global Audio Solutions s\u00f3 aceita transa\u00e7\u00f5es CES (Secure Electronic Commerce) com o protocolo internacional 3D Secure, diferenciado pelas etiquetas Verified by Visa, MasterCard SecureCode e American Express Safekey. O Com\u00e9rcio Eletr\u00f4nico Seguro \u00e9 uma iniciativa que tem como princ\u00edpio b\u00e1sico garantir a seguran\u00e7a nas transa\u00e7\u00f5es na Internet. Ao efetuar o pagamento atrav\u00e9s do gateway de pagamento seguro, o sistema verificar\u00e1 automaticamente se o cart\u00e3o de cr\u00e9dito est\u00e1 ativado para o Com\u00e9rcio Eletr\u00f4nico Seguro. Em seguida, voc\u00ea se conectar\u00e1 ao banco emissor, que solicitar\u00e1 que voc\u00ea autorize a opera\u00e7\u00e3o por meio de um c\u00f3digo de autentica\u00e7\u00e3o pessoal. A opera\u00e7\u00e3o s\u00f3 ser\u00e1 realizada se o banco emissor do cart\u00e3o de cr\u00e9dito confirmar o c\u00f3digo de autentica\u00e7\u00e3o. Caso contr\u00e1rio, a transa\u00e7\u00e3o ser\u00e1 rejeitada.<\/p>\n<p>&nbsp;<\/p>\n<p>&nbsp;<\/p>\n<h3>Trocas e Devolu\u00e7\u00f5es<\/h3>\n<p>&nbsp;<\/p>\n<h5>Condi\u00e7\u00f5es de Devolu\u00e7\u00f5es<\/h5>\n<p>A Global Audio Solutions pode cancelar um semin\u00e1rio at\u00e9 uma semana antes por motivos de for\u00e7a maior, impedimentos log\u00edsticos ou falta de qu\u00f3rum. Neste caso, o pedido efetuado ser\u00e1 integralmente reembolsado.<\/p>\n<p>&nbsp;<\/p>\n<p>Da mesma forma, o aluno pode cancelar a sua participa\u00e7\u00e3o num semin\u00e1rio at\u00e9 dez dias antes da sua realiza\u00e7\u00e3o, contactando <a href=\"mailto:info@gaudiosolutions.com\">info@gaudiosolutions.com<\/a>. Neste caso o cliente ser\u00e1 reembolsado da despesa paga.<\/p>\n<p>&nbsp;<\/p>\n<p>O softwares pagos tem um per\u00edodo de teste de 15 dias. Ap\u00f3s estes 15 dias entende-se que a venda \u00e9 definitiva.<\/p>\n<p>&nbsp;<\/p>\n<h5>Reembolsos<\/h5>\n<p>O pagamento dos artigos devolvidos ser\u00e1 sempre efetuado na mesma forma de pagamento utilizada na compra.<\/p>\n<p>&nbsp;<\/p>\n<p>Para efetuar o pagamento de encomendas pagas por transfer\u00eancia banc\u00e1ria, o cliente dever\u00e1 indicar um c\u00f3digo IBAN \u00e0 Global Audio Solutions para que o valor correspondente possa ser pago. O c\u00f3digo IBAN deve pertencer a um banco no pa\u00eds onde o pedido foi solicitado.[\/vc_column_text][\/vc_column][\/vc_row][vc_row row_type=&#8221;row&#8221; use_row_as_full_screen_section=&#8221;no&#8221; type=&#8221;full_width&#8221; text_align=&#8221;left&#8221; background_animation=&#8221;none&#8221; css_animation=&#8221;&#8221;][vc_column][vc_empty_space height=&#8221;75px&#8221;][\/vc_column][\/vc_row]<\/p>\n<\/div>","protected":false},"excerpt":{"rendered":"<p>[vc_row row_type=&#8221;row&#8221; use_row_as_full_screen_section=&#8221;no&#8221; type=&#8221;grid&#8221; text_align=&#8221;left&#8221; background_animation=&#8221;none&#8221; css_animation=&#8221;&#8221;][vc_column][vc_empty_space height=&#8221;40px&#8221;][vc_column_text] Condi\u00e7\u00f5es de Venda [\/vc_column_text][vc_separator type=&#8221;small&#8221; position=&#8221;left&#8221; color=&#8221;#cf5636&#8243; border_style=&#8221;&#8221;][vc_column_text] Introdu\u00e7\u00e3o &nbsp; A Global Audio Solutions oferece-lhe um servi\u00e7o de compra online que lhe&#8230;<\/p>\n","protected":false},"author":1,"featured_media":0,"parent":0,"menu_order":0,"comment_status":"closed","ping_status":"closed","template":"","meta":{"footnotes":""},"class_list":["post-8838","page","type-page","status-publish","hentry"],"yoast_head":"<!-- This site is optimized with the Yoast SEO plugin v24.5 - https:\/\/yoast.com\/wordpress\/plugins\/seo\/ -->\n<title>VENDA | Global Audio Solutions Softwaree trainamento<\/title>\n<meta name=\"robots\" content=\"index, nofollow, max-snippet:-1, max-image-preview:large, max-video-preview:-1\" \/>\n<link rel=\"canonical\" href=\"https:\/\/www.gaudiosolutions.com\/pt-br\/condicoes-de-venda\/\" \/>\n<meta property=\"og:locale\" content=\"pt_BR\" \/>\n<meta property=\"og:type\" content=\"article\" \/>\n<meta property=\"og:title\" content=\"VENDA | Global Audio Solutions Softwaree trainamento\" \/>\n<meta property=\"og:description\" content=\"[vc_row row_type=&#8221;row&#8221; use_row_as_full_screen_section=&#8221;no&#8221; type=&#8221;grid&#8221; text_align=&#8221;left&#8221; background_animation=&#8221;none&#8221; css_animation=&#8221;&#8221;][vc_column][vc_empty_space height=&#8221;40px&#8221;][vc_column_text] Condi\u00e7\u00f5es de Venda [\/vc_column_text][vc_separator type=&#8221;small&#8221; position=&#8221;left&#8221; color=&#8221;#cf5636&#8243; border_style=&#8221;&#8221;][vc_column_text] Introdu\u00e7\u00e3o &nbsp; A Global Audio Solutions oferece-lhe um servi\u00e7o de compra online que lhe...\" \/>\n<meta property=\"og:url\" content=\"https:\/\/www.gaudiosolutions.com\/pt-br\/condicoes-de-venda\/\" \/>\n<meta property=\"og:site_name\" content=\"Global Audio Solutions\" \/>\n<meta property=\"article:modified_time\" content=\"2022-04-20T10:48:23+00:00\" \/>\n<meta name=\"twitter:card\" content=\"summary_large_image\" \/>\n<meta name=\"twitter:label1\" content=\"Est. tempo de leitura\" \/>\n\t<meta name=\"twitter:data1\" content=\"8 minutos\" \/>\n<script type=\"application\/ld+json\" class=\"yoast-schema-graph\">{\"@context\":\"https:\/\/schema.org\",\"@graph\":[{\"@type\":\"WebPage\",\"@id\":\"https:\/\/www.gaudiosolutions.com\/pt-br\/condicoes-de-venda\/\",\"url\":\"https:\/\/www.gaudiosolutions.com\/pt-br\/condicoes-de-venda\/\",\"name\":\"VENDA | Global Audio Solutions Softwaree trainamento\",\"isPartOf\":{\"@id\":\"https:\/\/www.gaudiosolutions.com\/#website\"},\"datePublished\":\"2019-05-06T10:33:58+00:00\",\"dateModified\":\"2022-04-20T10:48:23+00:00\",\"breadcrumb\":{\"@id\":\"https:\/\/www.gaudiosolutions.com\/pt-br\/condicoes-de-venda\/#breadcrumb\"},\"inLanguage\":\"pt-BR\",\"potentialAction\":[{\"@type\":\"ReadAction\",\"target\":[\"https:\/\/www.gaudiosolutions.com\/pt-br\/condicoes-de-venda\/\"]}]},{\"@type\":\"BreadcrumbList\",\"@id\":\"https:\/\/www.gaudiosolutions.com\/pt-br\/condicoes-de-venda\/#breadcrumb\",\"itemListElement\":[{\"@type\":\"ListItem\",\"position\":1,\"name\":\"Portada\",\"item\":\"https:\/\/www.gaudiosolutions.com\/pt-br\/\"},{\"@type\":\"ListItem\",\"position\":2,\"name\":\"Condi\u00e7\u00f5es de Venda\"}]},{\"@type\":\"WebSite\",\"@id\":\"https:\/\/www.gaudiosolutions.com\/#website\",\"url\":\"https:\/\/www.gaudiosolutions.com\/\",\"name\":\"Global Audio Solutions\",\"description\":\"\",\"potentialAction\":[{\"@type\":\"SearchAction\",\"target\":{\"@type\":\"EntryPoint\",\"urlTemplate\":\"https:\/\/www.gaudiosolutions.com\/?s={search_term_string}\"},\"query-input\":{\"@type\":\"PropertyValueSpecification\",\"valueRequired\":true,\"valueName\":\"search_term_string\"}}],\"inLanguage\":\"pt-BR\"}]}<\/script>\n<!-- \/ Yoast SEO plugin. -->","yoast_head_json":{"title":"VENDA | Global Audio Solutions Softwaree trainamento","robots":{"index":"index","follow":"nofollow","max-snippet":"max-snippet:-1","max-image-preview":"max-image-preview:large","max-video-preview":"max-video-preview:-1"},"canonical":"https:\/\/www.gaudiosolutions.com\/pt-br\/condicoes-de-venda\/","og_locale":"pt_BR","og_type":"article","og_title":"VENDA | Global Audio Solutions Softwaree trainamento","og_description":"[vc_row row_type=&#8221;row&#8221; use_row_as_full_screen_section=&#8221;no&#8221; type=&#8221;grid&#8221; text_align=&#8221;left&#8221; background_animation=&#8221;none&#8221; css_animation=&#8221;&#8221;][vc_column][vc_empty_space height=&#8221;40px&#8221;][vc_column_text] Condi\u00e7\u00f5es de Venda [\/vc_column_text][vc_separator type=&#8221;small&#8221; position=&#8221;left&#8221; color=&#8221;#cf5636&#8243; border_style=&#8221;&#8221;][vc_column_text] Introdu\u00e7\u00e3o &nbsp; A Global Audio Solutions oferece-lhe um servi\u00e7o de compra online que lhe...","og_url":"https:\/\/www.gaudiosolutions.com\/pt-br\/condicoes-de-venda\/","og_site_name":"Global Audio Solutions","article_modified_time":"2022-04-20T10:48:23+00:00","twitter_card":"summary_large_image","twitter_misc":{"Est. tempo de leitura":"8 minutos"},"schema":{"@context":"https:\/\/schema.org","@graph":[{"@type":"WebPage","@id":"https:\/\/www.gaudiosolutions.com\/pt-br\/condicoes-de-venda\/","url":"https:\/\/www.gaudiosolutions.com\/pt-br\/condicoes-de-venda\/","name":"VENDA | Global Audio Solutions Softwaree trainamento","isPartOf":{"@id":"https:\/\/www.gaudiosolutions.com\/#website"},"datePublished":"2019-05-06T10:33:58+00:00","dateModified":"2022-04-20T10:48:23+00:00","breadcrumb":{"@id":"https:\/\/www.gaudiosolutions.com\/pt-br\/condicoes-de-venda\/#breadcrumb"},"inLanguage":"pt-BR","potentialAction":[{"@type":"ReadAction","target":["https:\/\/www.gaudiosolutions.com\/pt-br\/condicoes-de-venda\/"]}]},{"@type":"BreadcrumbList","@id":"https:\/\/www.gaudiosolutions.com\/pt-br\/condicoes-de-venda\/#breadcrumb","itemListElement":[{"@type":"ListItem","position":1,"name":"Portada","item":"https:\/\/www.gaudiosolutions.com\/pt-br\/"},{"@type":"ListItem","position":2,"name":"Condi\u00e7\u00f5es de Venda"}]},{"@type":"WebSite","@id":"https:\/\/www.gaudiosolutions.com\/#website","url":"https:\/\/www.gaudiosolutions.com\/","name":"Global Audio Solutions","description":"","potentialAction":[{"@type":"SearchAction","target":{"@type":"EntryPoint","urlTemplate":"https:\/\/www.gaudiosolutions.com\/?s={search_term_string}"},"query-input":{"@type":"PropertyValueSpecification","valueRequired":true,"valueName":"search_term_string"}}],"inLanguage":"pt-BR"}]}},"_links":{"self":[{"href":"https:\/\/www.gaudiosolutions.com\/pt-br\/wp-json\/wp\/v2\/pages\/8838","targetHints":{"allow":["GET"]}}],"collection":[{"href":"https:\/\/www.gaudiosolutions.com\/pt-br\/wp-json\/wp\/v2\/pages"}],"about":[{"href":"https:\/\/www.gaudiosolutions.com\/pt-br\/wp-json\/wp\/v2\/types\/page"}],"author":[{"embeddable":true,"href":"https:\/\/www.gaudiosolutions.com\/pt-br\/wp-json\/wp\/v2\/users\/1"}],"replies":[{"embeddable":true,"href":"https:\/\/www.gaudiosolutions.com\/pt-br\/wp-json\/wp\/v2\/comments?post=8838"}],"version-history":[{"count":0,"href":"https:\/\/www.gaudiosolutions.com\/pt-br\/wp-json\/wp\/v2\/pages\/8838\/revisions"}],"wp:attachment":[{"href":"https:\/\/www.gaudiosolutions.com\/pt-br\/wp-json\/wp\/v2\/media?parent=8838"}],"curies":[{"name":"wp","href":"https:\/\/api.w.org\/{rel}","templated":true}]}}