{"id":8637,"date":"2020-08-03T11:10:25","date_gmt":"2020-08-03T09:10:25","guid":{"rendered":"https:\/\/www.gaudiosolutions.com\/producto\/protools-on-line\/"},"modified":"2022-04-19T22:05:15","modified_gmt":"2022-04-19T20:05:15","slug":"protools-on-line","status":"publish","type":"product","link":"https:\/\/www.gaudiosolutions.com\/pt-br\/producto\/protools-on-line\/","title":{"rendered":"PROTOOLS (On line)"},"content":{"rendered":"<div class=\"wpb-content-wrapper\"><p>[vc_row row_type=&#8221;row&#8221; use_row_as_full_screen_section=&#8221;no&#8221; type=&#8221;full_width&#8221; text_align=&#8221;left&#8221; background_animation=&#8221;none&#8221; css_animation=&#8221;&#8221;][vc_column][vc_column_text]<strong><span style=\"color: #cf5636;\">DURACI\u00d3N:<\/span><\/strong> 8 Bloques<\/p>\n<p><strong><span style=\"color: #cf5636;\">NIVEL:<\/span><\/strong> Intermedio<\/p>\n<p><span style=\"color: #cf5636;\"><strong>PROFESOR:<\/strong><\/span> <a href=\"https:\/\/www.gaudiosolutions.com\/pt-br\/quem-som-nos\/\">Gustavo Costantino<\/a><\/p>\n<p>&nbsp;<\/p>\n<p><span style=\"color: #cd573c;\"><strong>PRECIO: <\/strong><\/span>150\u20ac[\/vc_column_text][\/vc_column][\/vc_row]<\/p>\n<\/div>","protected":false},"excerpt":{"rendered":"<p>&nbsp;<\/p>\n<p class=\"p1\">Pro Tools se ha convertido en un standard profesional en la industria de la m\u00fasica y la post-producci\u00f3n. Cada vez ser\u00e1 m\u00e1s necesario contar con profesionales perfectamente capacitados para la grabaci\u00f3n, edici\u00f3n, programaci\u00f3n y mezcla. El trabajo de un profesional del sonido, implica conocer perfectamente sus herramientas de trabajo.<\/p>\n<p>&nbsp;<\/p>\n<p class=\"p1\">Este curso recorre de manera interactiva y compartiendo experiencias, todos los fundamentos necesarios para transitar el camino desde la creaci\u00f3n de un Home Studio hasta llegar al DAW como eje principal de un entorno de trabajo digital.<\/p>\n<p>&nbsp;<\/p>\n<p class=\"p1\">El objetivo del curso es que el participante adquiera la agilidad y destreza de uso necesaria para desarrollarse de manera aut\u00f3noma tanto en el \u00e1mbito profesional como en el \u00e1mbito creativo de la m\u00fasica.<\/p>\n<p>&nbsp;<\/p>\n<p>&nbsp;<\/p>\n<p><a href=\"https:\/\/www.gaudiosolutions.com\/wp-content\/uploads\/2021\/09\/PROTOOLS.pdf\" target=\"_blank\" rel=\"noopener noreferrer\"><strong>TEMARIO<\/strong><\/a><\/p>\n<p>&nbsp;<\/p>\n<p>[vc_row row_type=&#8221;row&#8221; use_row_as_full_screen_section=&#8221;grid&#8221; type=&#8221;100%&#8221; text_align=&#8221;center&#8221; background_animation=&#8221;none&#8221; css_animation=&#8221;&#8221;][vc_column][vc_accordion active_tab=&#8221;false&#8221; collapsible=&#8221;yes&#8221; style=&#8221;boxed_accordion&#8221;][vc_accordion_tab title=&#8221;M\u00c1S INFORMACI\u00d3N&#8221; title_color=&#8221;#cf5636&#8243; background_color=&#8221;#424644&#8243; title_tag=&#8221;h6&#8243;][vc_row_inner row_type=&#8221;row&#8221; type=&#8221;100%&#8221; use_row_as_full_screen_section_slide=&#8221;100%&#8221; text_align=&#8221;center&#8221; css_animation=&#8221;&#8221;][vc_column_inner][vc_column_text][contact-form-7 id=\"5747\" title=\"PROTOOLS_contact_es_On_line\"][\/vc_column_text][vc_empty_space height=&#8221;50px&#8221;][\/vc_column_inner][\/vc_row_inner][\/vc_accordion_tab][\/vc_accordion][\/vc_column][\/vc_row]<\/p>\n<p>&nbsp;<\/p>\n<p>&nbsp;<\/p>\n<p>&nbsp;<\/p>\n","protected":false},"featured_media":8285,"comment_status":"open","ping_status":"closed","template":"","meta":[],"product_brand":[],"product_cat":[112,119],"product_tag":[],"class_list":{"0":"post-8637","1":"product","2":"type-product","3":"status-publish","4":"has-post-thumbnail","6":"product_cat-curso-on-line-pt","7":"product_cat-espanhol","9":"first","10":"instock","11":"taxable","12":"shipping-taxable","13":"product-type-variable","14":"has-default-attributes"},"yoast_head":"<!-- This site is optimized with the Yoast SEO plugin v24.5 - https:\/\/yoast.com\/wordpress\/plugins\/seo\/ -->\n<title>PROTOOLS-On-line<\/title>\n<meta name=\"robots\" content=\"index, follow, max-snippet:-1, max-image-preview:large, max-video-preview:-1\" \/>\n<link rel=\"canonical\" href=\"https:\/\/www.gaudiosolutions.com\/pt-br\/producto\/protools-on-line\/\" \/>\n<meta property=\"og:locale\" content=\"pt_BR\" \/>\n<meta property=\"og:type\" content=\"article\" \/>\n<meta property=\"og:title\" content=\"PROTOOLS-On-line\" \/>\n<meta property=\"og:description\" content=\"&nbsp; Pro Tools se ha convertido en un standard profesional en la industria de la m\u00fasica y la post-producci\u00f3n. Cada vez ser\u00e1 m\u00e1s necesario contar con profesionales perfectamente capacitados para la grabaci\u00f3n, edici\u00f3n, programaci\u00f3n y mezcla. El trabajo de un profesional del sonido, implica conocer perfectamente sus herramientas de trabajo. &nbsp; Este curso recorre de manera interactiva y compartiendo experiencias, todos los fundamentos necesarios para transitar el camino desde la creaci\u00f3n de un Home Studio hasta llegar al DAW como eje principal de un entorno de trabajo digital. &nbsp; El objetivo del curso es que el participante adquiera la agilidad y destreza de uso necesaria para desarrollarse de manera aut\u00f3noma tanto en el \u00e1mbito profesional como en el \u00e1mbito creativo de la m\u00fasica. &nbsp;  &nbsp;  TEMARIO  &nbsp;  [vc_row row_type=&quot;row&quot; use_row_as_full_screen_section=&quot;grid&quot; type=&quot;100%&quot; text_align=&quot;center&quot; background_animation=&quot;none&quot; css_animation=&quot;&quot;][vc_column][vc_accordion active_tab=&quot;false&quot; collapsible=&quot;yes&quot; style=&quot;boxed_accordion&quot;][vc_accordion_tab title=&quot;M\u00c1S INFORMACI\u00d3N&quot; title_color=&quot;#cf5636&quot; background_color=&quot;#424644&quot; title_tag=&quot;h6&quot;][vc_row_inner row_type=&quot;row&quot; type=&quot;100%&quot; use_row_as_full_screen_section_slide=&quot;100%&quot; text_align=&quot;center&quot; css_animation=&quot;&quot;][vc_column_inner][vc_column_text][\/vc_column_text][vc_empty_space height=&quot;50px&quot;][\/vc_column_inner][\/vc_row_inner][\/vc_accordion_tab][\/vc_accordion][\/vc_column][\/vc_row]  &nbsp;  &nbsp;  &nbsp;\" \/>\n<meta property=\"og:url\" content=\"https:\/\/www.gaudiosolutions.com\/pt-br\/producto\/protools-on-line\/\" \/>\n<meta property=\"og:site_name\" content=\"Global Audio Solutions\" \/>\n<meta property=\"article:modified_time\" content=\"2022-04-19T20:05:15+00:00\" \/>\n<meta property=\"og:image\" content=\"https:\/\/www.gaudiosolutions.com\/wp-content\/uploads\/2020\/08\/vinyl-1595847_1280.jpg\" \/>\n\t<meta property=\"og:image:width\" content=\"540\" \/>\n\t<meta property=\"og:image:height\" content=\"630\" \/>\n\t<meta property=\"og:image:type\" content=\"image\/jpeg\" \/>\n<meta name=\"twitter:card\" content=\"summary_large_image\" \/>\n<script type=\"application\/ld+json\" class=\"yoast-schema-graph\">{\"@context\":\"https:\/\/schema.org\",\"@graph\":[{\"@type\":\"WebPage\",\"@id\":\"https:\/\/www.gaudiosolutions.com\/pt-br\/producto\/protools-on-line\/\",\"url\":\"https:\/\/www.gaudiosolutions.com\/pt-br\/producto\/protools-on-line\/\",\"name\":\"PROTOOLS-On-line\",\"isPartOf\":{\"@id\":\"https:\/\/www.gaudiosolutions.com\/#website\"},\"primaryImageOfPage\":{\"@id\":\"https:\/\/www.gaudiosolutions.com\/pt-br\/producto\/protools-on-line\/#primaryimage\"},\"image\":{\"@id\":\"https:\/\/www.gaudiosolutions.com\/pt-br\/producto\/protools-on-line\/#primaryimage\"},\"thumbnailUrl\":\"https:\/\/www.gaudiosolutions.com\/wp-content\/uploads\/2020\/08\/vinyl-1595847_1280.jpg\",\"datePublished\":\"2020-08-03T09:10:25+00:00\",\"dateModified\":\"2022-04-19T20:05:15+00:00\",\"breadcrumb\":{\"@id\":\"https:\/\/www.gaudiosolutions.com\/pt-br\/producto\/protools-on-line\/#breadcrumb\"},\"inLanguage\":\"pt-BR\",\"potentialAction\":[{\"@type\":\"ReadAction\",\"target\":[\"https:\/\/www.gaudiosolutions.com\/pt-br\/producto\/protools-on-line\/\"]}]},{\"@type\":\"ImageObject\",\"inLanguage\":\"pt-BR\",\"@id\":\"https:\/\/www.gaudiosolutions.com\/pt-br\/producto\/protools-on-line\/#primaryimage\",\"url\":\"https:\/\/www.gaudiosolutions.com\/wp-content\/uploads\/2020\/08\/vinyl-1595847_1280.jpg\",\"contentUrl\":\"https:\/\/www.gaudiosolutions.com\/wp-content\/uploads\/2020\/08\/vinyl-1595847_1280.jpg\",\"width\":540,\"height\":630},{\"@type\":\"BreadcrumbList\",\"@id\":\"https:\/\/www.gaudiosolutions.com\/pt-br\/producto\/protools-on-line\/#breadcrumb\",\"itemListElement\":[{\"@type\":\"ListItem\",\"position\":1,\"name\":\"Portada\",\"item\":\"https:\/\/www.gaudiosolutions.com\/pt-br\/\"},{\"@type\":\"ListItem\",\"position\":2,\"name\":\"Shop\",\"item\":\"https:\/\/www.gaudiosolutions.com\/pt-br\/shop\/\"},{\"@type\":\"ListItem\",\"position\":3,\"name\":\"PROTOOLS (On line)\"}]},{\"@type\":\"WebSite\",\"@id\":\"https:\/\/www.gaudiosolutions.com\/#website\",\"url\":\"https:\/\/www.gaudiosolutions.com\/\",\"name\":\"Global Audio Solutions\",\"description\":\"\",\"potentialAction\":[{\"@type\":\"SearchAction\",\"target\":{\"@type\":\"EntryPoint\",\"urlTemplate\":\"https:\/\/www.gaudiosolutions.com\/?s={search_term_string}\"},\"query-input\":{\"@type\":\"PropertyValueSpecification\",\"valueRequired\":true,\"valueName\":\"search_term_string\"}}],\"inLanguage\":\"pt-BR\"}]}<\/script>\n<!-- \/ Yoast SEO plugin. -->","yoast_head_json":{"title":"PROTOOLS-On-line","robots":{"index":"index","follow":"follow","max-snippet":"max-snippet:-1","max-image-preview":"max-image-preview:large","max-video-preview":"max-video-preview:-1"},"canonical":"https:\/\/www.gaudiosolutions.com\/pt-br\/producto\/protools-on-line\/","og_locale":"pt_BR","og_type":"article","og_title":"PROTOOLS-On-line","og_description":"&nbsp; Pro Tools se ha convertido en un standard profesional en la industria de la m\u00fasica y la post-producci\u00f3n. Cada vez ser\u00e1 m\u00e1s necesario contar con profesionales perfectamente capacitados para la grabaci\u00f3n, edici\u00f3n, programaci\u00f3n y mezcla. El trabajo de un profesional del sonido, implica conocer perfectamente sus herramientas de trabajo. &nbsp; Este curso recorre de manera interactiva y compartiendo experiencias, todos los fundamentos necesarios para transitar el camino desde la creaci\u00f3n de un Home Studio hasta llegar al DAW como eje principal de un entorno de trabajo digital. &nbsp; El objetivo del curso es que el participante adquiera la agilidad y destreza de uso necesaria para desarrollarse de manera aut\u00f3noma tanto en el \u00e1mbito profesional como en el \u00e1mbito creativo de la m\u00fasica. &nbsp;  &nbsp;  TEMARIO  &nbsp;  [vc_row row_type=\"row\" use_row_as_full_screen_section=\"grid\" type=\"100%\" text_align=\"center\" background_animation=\"none\" css_animation=\"\"][vc_column][vc_accordion active_tab=\"false\" collapsible=\"yes\" style=\"boxed_accordion\"][vc_accordion_tab title=\"M\u00c1S INFORMACI\u00d3N\" title_color=\"#cf5636\" background_color=\"#424644\" title_tag=\"h6\"][vc_row_inner row_type=\"row\" type=\"100%\" use_row_as_full_screen_section_slide=\"100%\" text_align=\"center\" css_animation=\"\"][vc_column_inner][vc_column_text][\/vc_column_text][vc_empty_space height=\"50px\"][\/vc_column_inner][\/vc_row_inner][\/vc_accordion_tab][\/vc_accordion][\/vc_column][\/vc_row]  &nbsp;  &nbsp;  &nbsp;","og_url":"https:\/\/www.gaudiosolutions.com\/pt-br\/producto\/protools-on-line\/","og_site_name":"Global Audio Solutions","article_modified_time":"2022-04-19T20:05:15+00:00","og_image":[{"width":540,"height":630,"url":"https:\/\/www.gaudiosolutions.com\/wp-content\/uploads\/2020\/08\/vinyl-1595847_1280.jpg","type":"image\/jpeg"}],"twitter_card":"summary_large_image","schema":{"@context":"https:\/\/schema.org","@graph":[{"@type":"WebPage","@id":"https:\/\/www.gaudiosolutions.com\/pt-br\/producto\/protools-on-line\/","url":"https:\/\/www.gaudiosolutions.com\/pt-br\/producto\/protools-on-line\/","name":"PROTOOLS-On-line","isPartOf":{"@id":"https:\/\/www.gaudiosolutions.com\/#website"},"primaryImageOfPage":{"@id":"https:\/\/www.gaudiosolutions.com\/pt-br\/producto\/protools-on-line\/#primaryimage"},"image":{"@id":"https:\/\/www.gaudiosolutions.com\/pt-br\/producto\/protools-on-line\/#primaryimage"},"thumbnailUrl":"https:\/\/www.gaudiosolutions.com\/wp-content\/uploads\/2020\/08\/vinyl-1595847_1280.jpg","datePublished":"2020-08-03T09:10:25+00:00","dateModified":"2022-04-19T20:05:15+00:00","breadcrumb":{"@id":"https:\/\/www.gaudiosolutions.com\/pt-br\/producto\/protools-on-line\/#breadcrumb"},"inLanguage":"pt-BR","potentialAction":[{"@type":"ReadAction","target":["https:\/\/www.gaudiosolutions.com\/pt-br\/producto\/protools-on-line\/"]}]},{"@type":"ImageObject","inLanguage":"pt-BR","@id":"https:\/\/www.gaudiosolutions.com\/pt-br\/producto\/protools-on-line\/#primaryimage","url":"https:\/\/www.gaudiosolutions.com\/wp-content\/uploads\/2020\/08\/vinyl-1595847_1280.jpg","contentUrl":"https:\/\/www.gaudiosolutions.com\/wp-content\/uploads\/2020\/08\/vinyl-1595847_1280.jpg","width":540,"height":630},{"@type":"BreadcrumbList","@id":"https:\/\/www.gaudiosolutions.com\/pt-br\/producto\/protools-on-line\/#breadcrumb","itemListElement":[{"@type":"ListItem","position":1,"name":"Portada","item":"https:\/\/www.gaudiosolutions.com\/pt-br\/"},{"@type":"ListItem","position":2,"name":"Shop","item":"https:\/\/www.gaudiosolutions.com\/pt-br\/shop\/"},{"@type":"ListItem","position":3,"name":"PROTOOLS (On line)"}]},{"@type":"WebSite","@id":"https:\/\/www.gaudiosolutions.com\/#website","url":"https:\/\/www.gaudiosolutions.com\/","name":"Global Audio Solutions","description":"","potentialAction":[{"@type":"SearchAction","target":{"@type":"EntryPoint","urlTemplate":"https:\/\/www.gaudiosolutions.com\/?s={search_term_string}"},"query-input":{"@type":"PropertyValueSpecification","valueRequired":true,"valueName":"search_term_string"}}],"inLanguage":"pt-BR"}]}},"_links":{"self":[{"href":"https:\/\/www.gaudiosolutions.com\/pt-br\/wp-json\/wp\/v2\/product\/8637","targetHints":{"allow":["GET"]}}],"collection":[{"href":"https:\/\/www.gaudiosolutions.com\/pt-br\/wp-json\/wp\/v2\/product"}],"about":[{"href":"https:\/\/www.gaudiosolutions.com\/pt-br\/wp-json\/wp\/v2\/types\/product"}],"replies":[{"embeddable":true,"href":"https:\/\/www.gaudiosolutions.com\/pt-br\/wp-json\/wp\/v2\/comments?post=8637"}],"wp:featuredmedia":[{"embeddable":true,"href":"https:\/\/www.gaudiosolutions.com\/pt-br\/wp-json\/wp\/v2\/media\/8285"}],"wp:attachment":[{"href":"https:\/\/www.gaudiosolutions.com\/pt-br\/wp-json\/wp\/v2\/media?parent=8637"}],"wp:term":[{"taxonomy":"product_brand","embeddable":true,"href":"https:\/\/www.gaudiosolutions.com\/pt-br\/wp-json\/wp\/v2\/product_brand?post=8637"},{"taxonomy":"product_cat","embeddable":true,"href":"https:\/\/www.gaudiosolutions.com\/pt-br\/wp-json\/wp\/v2\/product_cat?post=8637"},{"taxonomy":"product_tag","embeddable":true,"href":"https:\/\/www.gaudiosolutions.com\/pt-br\/wp-json\/wp\/v2\/product_tag?post=8637"}],"curies":[{"name":"wp","href":"https:\/\/api.w.org\/{rel}","templated":true}]}}