{"id":8686,"date":"2020-05-20T12:30:57","date_gmt":"2020-05-20T10:30:57","guid":{"rendered":"https:\/\/www.gaudiosolutions.com\/producto\/diseno-programacion-y-conectividad-q-lab4-on-line\/"},"modified":"2022-04-19T22:05:47","modified_gmt":"2022-04-19T20:05:47","slug":"diseno-programacion-y-conectividad-q-lab4-on-line","status":"publish","type":"product","link":"https:\/\/www.gaudiosolutions.com\/pt-br\/producto\/diseno-programacion-y-conectividad-q-lab4-on-line\/","title":{"rendered":"Dise\u00f1o, programaci\u00f3n y conectividad, Q-LAB4 (On line)"},"content":{"rendered":"<p><strong><span style=\"color: #cf5636;\">DURACI\u00d3N:<\/span><\/strong> 8 Bloques<\/p>\n<p><strong><span style=\"color: #cf5636;\">NIVEL:<\/span><\/strong> Intermedio<\/p>\n<p><span style=\"color: #cf5636;\"><strong>PROFESOR:<\/strong><\/span> <a href=\"https:\/\/www.gaudiosolutions.com\/pt-br\/quem-som-nos\/#profes2\">Efren Bellostes<\/a><\/p>\n<p>&nbsp;<\/p>\n<p><span style=\"color: #cd573c;\"><strong>PRECIO: <\/strong><\/span>150\u20ac<\/p>\n","protected":false},"excerpt":{"rendered":"<p>&nbsp;<\/p>\n<p>&nbsp;<\/p>\n<p>Entender la configuraci\u00f3n y programaci\u00f3n a nivel usuario, de eventos multimedia , utilizando Q-LAB 4 , software mundialmente reconocido y otras herramientas, para la gesti\u00f3n de espect\u00e1culos en vivo. Con este fin, realizaremos ejemplos reales, te\u00f3ricos y pr\u00e1cticos de utilizaci\u00f3n, control y automatizaci\u00f3n de diferentes sistemas audiovisuales, tales como proyectores, c\u00e1maras, mesas de sonido y luces, con las tecnolog\u00edas que tenemos a nuestro alcance.<\/p>\n<p>&nbsp;<\/p>\n<p><span class=\"nmt_arial\">\u00a0<\/span><\/p>\n<p><a href=\"https:\/\/www.gaudiosolutions.com\/wp-content\/uploads\/2021\/10\/Qlab.pdf\" target=\"_blank\" rel=\"noopener noreferrer\"><strong>TEMARIO<\/strong><\/a><\/p>\n<p>&nbsp;<\/p>\n<p>[vc_row row_type=&#8221;row&#8221; use_row_as_full_screen_section=&#8221;grid&#8221; type=&#8221;100%&#8221; text_align=&#8221;center&#8221; background_animation=&#8221;none&#8221; css_animation=&#8221;&#8221;][vc_column][vc_accordion active_tab=&#8221;false&#8221; collapsible=&#8221;yes&#8221; style=&#8221;boxed_accordion&#8221;][vc_accordion_tab title=&#8221;M\u00c1S INFORMACI\u00d3N&#8221; title_color=&#8221;#cf5636&#8243; background_color=&#8221;#424644&#8243; title_tag=&#8221;h6&#8243;][vc_row_inner row_type=&#8221;row&#8221; type=&#8221;100%&#8221; use_row_as_full_screen_section_slide=&#8221;100%&#8221; text_align=&#8221;center&#8221; css_animation=&#8221;&#8221;][vc_column_inner][vc_column_text][[contact-form-7 id=\"5504\" title=\"Q-LAB_contact_es_online\"][\/vc_column_text][vc_empty_space height=&#8221;50px&#8221;][\/vc_column_inner][\/vc_row_inner][\/vc_accordion_tab][\/vc_accordion][\/vc_column][\/vc_row]<\/p>\n<p>&nbsp;<\/p>\n<p>&nbsp;<\/p>\n<p>&nbsp;<\/p>\n","protected":false},"featured_media":8137,"comment_status":"open","ping_status":"closed","template":"","meta":[],"product_brand":[],"product_cat":[112,119],"product_tag":[],"class_list":{"0":"post-8686","1":"product","2":"type-product","3":"status-publish","4":"has-post-thumbnail","6":"product_cat-curso-on-line-pt","7":"product_cat-espanhol","9":"first","10":"instock","11":"taxable","12":"shipping-taxable","13":"product-type-variable","14":"has-default-attributes"},"yoast_head":"<!-- This site is optimized with the Yoast SEO plugin v24.5 - https:\/\/yoast.com\/wordpress\/plugins\/seo\/ -->\n<title>Dise\u00f1o, programaci\u00f3n y conectividad, Q-LAB4 (On line) - Global Audio Solutions<\/title>\n<meta name=\"robots\" content=\"index, follow, max-snippet:-1, max-image-preview:large, max-video-preview:-1\" \/>\n<link rel=\"canonical\" href=\"https:\/\/www.gaudiosolutions.com\/pt-br\/producto\/diseno-programacion-y-conectividad-q-lab4-on-line\/\" \/>\n<meta property=\"og:locale\" content=\"pt_BR\" \/>\n<meta property=\"og:type\" content=\"article\" \/>\n<meta property=\"og:title\" content=\"Dise\u00f1o, programaci\u00f3n y conectividad, Q-LAB4 (On line) - Global Audio Solutions\" \/>\n<meta property=\"og:description\" content=\"&nbsp;  &nbsp;  Entender la configuraci\u00f3n y programaci\u00f3n a nivel usuario, de eventos multimedia , utilizando Q-LAB 4 , software mundialmente reconocido y otras herramientas, para la gesti\u00f3n de espect\u00e1culos en vivo. Con este fin, realizaremos ejemplos reales, te\u00f3ricos y pr\u00e1cticos de utilizaci\u00f3n, control y automatizaci\u00f3n de diferentes sistemas audiovisuales, tales como proyectores, c\u00e1maras, mesas de sonido y luces, con las tecnolog\u00edas que tenemos a nuestro alcance.  &nbsp;  \u00a0  TEMARIO  &nbsp;  [vc_row row_type=&quot;row&quot; use_row_as_full_screen_section=&quot;grid&quot; type=&quot;100%&quot; text_align=&quot;center&quot; background_animation=&quot;none&quot; css_animation=&quot;&quot;][vc_column][vc_accordion active_tab=&quot;false&quot; collapsible=&quot;yes&quot; style=&quot;boxed_accordion&quot;][vc_accordion_tab title=&quot;M\u00c1S INFORMACI\u00d3N&quot; title_color=&quot;#cf5636&quot; background_color=&quot;#424644&quot; title_tag=&quot;h6&quot;][vc_row_inner row_type=&quot;row&quot; type=&quot;100%&quot; use_row_as_full_screen_section_slide=&quot;100%&quot; text_align=&quot;center&quot; css_animation=&quot;&quot;][vc_column_inner][vc_column_text][[\/vc_column_text][vc_empty_space height=&quot;50px&quot;][\/vc_column_inner][\/vc_row_inner][\/vc_accordion_tab][\/vc_accordion][\/vc_column][\/vc_row]  &nbsp;  &nbsp;  &nbsp;\" \/>\n<meta property=\"og:url\" content=\"https:\/\/www.gaudiosolutions.com\/pt-br\/producto\/diseno-programacion-y-conectividad-q-lab4-on-line\/\" \/>\n<meta property=\"og:site_name\" content=\"Global Audio Solutions\" \/>\n<meta property=\"article:modified_time\" content=\"2022-04-19T20:05:47+00:00\" \/>\n<meta property=\"og:image\" content=\"https:\/\/www.gaudiosolutions.com\/wp-content\/uploads\/2019\/02\/globalaudiosolutions_curs_qlab.jpg\" \/>\n\t<meta property=\"og:image:width\" content=\"540\" \/>\n\t<meta property=\"og:image:height\" content=\"630\" \/>\n\t<meta property=\"og:image:type\" content=\"image\/jpeg\" \/>\n<meta name=\"twitter:card\" content=\"summary_large_image\" \/>\n<script type=\"application\/ld+json\" class=\"yoast-schema-graph\">{\"@context\":\"https:\/\/schema.org\",\"@graph\":[{\"@type\":\"WebPage\",\"@id\":\"https:\/\/www.gaudiosolutions.com\/pt-br\/producto\/diseno-programacion-y-conectividad-q-lab4-on-line\/\",\"url\":\"https:\/\/www.gaudiosolutions.com\/pt-br\/producto\/diseno-programacion-y-conectividad-q-lab4-on-line\/\",\"name\":\"Dise\u00f1o, programaci\u00f3n y conectividad, Q-LAB4 (On line) - Global Audio Solutions\",\"isPartOf\":{\"@id\":\"https:\/\/www.gaudiosolutions.com\/#website\"},\"primaryImageOfPage\":{\"@id\":\"https:\/\/www.gaudiosolutions.com\/pt-br\/producto\/diseno-programacion-y-conectividad-q-lab4-on-line\/#primaryimage\"},\"image\":{\"@id\":\"https:\/\/www.gaudiosolutions.com\/pt-br\/producto\/diseno-programacion-y-conectividad-q-lab4-on-line\/#primaryimage\"},\"thumbnailUrl\":\"https:\/\/www.gaudiosolutions.com\/wp-content\/uploads\/2019\/02\/globalaudiosolutions_curs_qlab.jpg\",\"datePublished\":\"2020-05-20T10:30:57+00:00\",\"dateModified\":\"2022-04-19T20:05:47+00:00\",\"breadcrumb\":{\"@id\":\"https:\/\/www.gaudiosolutions.com\/pt-br\/producto\/diseno-programacion-y-conectividad-q-lab4-on-line\/#breadcrumb\"},\"inLanguage\":\"pt-BR\",\"potentialAction\":[{\"@type\":\"ReadAction\",\"target\":[\"https:\/\/www.gaudiosolutions.com\/pt-br\/producto\/diseno-programacion-y-conectividad-q-lab4-on-line\/\"]}]},{\"@type\":\"ImageObject\",\"inLanguage\":\"pt-BR\",\"@id\":\"https:\/\/www.gaudiosolutions.com\/pt-br\/producto\/diseno-programacion-y-conectividad-q-lab4-on-line\/#primaryimage\",\"url\":\"https:\/\/www.gaudiosolutions.com\/wp-content\/uploads\/2019\/02\/globalaudiosolutions_curs_qlab.jpg\",\"contentUrl\":\"https:\/\/www.gaudiosolutions.com\/wp-content\/uploads\/2019\/02\/globalaudiosolutions_curs_qlab.jpg\",\"width\":540,\"height\":630},{\"@type\":\"BreadcrumbList\",\"@id\":\"https:\/\/www.gaudiosolutions.com\/pt-br\/producto\/diseno-programacion-y-conectividad-q-lab4-on-line\/#breadcrumb\",\"itemListElement\":[{\"@type\":\"ListItem\",\"position\":1,\"name\":\"Portada\",\"item\":\"https:\/\/www.gaudiosolutions.com\/pt-br\/\"},{\"@type\":\"ListItem\",\"position\":2,\"name\":\"Shop\",\"item\":\"https:\/\/www.gaudiosolutions.com\/pt-br\/shop\/\"},{\"@type\":\"ListItem\",\"position\":3,\"name\":\"Dise\u00f1o, programaci\u00f3n y conectividad, Q-LAB4 (On line)\"}]},{\"@type\":\"WebSite\",\"@id\":\"https:\/\/www.gaudiosolutions.com\/#website\",\"url\":\"https:\/\/www.gaudiosolutions.com\/\",\"name\":\"Global Audio Solutions\",\"description\":\"\",\"potentialAction\":[{\"@type\":\"SearchAction\",\"target\":{\"@type\":\"EntryPoint\",\"urlTemplate\":\"https:\/\/www.gaudiosolutions.com\/?s={search_term_string}\"},\"query-input\":{\"@type\":\"PropertyValueSpecification\",\"valueRequired\":true,\"valueName\":\"search_term_string\"}}],\"inLanguage\":\"pt-BR\"}]}<\/script>\n<!-- \/ Yoast SEO plugin. -->","yoast_head_json":{"title":"Dise\u00f1o, programaci\u00f3n y conectividad, Q-LAB4 (On line) - Global Audio Solutions","robots":{"index":"index","follow":"follow","max-snippet":"max-snippet:-1","max-image-preview":"max-image-preview:large","max-video-preview":"max-video-preview:-1"},"canonical":"https:\/\/www.gaudiosolutions.com\/pt-br\/producto\/diseno-programacion-y-conectividad-q-lab4-on-line\/","og_locale":"pt_BR","og_type":"article","og_title":"Dise\u00f1o, programaci\u00f3n y conectividad, Q-LAB4 (On line) - Global Audio Solutions","og_description":"&nbsp;  &nbsp;  Entender la configuraci\u00f3n y programaci\u00f3n a nivel usuario, de eventos multimedia , utilizando Q-LAB 4 , software mundialmente reconocido y otras herramientas, para la gesti\u00f3n de espect\u00e1culos en vivo. Con este fin, realizaremos ejemplos reales, te\u00f3ricos y pr\u00e1cticos de utilizaci\u00f3n, control y automatizaci\u00f3n de diferentes sistemas audiovisuales, tales como proyectores, c\u00e1maras, mesas de sonido y luces, con las tecnolog\u00edas que tenemos a nuestro alcance.  &nbsp;  \u00a0  TEMARIO  &nbsp;  [vc_row row_type=\"row\" use_row_as_full_screen_section=\"grid\" type=\"100%\" text_align=\"center\" background_animation=\"none\" css_animation=\"\"][vc_column][vc_accordion active_tab=\"false\" collapsible=\"yes\" style=\"boxed_accordion\"][vc_accordion_tab title=\"M\u00c1S INFORMACI\u00d3N\" title_color=\"#cf5636\" background_color=\"#424644\" title_tag=\"h6\"][vc_row_inner row_type=\"row\" type=\"100%\" use_row_as_full_screen_section_slide=\"100%\" text_align=\"center\" css_animation=\"\"][vc_column_inner][vc_column_text][[\/vc_column_text][vc_empty_space height=\"50px\"][\/vc_column_inner][\/vc_row_inner][\/vc_accordion_tab][\/vc_accordion][\/vc_column][\/vc_row]  &nbsp;  &nbsp;  &nbsp;","og_url":"https:\/\/www.gaudiosolutions.com\/pt-br\/producto\/diseno-programacion-y-conectividad-q-lab4-on-line\/","og_site_name":"Global Audio Solutions","article_modified_time":"2022-04-19T20:05:47+00:00","og_image":[{"width":540,"height":630,"url":"https:\/\/www.gaudiosolutions.com\/wp-content\/uploads\/2019\/02\/globalaudiosolutions_curs_qlab.jpg","type":"image\/jpeg"}],"twitter_card":"summary_large_image","schema":{"@context":"https:\/\/schema.org","@graph":[{"@type":"WebPage","@id":"https:\/\/www.gaudiosolutions.com\/pt-br\/producto\/diseno-programacion-y-conectividad-q-lab4-on-line\/","url":"https:\/\/www.gaudiosolutions.com\/pt-br\/producto\/diseno-programacion-y-conectividad-q-lab4-on-line\/","name":"Dise\u00f1o, programaci\u00f3n y conectividad, Q-LAB4 (On line) - Global Audio Solutions","isPartOf":{"@id":"https:\/\/www.gaudiosolutions.com\/#website"},"primaryImageOfPage":{"@id":"https:\/\/www.gaudiosolutions.com\/pt-br\/producto\/diseno-programacion-y-conectividad-q-lab4-on-line\/#primaryimage"},"image":{"@id":"https:\/\/www.gaudiosolutions.com\/pt-br\/producto\/diseno-programacion-y-conectividad-q-lab4-on-line\/#primaryimage"},"thumbnailUrl":"https:\/\/www.gaudiosolutions.com\/wp-content\/uploads\/2019\/02\/globalaudiosolutions_curs_qlab.jpg","datePublished":"2020-05-20T10:30:57+00:00","dateModified":"2022-04-19T20:05:47+00:00","breadcrumb":{"@id":"https:\/\/www.gaudiosolutions.com\/pt-br\/producto\/diseno-programacion-y-conectividad-q-lab4-on-line\/#breadcrumb"},"inLanguage":"pt-BR","potentialAction":[{"@type":"ReadAction","target":["https:\/\/www.gaudiosolutions.com\/pt-br\/producto\/diseno-programacion-y-conectividad-q-lab4-on-line\/"]}]},{"@type":"ImageObject","inLanguage":"pt-BR","@id":"https:\/\/www.gaudiosolutions.com\/pt-br\/producto\/diseno-programacion-y-conectividad-q-lab4-on-line\/#primaryimage","url":"https:\/\/www.gaudiosolutions.com\/wp-content\/uploads\/2019\/02\/globalaudiosolutions_curs_qlab.jpg","contentUrl":"https:\/\/www.gaudiosolutions.com\/wp-content\/uploads\/2019\/02\/globalaudiosolutions_curs_qlab.jpg","width":540,"height":630},{"@type":"BreadcrumbList","@id":"https:\/\/www.gaudiosolutions.com\/pt-br\/producto\/diseno-programacion-y-conectividad-q-lab4-on-line\/#breadcrumb","itemListElement":[{"@type":"ListItem","position":1,"name":"Portada","item":"https:\/\/www.gaudiosolutions.com\/pt-br\/"},{"@type":"ListItem","position":2,"name":"Shop","item":"https:\/\/www.gaudiosolutions.com\/pt-br\/shop\/"},{"@type":"ListItem","position":3,"name":"Dise\u00f1o, programaci\u00f3n y conectividad, Q-LAB4 (On line)"}]},{"@type":"WebSite","@id":"https:\/\/www.gaudiosolutions.com\/#website","url":"https:\/\/www.gaudiosolutions.com\/","name":"Global Audio Solutions","description":"","potentialAction":[{"@type":"SearchAction","target":{"@type":"EntryPoint","urlTemplate":"https:\/\/www.gaudiosolutions.com\/?s={search_term_string}"},"query-input":{"@type":"PropertyValueSpecification","valueRequired":true,"valueName":"search_term_string"}}],"inLanguage":"pt-BR"}]}},"_links":{"self":[{"href":"https:\/\/www.gaudiosolutions.com\/pt-br\/wp-json\/wp\/v2\/product\/8686","targetHints":{"allow":["GET"]}}],"collection":[{"href":"https:\/\/www.gaudiosolutions.com\/pt-br\/wp-json\/wp\/v2\/product"}],"about":[{"href":"https:\/\/www.gaudiosolutions.com\/pt-br\/wp-json\/wp\/v2\/types\/product"}],"replies":[{"embeddable":true,"href":"https:\/\/www.gaudiosolutions.com\/pt-br\/wp-json\/wp\/v2\/comments?post=8686"}],"wp:featuredmedia":[{"embeddable":true,"href":"https:\/\/www.gaudiosolutions.com\/pt-br\/wp-json\/wp\/v2\/media\/8137"}],"wp:attachment":[{"href":"https:\/\/www.gaudiosolutions.com\/pt-br\/wp-json\/wp\/v2\/media?parent=8686"}],"wp:term":[{"taxonomy":"product_brand","embeddable":true,"href":"https:\/\/www.gaudiosolutions.com\/pt-br\/wp-json\/wp\/v2\/product_brand?post=8686"},{"taxonomy":"product_cat","embeddable":true,"href":"https:\/\/www.gaudiosolutions.com\/pt-br\/wp-json\/wp\/v2\/product_cat?post=8686"},{"taxonomy":"product_tag","embeddable":true,"href":"https:\/\/www.gaudiosolutions.com\/pt-br\/wp-json\/wp\/v2\/product_tag?post=8686"}],"curies":[{"name":"wp","href":"https:\/\/api.w.org\/{rel}","templated":true}]}}