{"id":8736,"date":"2020-04-08T23:36:58","date_gmt":"2020-04-08T21:36:58","guid":{"rendered":"https:\/\/www.gaudiosolutions.com\/producto\/ajuste-de-sistemas-on-line\/"},"modified":"2026-01-24T16:55:48","modified_gmt":"2026-01-24T15:55:48","slug":"ajuste-de-sistemas-on-line","status":"publish","type":"product","link":"https:\/\/www.gaudiosolutions.com\/pt-br\/producto\/ajuste-de-sistemas-on-line\/","title":{"rendered":"T\u00e9cnico de Sistemas para Espet\u00e1culos (On line)"},"content":{"rendered":"<p><span style=\"color: #cd573c;\"><strong>DURA\u00c7\u00c3O: <\/strong><\/span>30 horas<\/p>\n<p><span style=\"color: #cd573c;\"><strong>N\u00cdVEL<\/strong>:<\/span> Intermedi\u00e1rio<\/p>\n<p><span style=\"color: #cd573c;\"><strong>PROFESSOR:<\/strong><\/span> <span style=\"color: #ffffff;\"><a style=\"color: #ffffff;\" href=\"https:\/\/www.gaudiosolutions.com\/pt-br\/quem-som-nos\/#profes1\" target=\"_blank\" rel=\"noopener noreferrer\">Pepe Ferrer<\/a><\/span><\/p>\n<p>&nbsp;<\/p>\n<p>PRE\u00c7O: 250\u20ac<\/p>\n","protected":false},"excerpt":{"rendered":"<p>&nbsp;<\/p>\n<p class=\"p1\"><span class=\"s1\">O curso Ajuste de Sistemas estuda, por meio de exemplos te\u00f3rico-pr\u00e1ticos e com ferramentas virtuais, todos os conceitos-chave para entender o comportamento dos arranjos de alto-falantes a partir da an\u00e1lise FFT.<\/span><\/p>\n<p class=\"p1\"><span class=\"s1\">S\u00e3o utilizadas as ferramentas RiTA e Submap para acompanhar os conte\u00fados program\u00e1ticos, e s\u00e3o propostos exerc\u00edcios ao final de cada t\u00f3pico, que consolidam os conceitos desenvolvidos.<\/span><\/p>\n<p class=\"p1\"><span class=\"s1\">Todos os blocos de estudo s\u00e3o realizados ao vivo, de forma virtual, com intera\u00e7\u00e3o entre aluno e professor. Al\u00e9m disso, ap\u00f3s a conclus\u00e3o do bloco de semin\u00e1rio, o acompanhamento continua por e-mail.<\/span><\/p>\n<p><span class=\"nmt_arial\"> <\/span><\/p>\n<p>Baixe as informa\u00e7\u00f5es e o programa do curso <a href=\"https:\/\/www.gaudiosolutions.com\/wp-content\/uploads\/2025\/09\/TS-on-line.pdf\" target=\"_blank\" rel=\"noopener noreferrer\"><strong>aqu\u00ed<\/strong> <\/a><\/p>\n<p>&nbsp;<\/p>\n<p>[vc_row row_type=&#8221;row&#8221; use_row_as_full_screen_section=&#8221;grid&#8221; type=&#8221;100%&#8221; text_align=&#8221;center&#8221; background_animation=&#8221;none&#8221; css_animation=&#8221;&#8221;][vc_column][vc_accordion active_tab=&#8221;false&#8221; collapsible=&#8221;yes&#8221; style=&#8221;boxed_accordion&#8221;][vc_accordion_tab title=&#8221;MAIS INFORMA\u00c7\u00c3O&#8221; title_color=&#8221;#cf5636&#8243; background_color=&#8221;#424644&#8243; title_tag=&#8221;h6&#8243;][vc_row_inner row_type=&#8221;row&#8221; type=&#8221;100%&#8221; use_row_as_full_screen_section_slide=&#8221;100%&#8221; text_align=&#8221;center&#8221; css_animation=&#8221;&#8221;][vc_column_inner][vc_column_text][contact-form-7 id=\"5507\" title=\"T\u00c9CNICO_contact_pt\"][\/vc_column_text][vc_empty_space height=&#8221;50px&#8221;][\/vc_column_inner][\/vc_row_inner][\/vc_accordion_tab][\/vc_accordion][\/vc_column][\/vc_row]<\/p>\n<p>&nbsp;<\/p>\n<p>&nbsp;<\/p>\n<p>&nbsp;<\/p>\n","protected":false},"featured_media":8131,"comment_status":"open","ping_status":"closed","template":"","meta":[],"product_brand":[],"product_cat":[112,119],"product_tag":[],"class_list":{"0":"post-8736","1":"product","2":"type-product","3":"status-publish","4":"has-post-thumbnail","6":"product_cat-curso-on-line-pt","7":"product_cat-espanhol","9":"first","10":"instock","11":"taxable","12":"shipping-taxable","13":"purchasable","14":"product-type-variable","15":"has-default-attributes"},"yoast_head":"<!-- This site is optimized with the Yoast SEO plugin v24.5 - https:\/\/yoast.com\/wordpress\/plugins\/seo\/ -->\n<title>T\u00e9cnico de Sistemas para Espet\u00e1culos (On line) - Global Audio Solutions<\/title>\n<meta name=\"description\" content=\"O curso Ajuste de Sistemas estuda, por meio de exemplos te\u00f3rico-pr\u00e1ticos e com ferramentas virtuais, todos os conceitos-chave para entender o comportamento dos arranjos de alto-falantes a partir da an\u00e1lise FFT.\" \/>\n<meta name=\"robots\" content=\"index, follow, max-snippet:-1, max-image-preview:large, max-video-preview:-1\" \/>\n<link rel=\"canonical\" href=\"https:\/\/www.gaudiosolutions.com\/pt-br\/producto\/ajuste-de-sistemas-on-line\/\" \/>\n<meta property=\"og:locale\" content=\"pt_BR\" \/>\n<meta property=\"og:type\" content=\"article\" \/>\n<meta property=\"og:title\" content=\"T\u00e9cnico de Sistemas para Espet\u00e1culos (On line) - Global Audio Solutions\" \/>\n<meta property=\"og:description\" content=\"O curso Ajuste de Sistemas estuda, por meio de exemplos te\u00f3rico-pr\u00e1ticos e com ferramentas virtuais, todos os conceitos-chave para entender o comportamento dos arranjos de alto-falantes a partir da an\u00e1lise FFT.\" \/>\n<meta property=\"og:url\" content=\"https:\/\/www.gaudiosolutions.com\/pt-br\/producto\/ajuste-de-sistemas-on-line\/\" \/>\n<meta property=\"og:site_name\" content=\"Global Audio Solutions\" \/>\n<meta property=\"article:modified_time\" content=\"2026-01-24T15:55:48+00:00\" \/>\n<meta property=\"og:image\" content=\"https:\/\/www.gaudiosolutions.com\/wp-content\/uploads\/2019\/02\/globalaudiosolutions_curs_tecnicoespectaculo.jpg\" \/>\n\t<meta property=\"og:image:width\" content=\"540\" \/>\n\t<meta property=\"og:image:height\" content=\"630\" \/>\n\t<meta property=\"og:image:type\" content=\"image\/jpeg\" \/>\n<meta name=\"twitter:card\" content=\"summary_large_image\" \/>\n<meta name=\"twitter:label1\" content=\"Est. tempo de leitura\" \/>\n\t<meta name=\"twitter:data1\" content=\"1 minuto\" \/>\n<script type=\"application\/ld+json\" class=\"yoast-schema-graph\">{\"@context\":\"https:\/\/schema.org\",\"@graph\":[{\"@type\":\"WebPage\",\"@id\":\"https:\/\/www.gaudiosolutions.com\/pt-br\/producto\/ajuste-de-sistemas-on-line\/\",\"url\":\"https:\/\/www.gaudiosolutions.com\/pt-br\/producto\/ajuste-de-sistemas-on-line\/\",\"name\":\"T\u00e9cnico de Sistemas para Espet\u00e1culos (On line) - Global Audio Solutions\",\"isPartOf\":{\"@id\":\"https:\/\/www.gaudiosolutions.com\/#website\"},\"primaryImageOfPage\":{\"@id\":\"https:\/\/www.gaudiosolutions.com\/pt-br\/producto\/ajuste-de-sistemas-on-line\/#primaryimage\"},\"image\":{\"@id\":\"https:\/\/www.gaudiosolutions.com\/pt-br\/producto\/ajuste-de-sistemas-on-line\/#primaryimage\"},\"thumbnailUrl\":\"https:\/\/www.gaudiosolutions.com\/wp-content\/uploads\/2019\/02\/globalaudiosolutions_curs_tecnicoespectaculo.jpg\",\"datePublished\":\"2020-04-08T21:36:58+00:00\",\"dateModified\":\"2026-01-24T15:55:48+00:00\",\"description\":\"O curso Ajuste de Sistemas estuda, por meio de exemplos te\u00f3rico-pr\u00e1ticos e com ferramentas virtuais, todos os conceitos-chave para entender o comportamento dos arranjos de alto-falantes a partir da an\u00e1lise FFT.\",\"breadcrumb\":{\"@id\":\"https:\/\/www.gaudiosolutions.com\/pt-br\/producto\/ajuste-de-sistemas-on-line\/#breadcrumb\"},\"inLanguage\":\"pt-BR\",\"potentialAction\":[{\"@type\":\"ReadAction\",\"target\":[\"https:\/\/www.gaudiosolutions.com\/pt-br\/producto\/ajuste-de-sistemas-on-line\/\"]}]},{\"@type\":\"ImageObject\",\"inLanguage\":\"pt-BR\",\"@id\":\"https:\/\/www.gaudiosolutions.com\/pt-br\/producto\/ajuste-de-sistemas-on-line\/#primaryimage\",\"url\":\"https:\/\/www.gaudiosolutions.com\/wp-content\/uploads\/2019\/02\/globalaudiosolutions_curs_tecnicoespectaculo.jpg\",\"contentUrl\":\"https:\/\/www.gaudiosolutions.com\/wp-content\/uploads\/2019\/02\/globalaudiosolutions_curs_tecnicoespectaculo.jpg\",\"width\":540,\"height\":630},{\"@type\":\"BreadcrumbList\",\"@id\":\"https:\/\/www.gaudiosolutions.com\/pt-br\/producto\/ajuste-de-sistemas-on-line\/#breadcrumb\",\"itemListElement\":[{\"@type\":\"ListItem\",\"position\":1,\"name\":\"Portada\",\"item\":\"https:\/\/www.gaudiosolutions.com\/pt-br\/\"},{\"@type\":\"ListItem\",\"position\":2,\"name\":\"Shop\",\"item\":\"https:\/\/www.gaudiosolutions.com\/pt-br\/shop\/\"},{\"@type\":\"ListItem\",\"position\":3,\"name\":\"T\u00e9cnico de Sistemas para Espet\u00e1culos (On line)\"}]},{\"@type\":\"WebSite\",\"@id\":\"https:\/\/www.gaudiosolutions.com\/#website\",\"url\":\"https:\/\/www.gaudiosolutions.com\/\",\"name\":\"Global Audio Solutions\",\"description\":\"\",\"potentialAction\":[{\"@type\":\"SearchAction\",\"target\":{\"@type\":\"EntryPoint\",\"urlTemplate\":\"https:\/\/www.gaudiosolutions.com\/?s={search_term_string}\"},\"query-input\":{\"@type\":\"PropertyValueSpecification\",\"valueRequired\":true,\"valueName\":\"search_term_string\"}}],\"inLanguage\":\"pt-BR\"}]}<\/script>\n<!-- \/ Yoast SEO plugin. -->","yoast_head_json":{"title":"T\u00e9cnico de Sistemas para Espet\u00e1culos (On line) - Global Audio Solutions","description":"O curso Ajuste de Sistemas estuda, por meio de exemplos te\u00f3rico-pr\u00e1ticos e com ferramentas virtuais, todos os conceitos-chave para entender o comportamento dos arranjos de alto-falantes a partir da an\u00e1lise FFT.","robots":{"index":"index","follow":"follow","max-snippet":"max-snippet:-1","max-image-preview":"max-image-preview:large","max-video-preview":"max-video-preview:-1"},"canonical":"https:\/\/www.gaudiosolutions.com\/pt-br\/producto\/ajuste-de-sistemas-on-line\/","og_locale":"pt_BR","og_type":"article","og_title":"T\u00e9cnico de Sistemas para Espet\u00e1culos (On line) - Global Audio Solutions","og_description":"O curso Ajuste de Sistemas estuda, por meio de exemplos te\u00f3rico-pr\u00e1ticos e com ferramentas virtuais, todos os conceitos-chave para entender o comportamento dos arranjos de alto-falantes a partir da an\u00e1lise FFT.","og_url":"https:\/\/www.gaudiosolutions.com\/pt-br\/producto\/ajuste-de-sistemas-on-line\/","og_site_name":"Global Audio Solutions","article_modified_time":"2026-01-24T15:55:48+00:00","og_image":[{"width":540,"height":630,"url":"https:\/\/www.gaudiosolutions.com\/wp-content\/uploads\/2019\/02\/globalaudiosolutions_curs_tecnicoespectaculo.jpg","type":"image\/jpeg"}],"twitter_card":"summary_large_image","twitter_misc":{"Est. tempo de leitura":"1 minuto"},"schema":{"@context":"https:\/\/schema.org","@graph":[{"@type":"WebPage","@id":"https:\/\/www.gaudiosolutions.com\/pt-br\/producto\/ajuste-de-sistemas-on-line\/","url":"https:\/\/www.gaudiosolutions.com\/pt-br\/producto\/ajuste-de-sistemas-on-line\/","name":"T\u00e9cnico de Sistemas para Espet\u00e1culos (On line) - Global Audio Solutions","isPartOf":{"@id":"https:\/\/www.gaudiosolutions.com\/#website"},"primaryImageOfPage":{"@id":"https:\/\/www.gaudiosolutions.com\/pt-br\/producto\/ajuste-de-sistemas-on-line\/#primaryimage"},"image":{"@id":"https:\/\/www.gaudiosolutions.com\/pt-br\/producto\/ajuste-de-sistemas-on-line\/#primaryimage"},"thumbnailUrl":"https:\/\/www.gaudiosolutions.com\/wp-content\/uploads\/2019\/02\/globalaudiosolutions_curs_tecnicoespectaculo.jpg","datePublished":"2020-04-08T21:36:58+00:00","dateModified":"2026-01-24T15:55:48+00:00","description":"O curso Ajuste de Sistemas estuda, por meio de exemplos te\u00f3rico-pr\u00e1ticos e com ferramentas virtuais, todos os conceitos-chave para entender o comportamento dos arranjos de alto-falantes a partir da an\u00e1lise FFT.","breadcrumb":{"@id":"https:\/\/www.gaudiosolutions.com\/pt-br\/producto\/ajuste-de-sistemas-on-line\/#breadcrumb"},"inLanguage":"pt-BR","potentialAction":[{"@type":"ReadAction","target":["https:\/\/www.gaudiosolutions.com\/pt-br\/producto\/ajuste-de-sistemas-on-line\/"]}]},{"@type":"ImageObject","inLanguage":"pt-BR","@id":"https:\/\/www.gaudiosolutions.com\/pt-br\/producto\/ajuste-de-sistemas-on-line\/#primaryimage","url":"https:\/\/www.gaudiosolutions.com\/wp-content\/uploads\/2019\/02\/globalaudiosolutions_curs_tecnicoespectaculo.jpg","contentUrl":"https:\/\/www.gaudiosolutions.com\/wp-content\/uploads\/2019\/02\/globalaudiosolutions_curs_tecnicoespectaculo.jpg","width":540,"height":630},{"@type":"BreadcrumbList","@id":"https:\/\/www.gaudiosolutions.com\/pt-br\/producto\/ajuste-de-sistemas-on-line\/#breadcrumb","itemListElement":[{"@type":"ListItem","position":1,"name":"Portada","item":"https:\/\/www.gaudiosolutions.com\/pt-br\/"},{"@type":"ListItem","position":2,"name":"Shop","item":"https:\/\/www.gaudiosolutions.com\/pt-br\/shop\/"},{"@type":"ListItem","position":3,"name":"T\u00e9cnico de Sistemas para Espet\u00e1culos (On line)"}]},{"@type":"WebSite","@id":"https:\/\/www.gaudiosolutions.com\/#website","url":"https:\/\/www.gaudiosolutions.com\/","name":"Global Audio Solutions","description":"","potentialAction":[{"@type":"SearchAction","target":{"@type":"EntryPoint","urlTemplate":"https:\/\/www.gaudiosolutions.com\/?s={search_term_string}"},"query-input":{"@type":"PropertyValueSpecification","valueRequired":true,"valueName":"search_term_string"}}],"inLanguage":"pt-BR"}]}},"_links":{"self":[{"href":"https:\/\/www.gaudiosolutions.com\/pt-br\/wp-json\/wp\/v2\/product\/8736","targetHints":{"allow":["GET"]}}],"collection":[{"href":"https:\/\/www.gaudiosolutions.com\/pt-br\/wp-json\/wp\/v2\/product"}],"about":[{"href":"https:\/\/www.gaudiosolutions.com\/pt-br\/wp-json\/wp\/v2\/types\/product"}],"replies":[{"embeddable":true,"href":"https:\/\/www.gaudiosolutions.com\/pt-br\/wp-json\/wp\/v2\/comments?post=8736"}],"wp:featuredmedia":[{"embeddable":true,"href":"https:\/\/www.gaudiosolutions.com\/pt-br\/wp-json\/wp\/v2\/media\/8131"}],"wp:attachment":[{"href":"https:\/\/www.gaudiosolutions.com\/pt-br\/wp-json\/wp\/v2\/media?parent=8736"}],"wp:term":[{"taxonomy":"product_brand","embeddable":true,"href":"https:\/\/www.gaudiosolutions.com\/pt-br\/wp-json\/wp\/v2\/product_brand?post=8736"},{"taxonomy":"product_cat","embeddable":true,"href":"https:\/\/www.gaudiosolutions.com\/pt-br\/wp-json\/wp\/v2\/product_cat?post=8736"},{"taxonomy":"product_tag","embeddable":true,"href":"https:\/\/www.gaudiosolutions.com\/pt-br\/wp-json\/wp\/v2\/product_tag?post=8736"}],"curies":[{"name":"wp","href":"https:\/\/api.w.org\/{rel}","templated":true}]}}