{"id":8762,"date":"2022-03-01T12:06:29","date_gmt":"2022-03-01T11:06:29","guid":{"rendered":"https:\/\/www.gaudiosolutions.com\/producto\/lbc\/"},"modified":"2022-04-20T11:48:03","modified_gmt":"2022-04-20T09:48:03","slug":"lbc","status":"publish","type":"product","link":"https:\/\/www.gaudiosolutions.com\/pt-br\/producto\/lbc\/","title":{"rendered":"LBC (Low Beam Control)"},"content":{"rendered":"","protected":false},"excerpt":{"rendered":"<p>O APP LBC (Low Beam Control) \u00e9 uma ferramenta desenvolvida para apoiar o c\u00e1lculo de APF (All Pass Filters) a ser aplicado em sistemas Line Arrays. Isso levar\u00e1 a um controle do l\u00f3bulo de m\u00e9dio grave e melhorar\u00e1 a distribui\u00e7\u00e3o e a cobertura do som em uma faixa mais ampla de frequ\u00eancias.<\/p>\n","protected":false},"featured_media":8341,"comment_status":"open","ping_status":"closed","template":"","meta":[],"product_brand":[],"product_cat":[110],"product_tag":[],"class_list":{"0":"post-8762","1":"product","2":"type-product","3":"status-publish","4":"has-post-thumbnail","6":"product_cat-aplicativos","8":"first","9":"instock","10":"sold-individually","11":"taxable","12":"shipping-taxable","13":"purchasable","14":"product-type-variable"},"yoast_head":"<!-- This site is optimized with the Yoast SEO plugin v24.5 - https:\/\/yoast.com\/wordpress\/plugins\/seo\/ -->\n<title>LBC (Low Beam Control) | Global Audio Solutions Software e Treinamento<\/title>\n<meta name=\"description\" content=\"O APP LBC (Low Beam Control) \u00e9 uma ferramenta desenvolvida para apoiar o c\u00e1lculo de APF (All Pass Filters) a ser aplicado em sistemas Line Arrays.\" \/>\n<meta name=\"robots\" content=\"index, follow, max-snippet:-1, max-image-preview:large, max-video-preview:-1\" \/>\n<link rel=\"canonical\" href=\"https:\/\/www.gaudiosolutions.com\/pt-br\/producto\/lbc\/\" \/>\n<meta property=\"og:locale\" content=\"pt_BR\" \/>\n<meta property=\"og:type\" content=\"article\" \/>\n<meta property=\"og:title\" content=\"LBC (Low Beam Control) | Global Audio Solutions Software e Treinamento\" \/>\n<meta property=\"og:description\" content=\"O APP LBC (Low Beam Control) \u00e9 uma ferramenta desenvolvida para apoiar o c\u00e1lculo de APF (All Pass Filters) a ser aplicado em sistemas Line Arrays.\" \/>\n<meta property=\"og:url\" content=\"https:\/\/www.gaudiosolutions.com\/pt-br\/producto\/lbc\/\" \/>\n<meta property=\"og:site_name\" content=\"Global Audio Solutions\" \/>\n<meta property=\"article:modified_time\" content=\"2022-04-20T09:48:03+00:00\" \/>\n<meta property=\"og:image\" content=\"https:\/\/www.gaudiosolutions.com\/wp-content\/uploads\/2022\/03\/Captura-de-pantalla-2022-03-01-a-las-20.06.18-e1646161696592.png\" \/>\n\t<meta property=\"og:image:width\" content=\"600\" \/>\n\t<meta property=\"og:image:height\" content=\"631\" \/>\n\t<meta property=\"og:image:type\" content=\"image\/png\" \/>\n<meta name=\"twitter:card\" content=\"summary_large_image\" \/>\n<script type=\"application\/ld+json\" class=\"yoast-schema-graph\">{\"@context\":\"https:\/\/schema.org\",\"@graph\":[{\"@type\":\"WebPage\",\"@id\":\"https:\/\/www.gaudiosolutions.com\/pt-br\/producto\/lbc\/\",\"url\":\"https:\/\/www.gaudiosolutions.com\/pt-br\/producto\/lbc\/\",\"name\":\"LBC (Low Beam Control) | Global Audio Solutions Software e Treinamento\",\"isPartOf\":{\"@id\":\"https:\/\/www.gaudiosolutions.com\/#website\"},\"primaryImageOfPage\":{\"@id\":\"https:\/\/www.gaudiosolutions.com\/pt-br\/producto\/lbc\/#primaryimage\"},\"image\":{\"@id\":\"https:\/\/www.gaudiosolutions.com\/pt-br\/producto\/lbc\/#primaryimage\"},\"thumbnailUrl\":\"https:\/\/www.gaudiosolutions.com\/wp-content\/uploads\/2022\/03\/Captura-de-pantalla-2022-03-01-a-las-20.06.18-e1646161696592.png\",\"datePublished\":\"2022-03-01T11:06:29+00:00\",\"dateModified\":\"2022-04-20T09:48:03+00:00\",\"description\":\"O APP LBC (Low Beam Control) \u00e9 uma ferramenta desenvolvida para apoiar o c\u00e1lculo de APF (All Pass Filters) a ser aplicado em sistemas Line Arrays.\",\"breadcrumb\":{\"@id\":\"https:\/\/www.gaudiosolutions.com\/pt-br\/producto\/lbc\/#breadcrumb\"},\"inLanguage\":\"pt-BR\",\"potentialAction\":[{\"@type\":\"ReadAction\",\"target\":[\"https:\/\/www.gaudiosolutions.com\/pt-br\/producto\/lbc\/\"]}]},{\"@type\":\"ImageObject\",\"inLanguage\":\"pt-BR\",\"@id\":\"https:\/\/www.gaudiosolutions.com\/pt-br\/producto\/lbc\/#primaryimage\",\"url\":\"https:\/\/www.gaudiosolutions.com\/wp-content\/uploads\/2022\/03\/Captura-de-pantalla-2022-03-01-a-las-20.06.18-e1646161696592.png\",\"contentUrl\":\"https:\/\/www.gaudiosolutions.com\/wp-content\/uploads\/2022\/03\/Captura-de-pantalla-2022-03-01-a-las-20.06.18-e1646161696592.png\",\"width\":600,\"height\":631},{\"@type\":\"BreadcrumbList\",\"@id\":\"https:\/\/www.gaudiosolutions.com\/pt-br\/producto\/lbc\/#breadcrumb\",\"itemListElement\":[{\"@type\":\"ListItem\",\"position\":1,\"name\":\"Portada\",\"item\":\"https:\/\/www.gaudiosolutions.com\/pt-br\/\"},{\"@type\":\"ListItem\",\"position\":2,\"name\":\"Shop\",\"item\":\"https:\/\/www.gaudiosolutions.com\/pt-br\/shop\/\"},{\"@type\":\"ListItem\",\"position\":3,\"name\":\"LBC (Low Beam Control)\"}]},{\"@type\":\"WebSite\",\"@id\":\"https:\/\/www.gaudiosolutions.com\/#website\",\"url\":\"https:\/\/www.gaudiosolutions.com\/\",\"name\":\"Global Audio Solutions\",\"description\":\"\",\"potentialAction\":[{\"@type\":\"SearchAction\",\"target\":{\"@type\":\"EntryPoint\",\"urlTemplate\":\"https:\/\/www.gaudiosolutions.com\/?s={search_term_string}\"},\"query-input\":{\"@type\":\"PropertyValueSpecification\",\"valueRequired\":true,\"valueName\":\"search_term_string\"}}],\"inLanguage\":\"pt-BR\"}]}<\/script>\n<!-- \/ Yoast SEO plugin. -->","yoast_head_json":{"title":"LBC (Low Beam Control) | Global Audio Solutions Software e Treinamento","description":"O APP LBC (Low Beam Control) \u00e9 uma ferramenta desenvolvida para apoiar o c\u00e1lculo de APF (All Pass Filters) a ser aplicado em sistemas Line Arrays.","robots":{"index":"index","follow":"follow","max-snippet":"max-snippet:-1","max-image-preview":"max-image-preview:large","max-video-preview":"max-video-preview:-1"},"canonical":"https:\/\/www.gaudiosolutions.com\/pt-br\/producto\/lbc\/","og_locale":"pt_BR","og_type":"article","og_title":"LBC (Low Beam Control) | Global Audio Solutions Software e Treinamento","og_description":"O APP LBC (Low Beam Control) \u00e9 uma ferramenta desenvolvida para apoiar o c\u00e1lculo de APF (All Pass Filters) a ser aplicado em sistemas Line Arrays.","og_url":"https:\/\/www.gaudiosolutions.com\/pt-br\/producto\/lbc\/","og_site_name":"Global Audio Solutions","article_modified_time":"2022-04-20T09:48:03+00:00","og_image":[{"width":600,"height":631,"url":"https:\/\/www.gaudiosolutions.com\/wp-content\/uploads\/2022\/03\/Captura-de-pantalla-2022-03-01-a-las-20.06.18-e1646161696592.png","type":"image\/png"}],"twitter_card":"summary_large_image","schema":{"@context":"https:\/\/schema.org","@graph":[{"@type":"WebPage","@id":"https:\/\/www.gaudiosolutions.com\/pt-br\/producto\/lbc\/","url":"https:\/\/www.gaudiosolutions.com\/pt-br\/producto\/lbc\/","name":"LBC (Low Beam Control) | Global Audio Solutions Software e Treinamento","isPartOf":{"@id":"https:\/\/www.gaudiosolutions.com\/#website"},"primaryImageOfPage":{"@id":"https:\/\/www.gaudiosolutions.com\/pt-br\/producto\/lbc\/#primaryimage"},"image":{"@id":"https:\/\/www.gaudiosolutions.com\/pt-br\/producto\/lbc\/#primaryimage"},"thumbnailUrl":"https:\/\/www.gaudiosolutions.com\/wp-content\/uploads\/2022\/03\/Captura-de-pantalla-2022-03-01-a-las-20.06.18-e1646161696592.png","datePublished":"2022-03-01T11:06:29+00:00","dateModified":"2022-04-20T09:48:03+00:00","description":"O APP LBC (Low Beam Control) \u00e9 uma ferramenta desenvolvida para apoiar o c\u00e1lculo de APF (All Pass Filters) a ser aplicado em sistemas Line Arrays.","breadcrumb":{"@id":"https:\/\/www.gaudiosolutions.com\/pt-br\/producto\/lbc\/#breadcrumb"},"inLanguage":"pt-BR","potentialAction":[{"@type":"ReadAction","target":["https:\/\/www.gaudiosolutions.com\/pt-br\/producto\/lbc\/"]}]},{"@type":"ImageObject","inLanguage":"pt-BR","@id":"https:\/\/www.gaudiosolutions.com\/pt-br\/producto\/lbc\/#primaryimage","url":"https:\/\/www.gaudiosolutions.com\/wp-content\/uploads\/2022\/03\/Captura-de-pantalla-2022-03-01-a-las-20.06.18-e1646161696592.png","contentUrl":"https:\/\/www.gaudiosolutions.com\/wp-content\/uploads\/2022\/03\/Captura-de-pantalla-2022-03-01-a-las-20.06.18-e1646161696592.png","width":600,"height":631},{"@type":"BreadcrumbList","@id":"https:\/\/www.gaudiosolutions.com\/pt-br\/producto\/lbc\/#breadcrumb","itemListElement":[{"@type":"ListItem","position":1,"name":"Portada","item":"https:\/\/www.gaudiosolutions.com\/pt-br\/"},{"@type":"ListItem","position":2,"name":"Shop","item":"https:\/\/www.gaudiosolutions.com\/pt-br\/shop\/"},{"@type":"ListItem","position":3,"name":"LBC (Low Beam Control)"}]},{"@type":"WebSite","@id":"https:\/\/www.gaudiosolutions.com\/#website","url":"https:\/\/www.gaudiosolutions.com\/","name":"Global Audio Solutions","description":"","potentialAction":[{"@type":"SearchAction","target":{"@type":"EntryPoint","urlTemplate":"https:\/\/www.gaudiosolutions.com\/?s={search_term_string}"},"query-input":{"@type":"PropertyValueSpecification","valueRequired":true,"valueName":"search_term_string"}}],"inLanguage":"pt-BR"}]}},"_links":{"self":[{"href":"https:\/\/www.gaudiosolutions.com\/pt-br\/wp-json\/wp\/v2\/product\/8762","targetHints":{"allow":["GET"]}}],"collection":[{"href":"https:\/\/www.gaudiosolutions.com\/pt-br\/wp-json\/wp\/v2\/product"}],"about":[{"href":"https:\/\/www.gaudiosolutions.com\/pt-br\/wp-json\/wp\/v2\/types\/product"}],"replies":[{"embeddable":true,"href":"https:\/\/www.gaudiosolutions.com\/pt-br\/wp-json\/wp\/v2\/comments?post=8762"}],"wp:featuredmedia":[{"embeddable":true,"href":"https:\/\/www.gaudiosolutions.com\/pt-br\/wp-json\/wp\/v2\/media\/8341"}],"wp:attachment":[{"href":"https:\/\/www.gaudiosolutions.com\/pt-br\/wp-json\/wp\/v2\/media?parent=8762"}],"wp:term":[{"taxonomy":"product_brand","embeddable":true,"href":"https:\/\/www.gaudiosolutions.com\/pt-br\/wp-json\/wp\/v2\/product_brand?post=8762"},{"taxonomy":"product_cat","embeddable":true,"href":"https:\/\/www.gaudiosolutions.com\/pt-br\/wp-json\/wp\/v2\/product_cat?post=8762"},{"taxonomy":"product_tag","embeddable":true,"href":"https:\/\/www.gaudiosolutions.com\/pt-br\/wp-json\/wp\/v2\/product_tag?post=8762"}],"curies":[{"name":"wp","href":"https:\/\/api.w.org\/{rel}","templated":true}]}}