{"id":8769,"date":"2022-03-01T11:56:54","date_gmt":"2022-03-01T10:56:54","guid":{"rendered":"https:\/\/www.gaudiosolutions.com\/producto\/submap\/"},"modified":"2025-10-06T13:41:26","modified_gmt":"2025-10-06T11:41:26","slug":"submap","status":"publish","type":"product","link":"https:\/\/www.gaudiosolutions.com\/pt-br\/producto\/submap\/","title":{"rendered":"SUBMAP"},"content":{"rendered":"<p>&nbsp;<\/p>\n<p>&nbsp;<\/p>\n","protected":false},"excerpt":{"rendered":"<p>O Submap \u00e9 um programa de previs\u00e3o ac\u00fastica que nos permite modelar o comportamento de qualquer alto-falante em nossa biblioteca de dados, analisar e otimizar por meio do RiTA Analyzer e auralizar sua resposta.<\/p>\n<p>Voc\u00ea pode encontrar os alto-falantes aqui: <a href=\"https:\/\/drive.google.com\/drive\/folders\/1gKtpuEBl2mwoHTKB8MYXUJoDe30k1tNx?usp=drive_link\" target=\"_blank\" rel=\"noopener\">Ballons<\/a><\/p>\n","protected":false},"featured_media":8339,"comment_status":"open","ping_status":"closed","template":"","meta":[],"product_brand":[],"product_cat":[110],"product_tag":[],"class_list":{"0":"post-8769","1":"product","2":"type-product","3":"status-publish","4":"has-post-thumbnail","6":"product_cat-aplicativos","8":"first","9":"instock","10":"sold-individually","11":"taxable","12":"shipping-taxable","13":"purchasable","14":"product-type-variable"},"yoast_head":"<!-- This site is optimized with the Yoast SEO plugin v24.5 - https:\/\/yoast.com\/wordpress\/plugins\/seo\/ -->\n<title>SUBMAP | Global Audio Solutions Software e Treinamento<\/title>\n<meta name=\"description\" content=\"Submap \u00e9 um programa de predi\u00e7\u00e3o ac\u00fastica que permite modelar o comportamento de qualquer altavoz\" \/>\n<meta name=\"robots\" content=\"index, follow, max-snippet:-1, max-image-preview:large, max-video-preview:-1\" \/>\n<link rel=\"canonical\" href=\"https:\/\/www.gaudiosolutions.com\/pt-br\/producto\/submap\/\" \/>\n<meta property=\"og:locale\" content=\"pt_BR\" \/>\n<meta property=\"og:type\" content=\"article\" \/>\n<meta property=\"og:title\" content=\"SUBMAP | Global Audio Solutions Software e Treinamento\" \/>\n<meta property=\"og:description\" content=\"Submap \u00e9 um programa de predi\u00e7\u00e3o ac\u00fastica que permite modelar o comportamento de qualquer altavoz\" \/>\n<meta property=\"og:url\" content=\"https:\/\/www.gaudiosolutions.com\/pt-br\/producto\/submap\/\" \/>\n<meta property=\"og:site_name\" content=\"Global Audio Solutions\" \/>\n<meta property=\"article:modified_time\" content=\"2025-10-06T11:41:26+00:00\" \/>\n<meta property=\"og:image\" content=\"https:\/\/www.gaudiosolutions.com\/wp-content\/uploads\/2022\/03\/LOGOTIP-submap-icona-digital-01-e1646160330553.png\" \/>\n\t<meta property=\"og:image:width\" content=\"600\" \/>\n\t<meta property=\"og:image:height\" content=\"600\" \/>\n\t<meta property=\"og:image:type\" content=\"image\/png\" \/>\n<meta name=\"twitter:card\" content=\"summary_large_image\" \/>\n<script type=\"application\/ld+json\" class=\"yoast-schema-graph\">{\"@context\":\"https:\/\/schema.org\",\"@graph\":[{\"@type\":\"WebPage\",\"@id\":\"https:\/\/www.gaudiosolutions.com\/pt-br\/producto\/submap\/\",\"url\":\"https:\/\/www.gaudiosolutions.com\/pt-br\/producto\/submap\/\",\"name\":\"SUBMAP | Global Audio Solutions Software e Treinamento\",\"isPartOf\":{\"@id\":\"https:\/\/www.gaudiosolutions.com\/#website\"},\"primaryImageOfPage\":{\"@id\":\"https:\/\/www.gaudiosolutions.com\/pt-br\/producto\/submap\/#primaryimage\"},\"image\":{\"@id\":\"https:\/\/www.gaudiosolutions.com\/pt-br\/producto\/submap\/#primaryimage\"},\"thumbnailUrl\":\"https:\/\/www.gaudiosolutions.com\/wp-content\/uploads\/2022\/03\/LOGOTIP-submap-icona-digital-01-e1646160330553.png\",\"datePublished\":\"2022-03-01T10:56:54+00:00\",\"dateModified\":\"2025-10-06T11:41:26+00:00\",\"description\":\"Submap \u00e9 um programa de predi\u00e7\u00e3o ac\u00fastica que permite modelar o comportamento de qualquer altavoz\",\"breadcrumb\":{\"@id\":\"https:\/\/www.gaudiosolutions.com\/pt-br\/producto\/submap\/#breadcrumb\"},\"inLanguage\":\"pt-BR\",\"potentialAction\":[{\"@type\":\"ReadAction\",\"target\":[\"https:\/\/www.gaudiosolutions.com\/pt-br\/producto\/submap\/\"]}]},{\"@type\":\"ImageObject\",\"inLanguage\":\"pt-BR\",\"@id\":\"https:\/\/www.gaudiosolutions.com\/pt-br\/producto\/submap\/#primaryimage\",\"url\":\"https:\/\/www.gaudiosolutions.com\/wp-content\/uploads\/2022\/03\/LOGOTIP-submap-icona-digital-01-e1646160330553.png\",\"contentUrl\":\"https:\/\/www.gaudiosolutions.com\/wp-content\/uploads\/2022\/03\/LOGOTIP-submap-icona-digital-01-e1646160330553.png\",\"width\":600,\"height\":600},{\"@type\":\"BreadcrumbList\",\"@id\":\"https:\/\/www.gaudiosolutions.com\/pt-br\/producto\/submap\/#breadcrumb\",\"itemListElement\":[{\"@type\":\"ListItem\",\"position\":1,\"name\":\"Portada\",\"item\":\"https:\/\/www.gaudiosolutions.com\/pt-br\/\"},{\"@type\":\"ListItem\",\"position\":2,\"name\":\"Shop\",\"item\":\"https:\/\/www.gaudiosolutions.com\/pt-br\/shop\/\"},{\"@type\":\"ListItem\",\"position\":3,\"name\":\"SUBMAP\"}]},{\"@type\":\"WebSite\",\"@id\":\"https:\/\/www.gaudiosolutions.com\/#website\",\"url\":\"https:\/\/www.gaudiosolutions.com\/\",\"name\":\"Global Audio Solutions\",\"description\":\"\",\"potentialAction\":[{\"@type\":\"SearchAction\",\"target\":{\"@type\":\"EntryPoint\",\"urlTemplate\":\"https:\/\/www.gaudiosolutions.com\/?s={search_term_string}\"},\"query-input\":{\"@type\":\"PropertyValueSpecification\",\"valueRequired\":true,\"valueName\":\"search_term_string\"}}],\"inLanguage\":\"pt-BR\"}]}<\/script>\n<!-- \/ Yoast SEO plugin. -->","yoast_head_json":{"title":"SUBMAP | Global Audio Solutions Software e Treinamento","description":"Submap \u00e9 um programa de predi\u00e7\u00e3o ac\u00fastica que permite modelar o comportamento de qualquer altavoz","robots":{"index":"index","follow":"follow","max-snippet":"max-snippet:-1","max-image-preview":"max-image-preview:large","max-video-preview":"max-video-preview:-1"},"canonical":"https:\/\/www.gaudiosolutions.com\/pt-br\/producto\/submap\/","og_locale":"pt_BR","og_type":"article","og_title":"SUBMAP | Global Audio Solutions Software e Treinamento","og_description":"Submap \u00e9 um programa de predi\u00e7\u00e3o ac\u00fastica que permite modelar o comportamento de qualquer altavoz","og_url":"https:\/\/www.gaudiosolutions.com\/pt-br\/producto\/submap\/","og_site_name":"Global Audio Solutions","article_modified_time":"2025-10-06T11:41:26+00:00","og_image":[{"width":600,"height":600,"url":"https:\/\/www.gaudiosolutions.com\/wp-content\/uploads\/2022\/03\/LOGOTIP-submap-icona-digital-01-e1646160330553.png","type":"image\/png"}],"twitter_card":"summary_large_image","schema":{"@context":"https:\/\/schema.org","@graph":[{"@type":"WebPage","@id":"https:\/\/www.gaudiosolutions.com\/pt-br\/producto\/submap\/","url":"https:\/\/www.gaudiosolutions.com\/pt-br\/producto\/submap\/","name":"SUBMAP | Global Audio Solutions Software e Treinamento","isPartOf":{"@id":"https:\/\/www.gaudiosolutions.com\/#website"},"primaryImageOfPage":{"@id":"https:\/\/www.gaudiosolutions.com\/pt-br\/producto\/submap\/#primaryimage"},"image":{"@id":"https:\/\/www.gaudiosolutions.com\/pt-br\/producto\/submap\/#primaryimage"},"thumbnailUrl":"https:\/\/www.gaudiosolutions.com\/wp-content\/uploads\/2022\/03\/LOGOTIP-submap-icona-digital-01-e1646160330553.png","datePublished":"2022-03-01T10:56:54+00:00","dateModified":"2025-10-06T11:41:26+00:00","description":"Submap \u00e9 um programa de predi\u00e7\u00e3o ac\u00fastica que permite modelar o comportamento de qualquer altavoz","breadcrumb":{"@id":"https:\/\/www.gaudiosolutions.com\/pt-br\/producto\/submap\/#breadcrumb"},"inLanguage":"pt-BR","potentialAction":[{"@type":"ReadAction","target":["https:\/\/www.gaudiosolutions.com\/pt-br\/producto\/submap\/"]}]},{"@type":"ImageObject","inLanguage":"pt-BR","@id":"https:\/\/www.gaudiosolutions.com\/pt-br\/producto\/submap\/#primaryimage","url":"https:\/\/www.gaudiosolutions.com\/wp-content\/uploads\/2022\/03\/LOGOTIP-submap-icona-digital-01-e1646160330553.png","contentUrl":"https:\/\/www.gaudiosolutions.com\/wp-content\/uploads\/2022\/03\/LOGOTIP-submap-icona-digital-01-e1646160330553.png","width":600,"height":600},{"@type":"BreadcrumbList","@id":"https:\/\/www.gaudiosolutions.com\/pt-br\/producto\/submap\/#breadcrumb","itemListElement":[{"@type":"ListItem","position":1,"name":"Portada","item":"https:\/\/www.gaudiosolutions.com\/pt-br\/"},{"@type":"ListItem","position":2,"name":"Shop","item":"https:\/\/www.gaudiosolutions.com\/pt-br\/shop\/"},{"@type":"ListItem","position":3,"name":"SUBMAP"}]},{"@type":"WebSite","@id":"https:\/\/www.gaudiosolutions.com\/#website","url":"https:\/\/www.gaudiosolutions.com\/","name":"Global Audio Solutions","description":"","potentialAction":[{"@type":"SearchAction","target":{"@type":"EntryPoint","urlTemplate":"https:\/\/www.gaudiosolutions.com\/?s={search_term_string}"},"query-input":{"@type":"PropertyValueSpecification","valueRequired":true,"valueName":"search_term_string"}}],"inLanguage":"pt-BR"}]}},"_links":{"self":[{"href":"https:\/\/www.gaudiosolutions.com\/pt-br\/wp-json\/wp\/v2\/product\/8769","targetHints":{"allow":["GET"]}}],"collection":[{"href":"https:\/\/www.gaudiosolutions.com\/pt-br\/wp-json\/wp\/v2\/product"}],"about":[{"href":"https:\/\/www.gaudiosolutions.com\/pt-br\/wp-json\/wp\/v2\/types\/product"}],"replies":[{"embeddable":true,"href":"https:\/\/www.gaudiosolutions.com\/pt-br\/wp-json\/wp\/v2\/comments?post=8769"}],"wp:featuredmedia":[{"embeddable":true,"href":"https:\/\/www.gaudiosolutions.com\/pt-br\/wp-json\/wp\/v2\/media\/8339"}],"wp:attachment":[{"href":"https:\/\/www.gaudiosolutions.com\/pt-br\/wp-json\/wp\/v2\/media?parent=8769"}],"wp:term":[{"taxonomy":"product_brand","embeddable":true,"href":"https:\/\/www.gaudiosolutions.com\/pt-br\/wp-json\/wp\/v2\/product_brand?post=8769"},{"taxonomy":"product_cat","embeddable":true,"href":"https:\/\/www.gaudiosolutions.com\/pt-br\/wp-json\/wp\/v2\/product_cat?post=8769"},{"taxonomy":"product_tag","embeddable":true,"href":"https:\/\/www.gaudiosolutions.com\/pt-br\/wp-json\/wp\/v2\/product_tag?post=8769"}],"curies":[{"name":"wp","href":"https:\/\/api.w.org\/{rel}","templated":true}]}}