{"id":8819,"date":"2019-02-21T13:37:40","date_gmt":"2019-02-21T12:37:40","guid":{"rendered":"https:\/\/www.gaudiosolutions.com\/producto\/redes-e-protocolos-audiovisuais\/"},"modified":"2023-08-28T09:57:15","modified_gmt":"2023-08-28T07:57:15","slug":"redes-y-protocolos-audiovisuales","status":"publish","type":"product","link":"https:\/\/www.gaudiosolutions.com\/pt-br\/producto\/redes-y-protocolos-audiovisuales\/","title":{"rendered":"Redes e Protocolos Audiovisuais"},"content":{"rendered":"<p><strong><span style=\"color: #cf5636;\">DURA\u00c7\u00c3O:<\/span><\/strong> 3 dias<\/p>\n<p><strong><span style=\"color: #cf5636;\">N\u00cdVEL:<\/span><\/strong> Intermedi\u00e1rio<\/p>\n<p><span style=\"color: #cf5636;\"><strong>PROFESOR:<\/strong><\/span> <span style=\"color: #ffffff;\"><a style=\"color: #ffffff;\" href=\"https:\/\/www.gaudiosolutions.com\/nosotros\/#profes1\" target=\"_blank\" rel=\"noopener noreferrer\">Diogo Nunes<\/a><\/span><\/p>\n<p>&nbsp;<\/p>\n<p><strong><span style=\"color: #cd573c;\">PRE\u00c7O: <\/span><\/strong>300\u20ac<\/p>\n","protected":false},"excerpt":{"rendered":"<p>&nbsp;<\/p>\n<p>&nbsp;<\/p>\n<p>O curso Redes e Protocolos Audiovisuais lan\u00e7a luz sobre o mundo cada vez mais utilizado da transmiss\u00e3o e comunica\u00e7\u00e3o audiovisual. A comunica\u00e7\u00e3o IP chegou e veio para ficar.<\/p>\n<p>S\u00e3o estudados in\u00fameros protocolos digitais, tais como: Dante, Madi, AES, REAC, AVB, e aprofunda-se a configura\u00e7\u00e3o e comunica\u00e7\u00e3o entre os diferentes sistemas digitais. Ferramentas de teste e comandos necess\u00e1rios para configurar, entender e solucionar problemas de todos os tipos de redes de comunica\u00e7\u00e3o tamb\u00e9m s\u00e3o revisados.<\/p>\n<p>O aluno ser\u00e1 capaz de compreender e configurar qualquer sistema digital baseado em qualquer tipo de protocolo de comunica\u00e7\u00e3o.<\/p>\n<p>&nbsp;<\/p>\n<p>&nbsp;<\/p>\n<p><span class=\"nmt_arial\"> <\/span><\/p>\n<p><a href=\"https:\/\/www.gaudiosolutions.com\/wp-content\/uploads\/2022\/08\/PXS.pdf\" target=\"_blank\" rel=\"noopener noreferrer\"><strong>TEM\u00c1RIO<\/strong><\/a><\/p>\n<p>&nbsp;<\/p>\n<p>[vc_row row_type=&#8221;row&#8221; use_row_as_full_screen_section=&#8221;grid&#8221; type=&#8221;100%&#8221; text_align=&#8221;center&#8221; background_animation=&#8221;none&#8221; css_animation=&#8221;&#8221;][vc_column][vc_accordion active_tab=&#8221;false&#8221; collapsible=&#8221;yes&#8221; style=&#8221;boxed_accordion&#8221;][vc_accordion_tab title=&#8221;MAIS INFORMA\u00c7\u00c3O&#8221; title_color=&#8221;#cf5636&#8243; background_color=&#8221;#424644&#8243; title_tag=&#8221;h6&#8243;][vc_row_inner row_type=&#8221;row&#8221; type=&#8221;100%&#8221; use_row_as_full_screen_section_slide=&#8221;100%&#8221; text_align=&#8221;center&#8221; css_animation=&#8221;&#8221;][vc_column_inner][vc_column_text][contact-form-7 id=\"485\" title=\"REDES_contact_pt\"][\/vc_column_text][vc_empty_space height=&#8221;50px&#8221;][\/vc_column_inner][\/vc_row_inner][\/vc_accordion_tab][\/vc_accordion][\/vc_column][\/vc_row]<\/p>\n<p>&nbsp;<\/p>\n<p>&nbsp;<\/p>\n<p>&nbsp;<\/p>\n","protected":false},"featured_media":8133,"comment_status":"open","ping_status":"closed","template":"","meta":[],"product_brand":[],"product_cat":[111],"product_tag":[],"class_list":{"0":"post-8819","1":"product","2":"type-product","3":"status-publish","4":"has-post-thumbnail","6":"product_cat-curso-pt","8":"first","9":"instock","10":"taxable","11":"shipping-taxable","12":"product-type-variable"},"yoast_head":"<!-- This site is optimized with the Yoast SEO plugin v24.5 - https:\/\/yoast.com\/wordpress\/plugins\/seo\/ -->\n<title>Redes e Protocolos Audiovisuais - Global Audio Solutions<\/title>\n<meta name=\"description\" content=\"O curso Redes e Protocolos Audiovisuais lan\u00e7a luz sobre o mundo cada vez mais utilizado da transmiss\u00e3o e comunica\u00e7\u00e3o audiovisual.\" \/>\n<meta name=\"robots\" content=\"index, follow, max-snippet:-1, max-image-preview:large, max-video-preview:-1\" \/>\n<link rel=\"canonical\" href=\"https:\/\/www.gaudiosolutions.com\/pt-br\/producto\/redes-y-protocolos-audiovisuales\/\" \/>\n<meta property=\"og:locale\" content=\"pt_BR\" \/>\n<meta property=\"og:type\" content=\"article\" \/>\n<meta property=\"og:title\" content=\"Redes e Protocolos Audiovisuais - Global Audio Solutions\" \/>\n<meta property=\"og:description\" content=\"O curso Redes e Protocolos Audiovisuais lan\u00e7a luz sobre o mundo cada vez mais utilizado da transmiss\u00e3o e comunica\u00e7\u00e3o audiovisual.\" \/>\n<meta property=\"og:url\" content=\"https:\/\/www.gaudiosolutions.com\/pt-br\/producto\/redes-y-protocolos-audiovisuales\/\" \/>\n<meta property=\"og:site_name\" content=\"Global Audio Solutions\" \/>\n<meta property=\"article:modified_time\" content=\"2023-08-28T07:57:15+00:00\" \/>\n<meta property=\"og:image\" content=\"https:\/\/www.gaudiosolutions.com\/wp-content\/uploads\/2019\/02\/globalaudiosolutions_curs_redes.jpg\" \/>\n\t<meta property=\"og:image:width\" content=\"540\" \/>\n\t<meta property=\"og:image:height\" content=\"630\" \/>\n\t<meta property=\"og:image:type\" content=\"image\/jpeg\" \/>\n<meta name=\"twitter:card\" content=\"summary_large_image\" \/>\n<meta name=\"twitter:label1\" content=\"Est. tempo de leitura\" \/>\n\t<meta name=\"twitter:data1\" content=\"1 minuto\" \/>\n<script type=\"application\/ld+json\" class=\"yoast-schema-graph\">{\"@context\":\"https:\/\/schema.org\",\"@graph\":[{\"@type\":\"WebPage\",\"@id\":\"https:\/\/www.gaudiosolutions.com\/pt-br\/producto\/redes-y-protocolos-audiovisuales\/\",\"url\":\"https:\/\/www.gaudiosolutions.com\/pt-br\/producto\/redes-y-protocolos-audiovisuales\/\",\"name\":\"Redes e Protocolos Audiovisuais - Global Audio Solutions\",\"isPartOf\":{\"@id\":\"https:\/\/www.gaudiosolutions.com\/#website\"},\"primaryImageOfPage\":{\"@id\":\"https:\/\/www.gaudiosolutions.com\/pt-br\/producto\/redes-y-protocolos-audiovisuales\/#primaryimage\"},\"image\":{\"@id\":\"https:\/\/www.gaudiosolutions.com\/pt-br\/producto\/redes-y-protocolos-audiovisuales\/#primaryimage\"},\"thumbnailUrl\":\"https:\/\/www.gaudiosolutions.com\/wp-content\/uploads\/2019\/02\/globalaudiosolutions_curs_redes.jpg\",\"datePublished\":\"2019-02-21T12:37:40+00:00\",\"dateModified\":\"2023-08-28T07:57:15+00:00\",\"description\":\"O curso Redes e Protocolos Audiovisuais lan\u00e7a luz sobre o mundo cada vez mais utilizado da transmiss\u00e3o e comunica\u00e7\u00e3o audiovisual.\",\"breadcrumb\":{\"@id\":\"https:\/\/www.gaudiosolutions.com\/pt-br\/producto\/redes-y-protocolos-audiovisuales\/#breadcrumb\"},\"inLanguage\":\"pt-BR\",\"potentialAction\":[{\"@type\":\"ReadAction\",\"target\":[\"https:\/\/www.gaudiosolutions.com\/pt-br\/producto\/redes-y-protocolos-audiovisuales\/\"]}]},{\"@type\":\"ImageObject\",\"inLanguage\":\"pt-BR\",\"@id\":\"https:\/\/www.gaudiosolutions.com\/pt-br\/producto\/redes-y-protocolos-audiovisuales\/#primaryimage\",\"url\":\"https:\/\/www.gaudiosolutions.com\/wp-content\/uploads\/2019\/02\/globalaudiosolutions_curs_redes.jpg\",\"contentUrl\":\"https:\/\/www.gaudiosolutions.com\/wp-content\/uploads\/2019\/02\/globalaudiosolutions_curs_redes.jpg\",\"width\":540,\"height\":630},{\"@type\":\"BreadcrumbList\",\"@id\":\"https:\/\/www.gaudiosolutions.com\/pt-br\/producto\/redes-y-protocolos-audiovisuales\/#breadcrumb\",\"itemListElement\":[{\"@type\":\"ListItem\",\"position\":1,\"name\":\"Portada\",\"item\":\"https:\/\/www.gaudiosolutions.com\/pt-br\/\"},{\"@type\":\"ListItem\",\"position\":2,\"name\":\"Shop\",\"item\":\"https:\/\/www.gaudiosolutions.com\/pt-br\/shop\/\"},{\"@type\":\"ListItem\",\"position\":3,\"name\":\"Redes e Protocolos Audiovisuais\"}]},{\"@type\":\"WebSite\",\"@id\":\"https:\/\/www.gaudiosolutions.com\/#website\",\"url\":\"https:\/\/www.gaudiosolutions.com\/\",\"name\":\"Global Audio Solutions\",\"description\":\"\",\"potentialAction\":[{\"@type\":\"SearchAction\",\"target\":{\"@type\":\"EntryPoint\",\"urlTemplate\":\"https:\/\/www.gaudiosolutions.com\/?s={search_term_string}\"},\"query-input\":{\"@type\":\"PropertyValueSpecification\",\"valueRequired\":true,\"valueName\":\"search_term_string\"}}],\"inLanguage\":\"pt-BR\"}]}<\/script>\n<!-- \/ Yoast SEO plugin. -->","yoast_head_json":{"title":"Redes e Protocolos Audiovisuais - Global Audio Solutions","description":"O curso Redes e Protocolos Audiovisuais lan\u00e7a luz sobre o mundo cada vez mais utilizado da transmiss\u00e3o e comunica\u00e7\u00e3o audiovisual.","robots":{"index":"index","follow":"follow","max-snippet":"max-snippet:-1","max-image-preview":"max-image-preview:large","max-video-preview":"max-video-preview:-1"},"canonical":"https:\/\/www.gaudiosolutions.com\/pt-br\/producto\/redes-y-protocolos-audiovisuales\/","og_locale":"pt_BR","og_type":"article","og_title":"Redes e Protocolos Audiovisuais - Global Audio Solutions","og_description":"O curso Redes e Protocolos Audiovisuais lan\u00e7a luz sobre o mundo cada vez mais utilizado da transmiss\u00e3o e comunica\u00e7\u00e3o audiovisual.","og_url":"https:\/\/www.gaudiosolutions.com\/pt-br\/producto\/redes-y-protocolos-audiovisuales\/","og_site_name":"Global Audio Solutions","article_modified_time":"2023-08-28T07:57:15+00:00","og_image":[{"width":540,"height":630,"url":"https:\/\/www.gaudiosolutions.com\/wp-content\/uploads\/2019\/02\/globalaudiosolutions_curs_redes.jpg","type":"image\/jpeg"}],"twitter_card":"summary_large_image","twitter_misc":{"Est. tempo de leitura":"1 minuto"},"schema":{"@context":"https:\/\/schema.org","@graph":[{"@type":"WebPage","@id":"https:\/\/www.gaudiosolutions.com\/pt-br\/producto\/redes-y-protocolos-audiovisuales\/","url":"https:\/\/www.gaudiosolutions.com\/pt-br\/producto\/redes-y-protocolos-audiovisuales\/","name":"Redes e Protocolos Audiovisuais - Global Audio Solutions","isPartOf":{"@id":"https:\/\/www.gaudiosolutions.com\/#website"},"primaryImageOfPage":{"@id":"https:\/\/www.gaudiosolutions.com\/pt-br\/producto\/redes-y-protocolos-audiovisuales\/#primaryimage"},"image":{"@id":"https:\/\/www.gaudiosolutions.com\/pt-br\/producto\/redes-y-protocolos-audiovisuales\/#primaryimage"},"thumbnailUrl":"https:\/\/www.gaudiosolutions.com\/wp-content\/uploads\/2019\/02\/globalaudiosolutions_curs_redes.jpg","datePublished":"2019-02-21T12:37:40+00:00","dateModified":"2023-08-28T07:57:15+00:00","description":"O curso Redes e Protocolos Audiovisuais lan\u00e7a luz sobre o mundo cada vez mais utilizado da transmiss\u00e3o e comunica\u00e7\u00e3o audiovisual.","breadcrumb":{"@id":"https:\/\/www.gaudiosolutions.com\/pt-br\/producto\/redes-y-protocolos-audiovisuales\/#breadcrumb"},"inLanguage":"pt-BR","potentialAction":[{"@type":"ReadAction","target":["https:\/\/www.gaudiosolutions.com\/pt-br\/producto\/redes-y-protocolos-audiovisuales\/"]}]},{"@type":"ImageObject","inLanguage":"pt-BR","@id":"https:\/\/www.gaudiosolutions.com\/pt-br\/producto\/redes-y-protocolos-audiovisuales\/#primaryimage","url":"https:\/\/www.gaudiosolutions.com\/wp-content\/uploads\/2019\/02\/globalaudiosolutions_curs_redes.jpg","contentUrl":"https:\/\/www.gaudiosolutions.com\/wp-content\/uploads\/2019\/02\/globalaudiosolutions_curs_redes.jpg","width":540,"height":630},{"@type":"BreadcrumbList","@id":"https:\/\/www.gaudiosolutions.com\/pt-br\/producto\/redes-y-protocolos-audiovisuales\/#breadcrumb","itemListElement":[{"@type":"ListItem","position":1,"name":"Portada","item":"https:\/\/www.gaudiosolutions.com\/pt-br\/"},{"@type":"ListItem","position":2,"name":"Shop","item":"https:\/\/www.gaudiosolutions.com\/pt-br\/shop\/"},{"@type":"ListItem","position":3,"name":"Redes e Protocolos Audiovisuais"}]},{"@type":"WebSite","@id":"https:\/\/www.gaudiosolutions.com\/#website","url":"https:\/\/www.gaudiosolutions.com\/","name":"Global Audio Solutions","description":"","potentialAction":[{"@type":"SearchAction","target":{"@type":"EntryPoint","urlTemplate":"https:\/\/www.gaudiosolutions.com\/?s={search_term_string}"},"query-input":{"@type":"PropertyValueSpecification","valueRequired":true,"valueName":"search_term_string"}}],"inLanguage":"pt-BR"}]}},"_links":{"self":[{"href":"https:\/\/www.gaudiosolutions.com\/pt-br\/wp-json\/wp\/v2\/product\/8819","targetHints":{"allow":["GET"]}}],"collection":[{"href":"https:\/\/www.gaudiosolutions.com\/pt-br\/wp-json\/wp\/v2\/product"}],"about":[{"href":"https:\/\/www.gaudiosolutions.com\/pt-br\/wp-json\/wp\/v2\/types\/product"}],"replies":[{"embeddable":true,"href":"https:\/\/www.gaudiosolutions.com\/pt-br\/wp-json\/wp\/v2\/comments?post=8819"}],"wp:featuredmedia":[{"embeddable":true,"href":"https:\/\/www.gaudiosolutions.com\/pt-br\/wp-json\/wp\/v2\/media\/8133"}],"wp:attachment":[{"href":"https:\/\/www.gaudiosolutions.com\/pt-br\/wp-json\/wp\/v2\/media?parent=8819"}],"wp:term":[{"taxonomy":"product_brand","embeddable":true,"href":"https:\/\/www.gaudiosolutions.com\/pt-br\/wp-json\/wp\/v2\/product_brand?post=8819"},{"taxonomy":"product_cat","embeddable":true,"href":"https:\/\/www.gaudiosolutions.com\/pt-br\/wp-json\/wp\/v2\/product_cat?post=8819"},{"taxonomy":"product_tag","embeddable":true,"href":"https:\/\/www.gaudiosolutions.com\/pt-br\/wp-json\/wp\/v2\/product_tag?post=8819"}],"curies":[{"name":"wp","href":"https:\/\/api.w.org\/{rel}","templated":true}]}}