{"id":8825,"date":"2019-02-21T13:38:12","date_gmt":"2019-02-21T12:38:12","guid":{"rendered":"https:\/\/www.gaudiosolutions.com\/producto\/coordenacao-de-radio-frequencia\/"},"modified":"2022-04-25T21:34:07","modified_gmt":"2022-04-25T19:34:07","slug":"coordinacion-de-radiofrecuencia","status":"publish","type":"product","link":"https:\/\/www.gaudiosolutions.com\/pt-br\/producto\/coordinacion-de-radiofrecuencia\/","title":{"rendered":"COORDENA\u00c7\u00c3O DE R\u00c1DIO FREQU\u00caNCIA"},"content":{"rendered":"<p><span style=\"color: #cd573c;\"><strong>DURA\u00c7\u00c3O:<\/strong><\/span> 3 dias<\/p>\n<p><span style=\"color: #cd573c;\"><strong>N\u00cdVEL:<\/strong><\/span> Intermedi\u00e1rio<\/p>\n<p><span style=\"color: #cd573c;\"><strong>PROFESOR:<\/strong><\/span> <span style=\"color: #ffffff;\"><a style=\"color: #ffffff;\" href=\"https:\/\/www.gaudiosolutions.com\/nosotros\/#profes1\" target=\"_blank\" rel=\"noopener noreferrer\">Diogo Nunes<\/a><\/span><\/p>\n<p>&nbsp;<\/p>\n<p><strong><span style=\"color: #cd573c;\">PRE\u00c7O<\/span>:<\/strong>270\u20ac<\/p>\n","protected":false},"excerpt":{"rendered":"<p>&nbsp;<\/p>\n<p>&nbsp;<\/p>\n<p>Este curso aborda os desafios que surgem ao trabalhar com sistemas sem fio, sejam eles microfones, fones de ouvido ou interfones. Percorre todas as faixas de opera\u00e7\u00e3o; VHF, UHF e os novos sistemas digitais.<\/p>\n<p>Aprofunda-se a otimiza\u00e7\u00e3o das configura\u00e7\u00f5es desses sistemas e estudam-se todos os elementos que entram em jogo no projeto de um sistema sem fio, incluindo antenas, combinadores, divisores, fia\u00e7\u00e3o e tudo o que for necess\u00e1rio para sua configura\u00e7\u00e3o.<\/p>\n<p>O aluno ser\u00e1 capaz de coordenar diferentes sistemas sem fio operando ao mesmo tempo, bem como analisar o espectro e tomar decis\u00f5es de acordo com os dados obtidos.<\/p>\n<p>&nbsp;<\/p>\n<p>&nbsp;<\/p>\n<p>&nbsp;<\/p>\n<p>&nbsp;<\/p>\n<p><span class=\"nmt_arial\"> <\/span><\/p>\n<p><a href=\"https:\/\/www.gaudiosolutions.com\/wp-content\/uploads\/2019\/04\/Temario-RF.pdf\" target=\"_blank\" rel=\"noopener noreferrer\"><strong>TEM\u00c1RIO<\/strong><\/a><\/p>\n<p>&nbsp;<\/p>\n<p>[vc_row row_type=&#8221;row&#8221; use_row_as_full_screen_section=&#8221;grid&#8221; type=&#8221;100%&#8221; text_align=&#8221;center&#8221; background_animation=&#8221;none&#8221; css_animation=&#8221;&#8221;][vc_column][vc_accordion active_tab=&#8221;false&#8221; collapsible=&#8221;yes&#8221; style=&#8221;boxed_accordion&#8221;][vc_accordion_tab title=&#8221;MAIS INFORMA\u00c7\u00c3O&#8221; title_color=&#8221;#cf5636&#8243; background_color=&#8221;#424644&#8243; title_tag=&#8221;h6&#8243;][vc_row_inner row_type=&#8221;row&#8221; type=&#8221;100%&#8221; use_row_as_full_screen_section_slide=&#8221;100%&#8221; text_align=&#8221;center&#8221; css_animation=&#8221;&#8221;][vc_column_inner][vc_column_text][contact-form-7 id=\"486\" title=\"RADIO_contact_es\"][\/vc_column_text][vc_empty_space height=&#8221;50px&#8221;][\/vc_column_inner][\/vc_row_inner][\/vc_accordion_tab][\/vc_accordion][\/vc_column][\/vc_row]<\/p>\n<p>&nbsp;<\/p>\n<p>&nbsp;<\/p>\n<p>&nbsp;<\/p>\n","protected":false},"featured_media":8135,"comment_status":"open","ping_status":"closed","template":"","meta":[],"product_brand":[],"product_cat":[111],"product_tag":[],"class_list":{"0":"post-8825","1":"product","2":"type-product","3":"status-publish","4":"has-post-thumbnail","6":"product_cat-curso-pt","8":"first","9":"instock","10":"taxable","11":"shipping-taxable","12":"product-type-variable"},"yoast_head":"<!-- This site is optimized with the Yoast SEO plugin v24.5 - https:\/\/yoast.com\/wordpress\/plugins\/seo\/ -->\n<title>COORDENA\u00c7\u00c3O DE R\u00c1DIO FREQU\u00caNCIA - Global Audio Solutions<\/title>\n<meta name=\"robots\" content=\"index, follow, max-snippet:-1, max-image-preview:large, max-video-preview:-1\" \/>\n<link rel=\"canonical\" href=\"https:\/\/www.gaudiosolutions.com\/pt-br\/producto\/coordinacion-de-radiofrecuencia\/\" \/>\n<meta property=\"og:locale\" content=\"pt_BR\" \/>\n<meta property=\"og:type\" content=\"article\" \/>\n<meta property=\"og:title\" content=\"COORDENA\u00c7\u00c3O DE R\u00c1DIO FREQU\u00caNCIA - Global Audio Solutions\" \/>\n<meta property=\"og:description\" content=\"&nbsp; &nbsp; Este curso aborda os desafios que surgem ao trabalhar com sistemas sem fio, sejam eles microfones, fones de ouvido ou interfones. Percorre todas as faixas de opera\u00e7\u00e3o; VHF, UHF e os novos sistemas digitais. Aprofunda-se a otimiza\u00e7\u00e3o das configura\u00e7\u00f5es desses sistemas e estudam-se todos os elementos que entram em jogo no projeto de um sistema sem fio, incluindo antenas, combinadores, divisores, fia\u00e7\u00e3o e tudo o que for necess\u00e1rio para sua configura\u00e7\u00e3o. O aluno ser\u00e1 capaz de coordenar diferentes sistemas sem fio operando ao mesmo tempo, bem como analisar o espectro e tomar decis\u00f5es de acordo com os dados obtidos. &nbsp; &nbsp; &nbsp; &nbsp;   TEM\u00c1RIO &nbsp; [vc_row row_type=&quot;row&quot; use_row_as_full_screen_section=&quot;grid&quot; type=&quot;100%&quot; text_align=&quot;center&quot; background_animation=&quot;none&quot; css_animation=&quot;&quot;][vc_column][vc_accordion active_tab=&quot;false&quot; collapsible=&quot;yes&quot; style=&quot;boxed_accordion&quot;][vc_accordion_tab title=&quot;MAIS INFORMA\u00c7\u00c3O&quot; title_color=&quot;#cf5636&quot; background_color=&quot;#424644&quot; title_tag=&quot;h6&quot;][vc_row_inner row_type=&quot;row&quot; type=&quot;100%&quot; use_row_as_full_screen_section_slide=&quot;100%&quot; text_align=&quot;center&quot; css_animation=&quot;&quot;][vc_column_inner][vc_column_text][\/vc_column_text][vc_empty_space height=&quot;50px&quot;][\/vc_column_inner][\/vc_row_inner][\/vc_accordion_tab][\/vc_accordion][\/vc_column][\/vc_row] &nbsp; &nbsp; &nbsp;\" \/>\n<meta property=\"og:url\" content=\"https:\/\/www.gaudiosolutions.com\/pt-br\/producto\/coordinacion-de-radiofrecuencia\/\" \/>\n<meta property=\"og:site_name\" content=\"Global Audio Solutions\" \/>\n<meta property=\"article:modified_time\" content=\"2022-04-25T19:34:07+00:00\" \/>\n<meta property=\"og:image\" content=\"https:\/\/www.gaudiosolutions.com\/wp-content\/uploads\/2019\/02\/globalaudiosolutions_curs_radiofrecuencia.jpg\" \/>\n\t<meta property=\"og:image:width\" content=\"540\" \/>\n\t<meta property=\"og:image:height\" content=\"630\" \/>\n\t<meta property=\"og:image:type\" content=\"image\/jpeg\" \/>\n<meta name=\"twitter:card\" content=\"summary_large_image\" \/>\n<script type=\"application\/ld+json\" class=\"yoast-schema-graph\">{\"@context\":\"https:\/\/schema.org\",\"@graph\":[{\"@type\":\"WebPage\",\"@id\":\"https:\/\/www.gaudiosolutions.com\/pt-br\/producto\/coordinacion-de-radiofrecuencia\/\",\"url\":\"https:\/\/www.gaudiosolutions.com\/pt-br\/producto\/coordinacion-de-radiofrecuencia\/\",\"name\":\"COORDENA\u00c7\u00c3O DE R\u00c1DIO FREQU\u00caNCIA - Global Audio Solutions\",\"isPartOf\":{\"@id\":\"https:\/\/www.gaudiosolutions.com\/#website\"},\"primaryImageOfPage\":{\"@id\":\"https:\/\/www.gaudiosolutions.com\/pt-br\/producto\/coordinacion-de-radiofrecuencia\/#primaryimage\"},\"image\":{\"@id\":\"https:\/\/www.gaudiosolutions.com\/pt-br\/producto\/coordinacion-de-radiofrecuencia\/#primaryimage\"},\"thumbnailUrl\":\"https:\/\/www.gaudiosolutions.com\/wp-content\/uploads\/2019\/02\/globalaudiosolutions_curs_radiofrecuencia.jpg\",\"datePublished\":\"2019-02-21T12:38:12+00:00\",\"dateModified\":\"2022-04-25T19:34:07+00:00\",\"breadcrumb\":{\"@id\":\"https:\/\/www.gaudiosolutions.com\/pt-br\/producto\/coordinacion-de-radiofrecuencia\/#breadcrumb\"},\"inLanguage\":\"pt-BR\",\"potentialAction\":[{\"@type\":\"ReadAction\",\"target\":[\"https:\/\/www.gaudiosolutions.com\/pt-br\/producto\/coordinacion-de-radiofrecuencia\/\"]}]},{\"@type\":\"ImageObject\",\"inLanguage\":\"pt-BR\",\"@id\":\"https:\/\/www.gaudiosolutions.com\/pt-br\/producto\/coordinacion-de-radiofrecuencia\/#primaryimage\",\"url\":\"https:\/\/www.gaudiosolutions.com\/wp-content\/uploads\/2019\/02\/globalaudiosolutions_curs_radiofrecuencia.jpg\",\"contentUrl\":\"https:\/\/www.gaudiosolutions.com\/wp-content\/uploads\/2019\/02\/globalaudiosolutions_curs_radiofrecuencia.jpg\",\"width\":540,\"height\":630},{\"@type\":\"BreadcrumbList\",\"@id\":\"https:\/\/www.gaudiosolutions.com\/pt-br\/producto\/coordinacion-de-radiofrecuencia\/#breadcrumb\",\"itemListElement\":[{\"@type\":\"ListItem\",\"position\":1,\"name\":\"Portada\",\"item\":\"https:\/\/www.gaudiosolutions.com\/pt-br\/\"},{\"@type\":\"ListItem\",\"position\":2,\"name\":\"Shop\",\"item\":\"https:\/\/www.gaudiosolutions.com\/pt-br\/shop\/\"},{\"@type\":\"ListItem\",\"position\":3,\"name\":\"COORDENA\u00c7\u00c3O DE R\u00c1DIO FREQU\u00caNCIA\"}]},{\"@type\":\"WebSite\",\"@id\":\"https:\/\/www.gaudiosolutions.com\/#website\",\"url\":\"https:\/\/www.gaudiosolutions.com\/\",\"name\":\"Global Audio Solutions\",\"description\":\"\",\"potentialAction\":[{\"@type\":\"SearchAction\",\"target\":{\"@type\":\"EntryPoint\",\"urlTemplate\":\"https:\/\/www.gaudiosolutions.com\/?s={search_term_string}\"},\"query-input\":{\"@type\":\"PropertyValueSpecification\",\"valueRequired\":true,\"valueName\":\"search_term_string\"}}],\"inLanguage\":\"pt-BR\"}]}<\/script>\n<!-- \/ Yoast SEO plugin. -->","yoast_head_json":{"title":"COORDENA\u00c7\u00c3O DE R\u00c1DIO FREQU\u00caNCIA - Global Audio Solutions","robots":{"index":"index","follow":"follow","max-snippet":"max-snippet:-1","max-image-preview":"max-image-preview:large","max-video-preview":"max-video-preview:-1"},"canonical":"https:\/\/www.gaudiosolutions.com\/pt-br\/producto\/coordinacion-de-radiofrecuencia\/","og_locale":"pt_BR","og_type":"article","og_title":"COORDENA\u00c7\u00c3O DE R\u00c1DIO FREQU\u00caNCIA - Global Audio Solutions","og_description":"&nbsp; &nbsp; Este curso aborda os desafios que surgem ao trabalhar com sistemas sem fio, sejam eles microfones, fones de ouvido ou interfones. Percorre todas as faixas de opera\u00e7\u00e3o; VHF, UHF e os novos sistemas digitais. Aprofunda-se a otimiza\u00e7\u00e3o das configura\u00e7\u00f5es desses sistemas e estudam-se todos os elementos que entram em jogo no projeto de um sistema sem fio, incluindo antenas, combinadores, divisores, fia\u00e7\u00e3o e tudo o que for necess\u00e1rio para sua configura\u00e7\u00e3o. O aluno ser\u00e1 capaz de coordenar diferentes sistemas sem fio operando ao mesmo tempo, bem como analisar o espectro e tomar decis\u00f5es de acordo com os dados obtidos. &nbsp; &nbsp; &nbsp; &nbsp;   TEM\u00c1RIO &nbsp; [vc_row row_type=\"row\" use_row_as_full_screen_section=\"grid\" type=\"100%\" text_align=\"center\" background_animation=\"none\" css_animation=\"\"][vc_column][vc_accordion active_tab=\"false\" collapsible=\"yes\" style=\"boxed_accordion\"][vc_accordion_tab title=\"MAIS INFORMA\u00c7\u00c3O\" title_color=\"#cf5636\" background_color=\"#424644\" title_tag=\"h6\"][vc_row_inner row_type=\"row\" type=\"100%\" use_row_as_full_screen_section_slide=\"100%\" text_align=\"center\" css_animation=\"\"][vc_column_inner][vc_column_text][\/vc_column_text][vc_empty_space height=\"50px\"][\/vc_column_inner][\/vc_row_inner][\/vc_accordion_tab][\/vc_accordion][\/vc_column][\/vc_row] &nbsp; &nbsp; &nbsp;","og_url":"https:\/\/www.gaudiosolutions.com\/pt-br\/producto\/coordinacion-de-radiofrecuencia\/","og_site_name":"Global Audio Solutions","article_modified_time":"2022-04-25T19:34:07+00:00","og_image":[{"width":540,"height":630,"url":"https:\/\/www.gaudiosolutions.com\/wp-content\/uploads\/2019\/02\/globalaudiosolutions_curs_radiofrecuencia.jpg","type":"image\/jpeg"}],"twitter_card":"summary_large_image","schema":{"@context":"https:\/\/schema.org","@graph":[{"@type":"WebPage","@id":"https:\/\/www.gaudiosolutions.com\/pt-br\/producto\/coordinacion-de-radiofrecuencia\/","url":"https:\/\/www.gaudiosolutions.com\/pt-br\/producto\/coordinacion-de-radiofrecuencia\/","name":"COORDENA\u00c7\u00c3O DE R\u00c1DIO FREQU\u00caNCIA - Global Audio Solutions","isPartOf":{"@id":"https:\/\/www.gaudiosolutions.com\/#website"},"primaryImageOfPage":{"@id":"https:\/\/www.gaudiosolutions.com\/pt-br\/producto\/coordinacion-de-radiofrecuencia\/#primaryimage"},"image":{"@id":"https:\/\/www.gaudiosolutions.com\/pt-br\/producto\/coordinacion-de-radiofrecuencia\/#primaryimage"},"thumbnailUrl":"https:\/\/www.gaudiosolutions.com\/wp-content\/uploads\/2019\/02\/globalaudiosolutions_curs_radiofrecuencia.jpg","datePublished":"2019-02-21T12:38:12+00:00","dateModified":"2022-04-25T19:34:07+00:00","breadcrumb":{"@id":"https:\/\/www.gaudiosolutions.com\/pt-br\/producto\/coordinacion-de-radiofrecuencia\/#breadcrumb"},"inLanguage":"pt-BR","potentialAction":[{"@type":"ReadAction","target":["https:\/\/www.gaudiosolutions.com\/pt-br\/producto\/coordinacion-de-radiofrecuencia\/"]}]},{"@type":"ImageObject","inLanguage":"pt-BR","@id":"https:\/\/www.gaudiosolutions.com\/pt-br\/producto\/coordinacion-de-radiofrecuencia\/#primaryimage","url":"https:\/\/www.gaudiosolutions.com\/wp-content\/uploads\/2019\/02\/globalaudiosolutions_curs_radiofrecuencia.jpg","contentUrl":"https:\/\/www.gaudiosolutions.com\/wp-content\/uploads\/2019\/02\/globalaudiosolutions_curs_radiofrecuencia.jpg","width":540,"height":630},{"@type":"BreadcrumbList","@id":"https:\/\/www.gaudiosolutions.com\/pt-br\/producto\/coordinacion-de-radiofrecuencia\/#breadcrumb","itemListElement":[{"@type":"ListItem","position":1,"name":"Portada","item":"https:\/\/www.gaudiosolutions.com\/pt-br\/"},{"@type":"ListItem","position":2,"name":"Shop","item":"https:\/\/www.gaudiosolutions.com\/pt-br\/shop\/"},{"@type":"ListItem","position":3,"name":"COORDENA\u00c7\u00c3O DE R\u00c1DIO FREQU\u00caNCIA"}]},{"@type":"WebSite","@id":"https:\/\/www.gaudiosolutions.com\/#website","url":"https:\/\/www.gaudiosolutions.com\/","name":"Global Audio Solutions","description":"","potentialAction":[{"@type":"SearchAction","target":{"@type":"EntryPoint","urlTemplate":"https:\/\/www.gaudiosolutions.com\/?s={search_term_string}"},"query-input":{"@type":"PropertyValueSpecification","valueRequired":true,"valueName":"search_term_string"}}],"inLanguage":"pt-BR"}]}},"_links":{"self":[{"href":"https:\/\/www.gaudiosolutions.com\/pt-br\/wp-json\/wp\/v2\/product\/8825","targetHints":{"allow":["GET"]}}],"collection":[{"href":"https:\/\/www.gaudiosolutions.com\/pt-br\/wp-json\/wp\/v2\/product"}],"about":[{"href":"https:\/\/www.gaudiosolutions.com\/pt-br\/wp-json\/wp\/v2\/types\/product"}],"replies":[{"embeddable":true,"href":"https:\/\/www.gaudiosolutions.com\/pt-br\/wp-json\/wp\/v2\/comments?post=8825"}],"wp:featuredmedia":[{"embeddable":true,"href":"https:\/\/www.gaudiosolutions.com\/pt-br\/wp-json\/wp\/v2\/media\/8135"}],"wp:attachment":[{"href":"https:\/\/www.gaudiosolutions.com\/pt-br\/wp-json\/wp\/v2\/media?parent=8825"}],"wp:term":[{"taxonomy":"product_brand","embeddable":true,"href":"https:\/\/www.gaudiosolutions.com\/pt-br\/wp-json\/wp\/v2\/product_brand?post=8825"},{"taxonomy":"product_cat","embeddable":true,"href":"https:\/\/www.gaudiosolutions.com\/pt-br\/wp-json\/wp\/v2\/product_cat?post=8825"},{"taxonomy":"product_tag","embeddable":true,"href":"https:\/\/www.gaudiosolutions.com\/pt-br\/wp-json\/wp\/v2\/product_tag?post=8825"}],"curies":[{"name":"wp","href":"https:\/\/api.w.org\/{rel}","templated":true}]}}