{"id":8832,"date":"2019-02-21T13:38:42","date_gmt":"2019-02-21T12:38:42","guid":{"rendered":"https:\/\/www.gaudiosolutions.com\/producto\/desenho-programacao-e-conectividade-q-lab4\/"},"modified":"2023-05-08T21:41:08","modified_gmt":"2023-05-08T19:41:08","slug":"diseno-programacion-y-conectividad-q-lab4-2","status":"publish","type":"product","link":"https:\/\/www.gaudiosolutions.com\/pt-br\/producto\/diseno-programacion-y-conectividad-q-lab4-2\/","title":{"rendered":"DESENHO, PROGRAMA\u00c7\u00c3O E CONECTIVIDADE, Q-LAB4"},"content":{"rendered":"<p><strong><span style=\"color: #cf5636;\">DURA\u00c7\u00c3O:<\/span><\/strong> 2 dias<\/p>\n<p><strong><span style=\"color: #cf5636;\">N\u00cdVEL:<\/span><\/strong> Intermedi\u00e1rio<\/p>\n<p><span style=\"color: #cf5636;\"><strong>PROFESOR:<\/strong><\/span> <a href=\"https:\/\/www.gaudiosolutions.com\/nosotros\/#profes2\">Efren Bellostes<\/a><\/p>\n<p>&nbsp;<\/p>\n<p><span style=\"color: #cd573c;\"><strong>PRE\u00c7O: <\/strong><\/span>200\u20ac<\/p>\n","protected":false},"excerpt":{"rendered":"<p>&nbsp;<\/p>\n<p>&nbsp;<\/p>\n<p>Compreender a configura\u00e7\u00e3o e programa\u00e7\u00e3o em n\u00edvel do usu\u00e1rio de eventos multim\u00eddia, utilizando Q-LAB 4, software de renome mundial e outras ferramentas, para a gest\u00e3o de espet\u00e1culos ao vivo. Para isso, realizaremos exemplos reais, te\u00f3ricos e pr\u00e1ticos de uso, controle e automa\u00e7\u00e3o de diferentes sistemas audiovisuais, como projetores, c\u00e2meras, mesas de som e ilumina\u00e7\u00e3o, com as tecnologias que temos \u00e0 nossa disposi\u00e7\u00e3o.<\/p>\n<p>&nbsp;<\/p>\n<p>&nbsp;<\/p>\n<p>&nbsp;<\/p>\n<p>&nbsp;<\/p>\n<p><span class=\"nmt_arial\"> <\/span><\/p>\n<p><a href=\"https:\/\/www.gaudiosolutions.com\/wp-content\/uploads\/2019\/07\/Temario-Qlab.pdf\" target=\"_blank\" rel=\"noopener noreferrer\"><strong>TEM\u00c1RIO<\/strong><\/a><\/p>\n<p>&nbsp;<\/p>\n<p>[vc_row row_type=&#8221;row&#8221; use_row_as_full_screen_section=&#8221;grid&#8221; type=&#8221;100%&#8221; text_align=&#8221;center&#8221; background_animation=&#8221;none&#8221; css_animation=&#8221;&#8221;][vc_column][vc_accordion active_tab=&#8221;false&#8221; collapsible=&#8221;yes&#8221; style=&#8221;boxed_accordion&#8221;][vc_accordion_tab title=&#8221;MAIS INFORMA\u00c7\u00c3O&#8221; title_color=&#8221;#cf5636&#8243; background_color=&#8221;#424644&#8243; title_tag=&#8221;h6&#8243;][vc_row_inner row_type=&#8221;row&#8221; type=&#8221;100%&#8221; use_row_as_full_screen_section_slide=&#8221;100%&#8221; text_align=&#8221;center&#8221; css_animation=&#8221;&#8221;][vc_column_inner][vc_column_text][contact-form-7 id=\"487\" title=\"Q-LAB_contact_es_copy\"][\/vc_column_text][vc_empty_space height=&#8221;50px&#8221;][\/vc_column_inner][\/vc_row_inner][\/vc_accordion_tab][\/vc_accordion][\/vc_column][\/vc_row]<\/p>\n<p>&nbsp;<\/p>\n<p>&nbsp;<\/p>\n<p>&nbsp;<\/p>\n","protected":false},"featured_media":8137,"comment_status":"open","ping_status":"closed","template":"","meta":[],"product_brand":[],"product_cat":[111],"product_tag":[],"class_list":{"0":"post-8832","1":"product","2":"type-product","3":"status-publish","4":"has-post-thumbnail","6":"product_cat-curso-pt","8":"first","9":"instock","10":"taxable","11":"shipping-taxable","12":"purchasable","13":"product-type-variable"},"yoast_head":"<!-- This site is optimized with the Yoast SEO plugin v24.5 - https:\/\/yoast.com\/wordpress\/plugins\/seo\/ -->\n<title>DESENHO, PROGRAMA\u00c7\u00c3O E CONECTIVIDADE, Q-LAB4 - Global Audio Solutions<\/title>\n<meta name=\"robots\" content=\"index, follow, max-snippet:-1, max-image-preview:large, max-video-preview:-1\" \/>\n<link rel=\"canonical\" href=\"https:\/\/www.gaudiosolutions.com\/producto\/desenho-programacao-e-conectividade-q-lab4\/\" \/>\n<meta property=\"og:locale\" content=\"pt_BR\" \/>\n<meta property=\"og:type\" content=\"article\" \/>\n<meta property=\"og:title\" content=\"DESENHO, PROGRAMA\u00c7\u00c3O E CONECTIVIDADE, Q-LAB4 - Global Audio Solutions\" \/>\n<meta property=\"og:description\" content=\"&nbsp; &nbsp; Compreender a configura\u00e7\u00e3o e programa\u00e7\u00e3o em n\u00edvel do usu\u00e1rio de eventos multim\u00eddia, utilizando Q-LAB 4, software de renome mundial e outras ferramentas, para a gest\u00e3o de espet\u00e1culos ao vivo. Para isso, realizaremos exemplos reais, te\u00f3ricos e pr\u00e1ticos de uso, controle e automa\u00e7\u00e3o de diferentes sistemas audiovisuais, como projetores, c\u00e2meras, mesas de som e ilumina\u00e7\u00e3o, com as tecnologias que temos \u00e0 nossa disposi\u00e7\u00e3o. &nbsp; &nbsp; &nbsp; &nbsp;   TEM\u00c1RIO &nbsp; [vc_row row_type=&quot;row&quot; use_row_as_full_screen_section=&quot;grid&quot; type=&quot;100%&quot; text_align=&quot;center&quot; background_animation=&quot;none&quot; css_animation=&quot;&quot;][vc_column][vc_accordion active_tab=&quot;false&quot; collapsible=&quot;yes&quot; style=&quot;boxed_accordion&quot;][vc_accordion_tab title=&quot;MAIS INFORMA\u00c7\u00c3O&quot; title_color=&quot;#cf5636&quot; background_color=&quot;#424644&quot; title_tag=&quot;h6&quot;][vc_row_inner row_type=&quot;row&quot; type=&quot;100%&quot; use_row_as_full_screen_section_slide=&quot;100%&quot; text_align=&quot;center&quot; css_animation=&quot;&quot;][vc_column_inner][vc_column_text][\/vc_column_text][vc_empty_space height=&quot;50px&quot;][\/vc_column_inner][\/vc_row_inner][\/vc_accordion_tab][\/vc_accordion][\/vc_column][\/vc_row] &nbsp; &nbsp; &nbsp;\" \/>\n<meta property=\"og:url\" content=\"https:\/\/www.gaudiosolutions.com\/producto\/desenho-programacao-e-conectividade-q-lab4\/\" \/>\n<meta property=\"og:site_name\" content=\"Global Audio Solutions\" \/>\n<meta property=\"article:modified_time\" content=\"2023-05-08T19:41:08+00:00\" \/>\n<meta name=\"twitter:card\" content=\"summary_large_image\" \/>\n<script type=\"application\/ld+json\" class=\"yoast-schema-graph\">{\"@context\":\"https:\/\/schema.org\",\"@graph\":[{\"@type\":\"WebPage\",\"@id\":\"https:\/\/www.gaudiosolutions.com\/producto\/desenho-programacao-e-conectividade-q-lab4\/\",\"url\":\"https:\/\/www.gaudiosolutions.com\/producto\/desenho-programacao-e-conectividade-q-lab4\/\",\"name\":\"DESENHO, PROGRAMA\u00c7\u00c3O E CONECTIVIDADE, Q-LAB4 - Global Audio Solutions\",\"isPartOf\":{\"@id\":\"https:\/\/www.gaudiosolutions.com\/#website\"},\"primaryImageOfPage\":{\"@id\":\"https:\/\/www.gaudiosolutions.com\/producto\/desenho-programacao-e-conectividade-q-lab4\/#primaryimage\"},\"image\":{\"@id\":\"https:\/\/www.gaudiosolutions.com\/producto\/desenho-programacao-e-conectividade-q-lab4\/#primaryimage\"},\"thumbnailUrl\":\"https:\/\/www.gaudiosolutions.com\/wp-content\/uploads\/2019\/02\/globalaudiosolutions_curs_qlab.jpg\",\"datePublished\":\"2019-02-21T12:38:42+00:00\",\"dateModified\":\"2023-05-08T19:41:08+00:00\",\"breadcrumb\":{\"@id\":\"https:\/\/www.gaudiosolutions.com\/producto\/desenho-programacao-e-conectividade-q-lab4\/#breadcrumb\"},\"inLanguage\":\"pt-BR\",\"potentialAction\":[{\"@type\":\"ReadAction\",\"target\":[\"https:\/\/www.gaudiosolutions.com\/producto\/desenho-programacao-e-conectividade-q-lab4\/\"]}]},{\"@type\":\"ImageObject\",\"inLanguage\":\"pt-BR\",\"@id\":\"https:\/\/www.gaudiosolutions.com\/producto\/desenho-programacao-e-conectividade-q-lab4\/#primaryimage\",\"url\":\"https:\/\/www.gaudiosolutions.com\/wp-content\/uploads\/2019\/02\/globalaudiosolutions_curs_qlab.jpg\",\"contentUrl\":\"https:\/\/www.gaudiosolutions.com\/wp-content\/uploads\/2019\/02\/globalaudiosolutions_curs_qlab.jpg\",\"width\":540,\"height\":630},{\"@type\":\"BreadcrumbList\",\"@id\":\"https:\/\/www.gaudiosolutions.com\/producto\/desenho-programacao-e-conectividade-q-lab4\/#breadcrumb\",\"itemListElement\":[{\"@type\":\"ListItem\",\"position\":1,\"name\":\"Portada\",\"item\":\"https:\/\/www.gaudiosolutions.com\/pt-br\/\"},{\"@type\":\"ListItem\",\"position\":2,\"name\":\"Shop\",\"item\":\"https:\/\/www.gaudiosolutions.com\/pt-br\/shop\/\"},{\"@type\":\"ListItem\",\"position\":3,\"name\":\"DESENHO, PROGRAMA\u00c7\u00c3O E CONECTIVIDADE, Q-LAB4\"}]},{\"@type\":\"WebSite\",\"@id\":\"https:\/\/www.gaudiosolutions.com\/#website\",\"url\":\"https:\/\/www.gaudiosolutions.com\/\",\"name\":\"Global Audio Solutions\",\"description\":\"\",\"potentialAction\":[{\"@type\":\"SearchAction\",\"target\":{\"@type\":\"EntryPoint\",\"urlTemplate\":\"https:\/\/www.gaudiosolutions.com\/?s={search_term_string}\"},\"query-input\":{\"@type\":\"PropertyValueSpecification\",\"valueRequired\":true,\"valueName\":\"search_term_string\"}}],\"inLanguage\":\"pt-BR\"}]}<\/script>\n<!-- \/ Yoast SEO plugin. -->","yoast_head_json":{"title":"DESENHO, PROGRAMA\u00c7\u00c3O E CONECTIVIDADE, Q-LAB4 - Global Audio Solutions","robots":{"index":"index","follow":"follow","max-snippet":"max-snippet:-1","max-image-preview":"max-image-preview:large","max-video-preview":"max-video-preview:-1"},"canonical":"https:\/\/www.gaudiosolutions.com\/producto\/desenho-programacao-e-conectividade-q-lab4\/","og_locale":"pt_BR","og_type":"article","og_title":"DESENHO, PROGRAMA\u00c7\u00c3O E CONECTIVIDADE, Q-LAB4 - Global Audio Solutions","og_description":"&nbsp; &nbsp; Compreender a configura\u00e7\u00e3o e programa\u00e7\u00e3o em n\u00edvel do usu\u00e1rio de eventos multim\u00eddia, utilizando Q-LAB 4, software de renome mundial e outras ferramentas, para a gest\u00e3o de espet\u00e1culos ao vivo. Para isso, realizaremos exemplos reais, te\u00f3ricos e pr\u00e1ticos de uso, controle e automa\u00e7\u00e3o de diferentes sistemas audiovisuais, como projetores, c\u00e2meras, mesas de som e ilumina\u00e7\u00e3o, com as tecnologias que temos \u00e0 nossa disposi\u00e7\u00e3o. &nbsp; &nbsp; &nbsp; &nbsp;   TEM\u00c1RIO &nbsp; [vc_row row_type=\"row\" use_row_as_full_screen_section=\"grid\" type=\"100%\" text_align=\"center\" background_animation=\"none\" css_animation=\"\"][vc_column][vc_accordion active_tab=\"false\" collapsible=\"yes\" style=\"boxed_accordion\"][vc_accordion_tab title=\"MAIS INFORMA\u00c7\u00c3O\" title_color=\"#cf5636\" background_color=\"#424644\" title_tag=\"h6\"][vc_row_inner row_type=\"row\" type=\"100%\" use_row_as_full_screen_section_slide=\"100%\" text_align=\"center\" css_animation=\"\"][vc_column_inner][vc_column_text][\/vc_column_text][vc_empty_space height=\"50px\"][\/vc_column_inner][\/vc_row_inner][\/vc_accordion_tab][\/vc_accordion][\/vc_column][\/vc_row] &nbsp; &nbsp; &nbsp;","og_url":"https:\/\/www.gaudiosolutions.com\/producto\/desenho-programacao-e-conectividade-q-lab4\/","og_site_name":"Global Audio Solutions","article_modified_time":"2023-05-08T19:41:08+00:00","twitter_card":"summary_large_image","schema":{"@context":"https:\/\/schema.org","@graph":[{"@type":"WebPage","@id":"https:\/\/www.gaudiosolutions.com\/producto\/desenho-programacao-e-conectividade-q-lab4\/","url":"https:\/\/www.gaudiosolutions.com\/producto\/desenho-programacao-e-conectividade-q-lab4\/","name":"DESENHO, PROGRAMA\u00c7\u00c3O E CONECTIVIDADE, Q-LAB4 - Global Audio Solutions","isPartOf":{"@id":"https:\/\/www.gaudiosolutions.com\/#website"},"primaryImageOfPage":{"@id":"https:\/\/www.gaudiosolutions.com\/producto\/desenho-programacao-e-conectividade-q-lab4\/#primaryimage"},"image":{"@id":"https:\/\/www.gaudiosolutions.com\/producto\/desenho-programacao-e-conectividade-q-lab4\/#primaryimage"},"thumbnailUrl":"https:\/\/www.gaudiosolutions.com\/wp-content\/uploads\/2019\/02\/globalaudiosolutions_curs_qlab.jpg","datePublished":"2019-02-21T12:38:42+00:00","dateModified":"2023-05-08T19:41:08+00:00","breadcrumb":{"@id":"https:\/\/www.gaudiosolutions.com\/producto\/desenho-programacao-e-conectividade-q-lab4\/#breadcrumb"},"inLanguage":"pt-BR","potentialAction":[{"@type":"ReadAction","target":["https:\/\/www.gaudiosolutions.com\/producto\/desenho-programacao-e-conectividade-q-lab4\/"]}]},{"@type":"ImageObject","inLanguage":"pt-BR","@id":"https:\/\/www.gaudiosolutions.com\/producto\/desenho-programacao-e-conectividade-q-lab4\/#primaryimage","url":"https:\/\/www.gaudiosolutions.com\/wp-content\/uploads\/2019\/02\/globalaudiosolutions_curs_qlab.jpg","contentUrl":"https:\/\/www.gaudiosolutions.com\/wp-content\/uploads\/2019\/02\/globalaudiosolutions_curs_qlab.jpg","width":540,"height":630},{"@type":"BreadcrumbList","@id":"https:\/\/www.gaudiosolutions.com\/producto\/desenho-programacao-e-conectividade-q-lab4\/#breadcrumb","itemListElement":[{"@type":"ListItem","position":1,"name":"Portada","item":"https:\/\/www.gaudiosolutions.com\/pt-br\/"},{"@type":"ListItem","position":2,"name":"Shop","item":"https:\/\/www.gaudiosolutions.com\/pt-br\/shop\/"},{"@type":"ListItem","position":3,"name":"DESENHO, PROGRAMA\u00c7\u00c3O E CONECTIVIDADE, Q-LAB4"}]},{"@type":"WebSite","@id":"https:\/\/www.gaudiosolutions.com\/#website","url":"https:\/\/www.gaudiosolutions.com\/","name":"Global Audio Solutions","description":"","potentialAction":[{"@type":"SearchAction","target":{"@type":"EntryPoint","urlTemplate":"https:\/\/www.gaudiosolutions.com\/?s={search_term_string}"},"query-input":{"@type":"PropertyValueSpecification","valueRequired":true,"valueName":"search_term_string"}}],"inLanguage":"pt-BR"}]}},"_links":{"self":[{"href":"https:\/\/www.gaudiosolutions.com\/pt-br\/wp-json\/wp\/v2\/product\/8832","targetHints":{"allow":["GET"]}}],"collection":[{"href":"https:\/\/www.gaudiosolutions.com\/pt-br\/wp-json\/wp\/v2\/product"}],"about":[{"href":"https:\/\/www.gaudiosolutions.com\/pt-br\/wp-json\/wp\/v2\/types\/product"}],"replies":[{"embeddable":true,"href":"https:\/\/www.gaudiosolutions.com\/pt-br\/wp-json\/wp\/v2\/comments?post=8832"}],"wp:featuredmedia":[{"embeddable":true,"href":"https:\/\/www.gaudiosolutions.com\/pt-br\/wp-json\/wp\/v2\/media\/8137"}],"wp:attachment":[{"href":"https:\/\/www.gaudiosolutions.com\/pt-br\/wp-json\/wp\/v2\/media?parent=8832"}],"wp:term":[{"taxonomy":"product_brand","embeddable":true,"href":"https:\/\/www.gaudiosolutions.com\/pt-br\/wp-json\/wp\/v2\/product_brand?post=8832"},{"taxonomy":"product_cat","embeddable":true,"href":"https:\/\/www.gaudiosolutions.com\/pt-br\/wp-json\/wp\/v2\/product_cat?post=8832"},{"taxonomy":"product_tag","embeddable":true,"href":"https:\/\/www.gaudiosolutions.com\/pt-br\/wp-json\/wp\/v2\/product_tag?post=8832"}],"curies":[{"name":"wp","href":"https:\/\/api.w.org\/{rel}","templated":true}]}}