{"id":9025,"date":"2021-02-10T16:57:54","date_gmt":"2021-02-10T15:57:54","guid":{"rendered":"https:\/\/www.gaudiosolutions.com\/producto\/rita-spl-meter\/"},"modified":"2023-09-01T18:58:19","modified_gmt":"2023-09-01T16:58:19","slug":"rita-spl-meter","status":"publish","type":"product","link":"https:\/\/www.gaudiosolutions.com\/pt-br\/producto\/rita-spl-meter\/","title":{"rendered":"RiTA SPL Meter"},"content":{"rendered":"<p><span style=\"color: #cd573c;\"><strong>VERS\u00c2O :<\/strong><\/span> 2.0<\/p>\n<p>&nbsp;<\/p>\n","protected":false},"excerpt":{"rendered":"<p class=\"p1\">RiTA SPL Meter \u00e9 um medidor SPL<span class=\"s1\"> <\/span>que permite medir valores de L-Time, L-EQ, L-pico, L-max e dBFS. O medidor RiTA SPL permite calibrar facilmente os microfones de medi\u00e7\u00e3o, exportar e importar arquivos de calibra\u00e7\u00e3o e compensar com um potenci\u00f4metro virtual qualquer modifica\u00e7\u00e3o de ganho que ocorra na placa de \u00e1udio.<\/p>\n<p>&nbsp;<\/p>\n<p>[vc_row row_type=&#8221;row&#8221; use_row_as_full_screen_section=&#8221;grid&#8221; type=&#8221;100%&#8221; text_align=&#8221;center&#8221; background_animation=&#8221;none&#8221; css_animation=&#8221;&#8221;][vc_column][vc_accordion active_tab=&#8221;false&#8221; collapsible=&#8221;yes&#8221; style=&#8221;boxed_accordion&#8221;][vc_accordion_tab title=&#8221;MAIS INFORMA\u00c7\u00c3O&#8221; title_color=&#8221;#cf5636&#8243; background_color=&#8221;#424644&#8243; title_tag=&#8221;h6&#8243;][vc_row_inner row_type=&#8221;row&#8221; type=&#8221;100%&#8221; use_row_as_full_screen_section_slide=&#8221;100%&#8221; text_align=&#8221;center&#8221; css_animation=&#8221;&#8221;][vc_column_inner][vc_column_text][contact-form-7 id=\"6363\" title=\"RiTA SPL Meter\"][\/vc_column_text][vc_empty_space height=&#8221;50px&#8221;][\/vc_column_inner][\/vc_row_inner][\/vc_accordion_tab][\/vc_accordion][\/vc_column][\/vc_row]<\/p>\n<p>&nbsp;<\/p>\n","protected":false},"featured_media":8345,"comment_status":"open","ping_status":"closed","template":"","meta":[],"product_brand":[],"product_cat":[110],"product_tag":[],"class_list":{"0":"post-9025","1":"product","2":"type-product","3":"status-publish","4":"has-post-thumbnail","6":"product_cat-aplicativos","8":"first","9":"instock","10":"sold-individually","11":"taxable","12":"shipping-taxable","13":"purchasable","14":"product-type-variable"},"yoast_head":"<!-- This site is optimized with the Yoast SEO plugin v24.5 - https:\/\/yoast.com\/wordpress\/plugins\/seo\/ -->\n<title>RiTA SPL Meter 2.0 | Global Audio Solutions Software e Treinamento<\/title>\n<meta name=\"description\" content=\"RiTA SPL Meter \u00e9 um medidor SPLque permite medir valores de L-Time, L-EQ, L-pico, L-max e dBFS.\" \/>\n<meta name=\"robots\" content=\"index, follow, max-snippet:-1, max-image-preview:large, max-video-preview:-1\" \/>\n<link rel=\"canonical\" href=\"https:\/\/www.gaudiosolutions.com\/pt-br\/producto\/rita-spl-meter-2\/\" \/>\n<meta property=\"og:locale\" content=\"pt_BR\" \/>\n<meta property=\"og:type\" content=\"article\" \/>\n<meta property=\"og:title\" content=\"RiTA SPL Meter 2.0 | Global Audio Solutions Software e Treinamento\" \/>\n<meta property=\"og:description\" content=\"RiTA SPL Meter \u00e9 um medidor SPLque permite medir valores de L-Time, L-EQ, L-pico, L-max e dBFS.\" \/>\n<meta property=\"og:url\" content=\"https:\/\/www.gaudiosolutions.com\/pt-br\/producto\/rita-spl-meter-2\/\" \/>\n<meta property=\"og:site_name\" content=\"Global Audio Solutions\" \/>\n<meta property=\"article:modified_time\" content=\"2023-09-01T16:58:19+00:00\" \/>\n<meta property=\"og:image\" content=\"https:\/\/www.gaudiosolutions.com\/wp-content\/uploads\/2022\/03\/Captura-de-pantalla-2022-03-15-a-las-19.28.41.png\" \/>\n\t<meta property=\"og:image:width\" content=\"1358\" \/>\n\t<meta property=\"og:image:height\" content=\"944\" \/>\n\t<meta property=\"og:image:type\" content=\"image\/png\" \/>\n<meta name=\"twitter:card\" content=\"summary_large_image\" \/>\n<script type=\"application\/ld+json\" class=\"yoast-schema-graph\">{\"@context\":\"https:\/\/schema.org\",\"@graph\":[{\"@type\":\"WebPage\",\"@id\":\"https:\/\/www.gaudiosolutions.com\/pt-br\/producto\/rita-spl-meter-2\/\",\"url\":\"https:\/\/www.gaudiosolutions.com\/pt-br\/producto\/rita-spl-meter-2\/\",\"name\":\"RiTA SPL Meter 2.0 | Global Audio Solutions Software e Treinamento\",\"isPartOf\":{\"@id\":\"https:\/\/www.gaudiosolutions.com\/#website\"},\"primaryImageOfPage\":{\"@id\":\"https:\/\/www.gaudiosolutions.com\/pt-br\/producto\/rita-spl-meter-2\/#primaryimage\"},\"image\":{\"@id\":\"https:\/\/www.gaudiosolutions.com\/pt-br\/producto\/rita-spl-meter-2\/#primaryimage\"},\"thumbnailUrl\":\"https:\/\/www.gaudiosolutions.com\/wp-content\/uploads\/2022\/03\/Captura-de-pantalla-2022-03-15-a-las-19.28.41.png\",\"datePublished\":\"2021-02-10T15:57:54+00:00\",\"dateModified\":\"2023-09-01T16:58:19+00:00\",\"description\":\"RiTA SPL Meter \u00e9 um medidor SPLque permite medir valores de L-Time, L-EQ, L-pico, L-max e dBFS.\",\"breadcrumb\":{\"@id\":\"https:\/\/www.gaudiosolutions.com\/pt-br\/producto\/rita-spl-meter-2\/#breadcrumb\"},\"inLanguage\":\"pt-BR\",\"potentialAction\":[{\"@type\":\"ReadAction\",\"target\":[\"https:\/\/www.gaudiosolutions.com\/pt-br\/producto\/rita-spl-meter-2\/\"]}]},{\"@type\":\"ImageObject\",\"inLanguage\":\"pt-BR\",\"@id\":\"https:\/\/www.gaudiosolutions.com\/pt-br\/producto\/rita-spl-meter-2\/#primaryimage\",\"url\":\"https:\/\/www.gaudiosolutions.com\/wp-content\/uploads\/2022\/03\/Captura-de-pantalla-2022-03-15-a-las-19.28.41.png\",\"contentUrl\":\"https:\/\/www.gaudiosolutions.com\/wp-content\/uploads\/2022\/03\/Captura-de-pantalla-2022-03-15-a-las-19.28.41.png\",\"width\":1358,\"height\":944},{\"@type\":\"BreadcrumbList\",\"@id\":\"https:\/\/www.gaudiosolutions.com\/pt-br\/producto\/rita-spl-meter-2\/#breadcrumb\",\"itemListElement\":[{\"@type\":\"ListItem\",\"position\":1,\"name\":\"Portada\",\"item\":\"https:\/\/www.gaudiosolutions.com\/pt-br\/\"},{\"@type\":\"ListItem\",\"position\":2,\"name\":\"Shop\",\"item\":\"https:\/\/www.gaudiosolutions.com\/pt-br\/shop\/\"},{\"@type\":\"ListItem\",\"position\":3,\"name\":\"RiTA SPL Meter\"}]},{\"@type\":\"WebSite\",\"@id\":\"https:\/\/www.gaudiosolutions.com\/#website\",\"url\":\"https:\/\/www.gaudiosolutions.com\/\",\"name\":\"Global Audio Solutions\",\"description\":\"\",\"potentialAction\":[{\"@type\":\"SearchAction\",\"target\":{\"@type\":\"EntryPoint\",\"urlTemplate\":\"https:\/\/www.gaudiosolutions.com\/?s={search_term_string}\"},\"query-input\":{\"@type\":\"PropertyValueSpecification\",\"valueRequired\":true,\"valueName\":\"search_term_string\"}}],\"inLanguage\":\"pt-BR\"}]}<\/script>\n<!-- \/ Yoast SEO plugin. -->","yoast_head_json":{"title":"RiTA SPL Meter 2.0 | Global Audio Solutions Software e Treinamento","description":"RiTA SPL Meter \u00e9 um medidor SPLque permite medir valores de L-Time, L-EQ, L-pico, L-max e dBFS.","robots":{"index":"index","follow":"follow","max-snippet":"max-snippet:-1","max-image-preview":"max-image-preview:large","max-video-preview":"max-video-preview:-1"},"canonical":"https:\/\/www.gaudiosolutions.com\/pt-br\/producto\/rita-spl-meter-2\/","og_locale":"pt_BR","og_type":"article","og_title":"RiTA SPL Meter 2.0 | Global Audio Solutions Software e Treinamento","og_description":"RiTA SPL Meter \u00e9 um medidor SPLque permite medir valores de L-Time, L-EQ, L-pico, L-max e dBFS.","og_url":"https:\/\/www.gaudiosolutions.com\/pt-br\/producto\/rita-spl-meter-2\/","og_site_name":"Global Audio Solutions","article_modified_time":"2023-09-01T16:58:19+00:00","og_image":[{"width":1358,"height":944,"url":"https:\/\/www.gaudiosolutions.com\/wp-content\/uploads\/2022\/03\/Captura-de-pantalla-2022-03-15-a-las-19.28.41.png","type":"image\/png"}],"twitter_card":"summary_large_image","schema":{"@context":"https:\/\/schema.org","@graph":[{"@type":"WebPage","@id":"https:\/\/www.gaudiosolutions.com\/pt-br\/producto\/rita-spl-meter-2\/","url":"https:\/\/www.gaudiosolutions.com\/pt-br\/producto\/rita-spl-meter-2\/","name":"RiTA SPL Meter 2.0 | Global Audio Solutions Software e Treinamento","isPartOf":{"@id":"https:\/\/www.gaudiosolutions.com\/#website"},"primaryImageOfPage":{"@id":"https:\/\/www.gaudiosolutions.com\/pt-br\/producto\/rita-spl-meter-2\/#primaryimage"},"image":{"@id":"https:\/\/www.gaudiosolutions.com\/pt-br\/producto\/rita-spl-meter-2\/#primaryimage"},"thumbnailUrl":"https:\/\/www.gaudiosolutions.com\/wp-content\/uploads\/2022\/03\/Captura-de-pantalla-2022-03-15-a-las-19.28.41.png","datePublished":"2021-02-10T15:57:54+00:00","dateModified":"2023-09-01T16:58:19+00:00","description":"RiTA SPL Meter \u00e9 um medidor SPLque permite medir valores de L-Time, L-EQ, L-pico, L-max e dBFS.","breadcrumb":{"@id":"https:\/\/www.gaudiosolutions.com\/pt-br\/producto\/rita-spl-meter-2\/#breadcrumb"},"inLanguage":"pt-BR","potentialAction":[{"@type":"ReadAction","target":["https:\/\/www.gaudiosolutions.com\/pt-br\/producto\/rita-spl-meter-2\/"]}]},{"@type":"ImageObject","inLanguage":"pt-BR","@id":"https:\/\/www.gaudiosolutions.com\/pt-br\/producto\/rita-spl-meter-2\/#primaryimage","url":"https:\/\/www.gaudiosolutions.com\/wp-content\/uploads\/2022\/03\/Captura-de-pantalla-2022-03-15-a-las-19.28.41.png","contentUrl":"https:\/\/www.gaudiosolutions.com\/wp-content\/uploads\/2022\/03\/Captura-de-pantalla-2022-03-15-a-las-19.28.41.png","width":1358,"height":944},{"@type":"BreadcrumbList","@id":"https:\/\/www.gaudiosolutions.com\/pt-br\/producto\/rita-spl-meter-2\/#breadcrumb","itemListElement":[{"@type":"ListItem","position":1,"name":"Portada","item":"https:\/\/www.gaudiosolutions.com\/pt-br\/"},{"@type":"ListItem","position":2,"name":"Shop","item":"https:\/\/www.gaudiosolutions.com\/pt-br\/shop\/"},{"@type":"ListItem","position":3,"name":"RiTA SPL Meter"}]},{"@type":"WebSite","@id":"https:\/\/www.gaudiosolutions.com\/#website","url":"https:\/\/www.gaudiosolutions.com\/","name":"Global Audio Solutions","description":"","potentialAction":[{"@type":"SearchAction","target":{"@type":"EntryPoint","urlTemplate":"https:\/\/www.gaudiosolutions.com\/?s={search_term_string}"},"query-input":{"@type":"PropertyValueSpecification","valueRequired":true,"valueName":"search_term_string"}}],"inLanguage":"pt-BR"}]}},"_links":{"self":[{"href":"https:\/\/www.gaudiosolutions.com\/pt-br\/wp-json\/wp\/v2\/product\/9025","targetHints":{"allow":["GET"]}}],"collection":[{"href":"https:\/\/www.gaudiosolutions.com\/pt-br\/wp-json\/wp\/v2\/product"}],"about":[{"href":"https:\/\/www.gaudiosolutions.com\/pt-br\/wp-json\/wp\/v2\/types\/product"}],"replies":[{"embeddable":true,"href":"https:\/\/www.gaudiosolutions.com\/pt-br\/wp-json\/wp\/v2\/comments?post=9025"}],"wp:featuredmedia":[{"embeddable":true,"href":"https:\/\/www.gaudiosolutions.com\/pt-br\/wp-json\/wp\/v2\/media\/8345"}],"wp:attachment":[{"href":"https:\/\/www.gaudiosolutions.com\/pt-br\/wp-json\/wp\/v2\/media?parent=9025"}],"wp:term":[{"taxonomy":"product_brand","embeddable":true,"href":"https:\/\/www.gaudiosolutions.com\/pt-br\/wp-json\/wp\/v2\/product_brand?post=9025"},{"taxonomy":"product_cat","embeddable":true,"href":"https:\/\/www.gaudiosolutions.com\/pt-br\/wp-json\/wp\/v2\/product_cat?post=9025"},{"taxonomy":"product_tag","embeddable":true,"href":"https:\/\/www.gaudiosolutions.com\/pt-br\/wp-json\/wp\/v2\/product_tag?post=9025"}],"curies":[{"name":"wp","href":"https:\/\/api.w.org\/{rel}","templated":true}]}}