{"id":9198,"date":"2022-05-20T19:13:19","date_gmt":"2022-05-20T17:13:19","guid":{"rendered":"https:\/\/www.gaudiosolutions.com\/?post_type=product&#038;p=9198"},"modified":"2026-02-10T00:00:25","modified_gmt":"2026-02-09T23:00:25","slug":"operador-rita-presencial","status":"publish","type":"product","link":"https:\/\/www.gaudiosolutions.com\/pt-br\/producto\/operador-rita-presencial\/","title":{"rendered":"Operador RiTA"},"content":{"rendered":"<p><span style=\"color: #cd573c;\"><strong>DURA\u00c7AO<\/strong><\/span>: 3 dias<\/p>\n<p><span style=\"color: #cd573c;\"><strong>N\u00cdVEL<\/strong>:<\/span> Intermedi\u00e1rio<\/p>\n<p><span style=\"color: #cd573c;\"><strong>PROFESSOR:<\/strong><\/span> <span style=\"color: #ffffff;\"><a style=\"color: #ffffff;\" href=\"https:\/\/www.gaudiosolutions.com\/pt-br\/quem-som-nos\/#profes1\" target=\"_blank\" rel=\"noopener noreferrer\">Pepe Ferrer<\/a><\/span><\/p>\n<p>&nbsp;<\/p>\n<p><span style=\"color: #cd573c;\"><strong>PRE\u00c7O<\/strong><\/span>: 320\u20ac<\/p>\n","protected":false},"excerpt":{"rendered":"<p>&nbsp;<\/p>\n<p class=\"p1\"><span class=\"s1\">O treinamento Fundamentos do Analisador RiTA Online estuda os conceitos e funcionalidades do software RiTA\u00a9<\/span><span class=\"s1\">. Explora os diferenciais do programa e suas aplica\u00e7\u00f5es did\u00e1ticas sempre associando teoria e pr\u00e1tica com medi\u00e7\u00f5es el\u00e9tricas e ac\u00fasticas. <\/span><\/p>\n<p class=\"p2\"><span class=\"s1\">Permite ao final do treinamento a utiliza\u00e7\u00e3o plena de todas as fun\u00e7\u00f5es e modos de exibi\u00e7\u00e3o em medi\u00e7\u00f5es pr\u00e1ticas no campo de trabalho A combina\u00e7\u00e3o de t\u00e9cnicas de an\u00e1lise e processamento de sinal permite que o t\u00e9cnico ou engenheiro do sistema analise grandes sistemas de alto-falantes sem a necessidade de gerar continuamente um sinal de teste, reduzindo assim a fadiga ac\u00fastica<\/span><\/p>\n<p>&nbsp;<\/p>\n<p> <span class=\"nmt_arial\"> Fa\u00e7a o download do <\/span><a href=\"https:\/\/www.gaudiosolutions.com\/wp-content\/uploads\/2024\/02\/OP-RiTA-PRESENCIAL.pdf\" target=\"_blank\" rel=\"noopener noreferrer\"><strong>CALEND\u00c1RIO<\/strong><\/a><\/p>\n<p>&nbsp;<\/p>\n<p>[vc_row row_type=&#8221;row&#8221; use_row_as_full_screen_section=&#8221;grid&#8221; type=&#8221;100%&#8221; text_align=&#8221;center&#8221; background_animation=&#8221;none&#8221; css_animation=&#8221;&#8221;][vc_column][vc_accordion active_tab=&#8221;false&#8221; collapsible=&#8221;yes&#8221; style=&#8221;boxed_accordion&#8221;][vc_accordion_tab title=&#8221;MAIS INFORMA\u00c7\u00c3O&#8221; title_color=&#8221;#cf5636&#8243; background_color=&#8221;#424644&#8243; title_tag=&#8221;h6&#8243;][vc_row_inner row_type=&#8221;row&#8221; type=&#8221;100%&#8221; use_row_as_full_screen_section_slide=&#8221;100%&#8221; text_align=&#8221;center&#8221; css_animation=&#8221;&#8221;][vc_column_inner][vc_column_text][contact-form-7 id=\"9211\" title=\"Operador RiTA_presencial\"][\/vc_column_text][vc_empty_space height=&#8221;50px&#8221;][\/vc_column_inner][\/vc_row_inner][\/vc_accordion_tab][\/vc_accordion][\/vc_column][\/vc_row]<\/p>\n<p>&nbsp;<\/p>\n<p>&nbsp;<\/p>\n<p>&nbsp;<\/p>\n","protected":false},"featured_media":8171,"comment_status":"open","ping_status":"closed","template":"","meta":[],"product_brand":[],"product_cat":[111],"product_tag":[],"class_list":{"0":"post-9198","1":"product","2":"type-product","3":"status-publish","4":"has-post-thumbnail","6":"product_cat-curso-pt","8":"first","9":"instock","10":"taxable","11":"shipping-taxable","12":"purchasable","13":"product-type-variable","14":"has-default-attributes"},"yoast_head":"<!-- This site is optimized with the Yoast SEO plugin v24.5 - https:\/\/yoast.com\/wordpress\/plugins\/seo\/ -->\n<title>Operador RiTA - Global Audio Solutions<\/title>\n<meta name=\"description\" content=\"O treinamento Fundamentos do Analisador RiTA Online estuda os conceitos e funcionalidades do software RiTA\u00a9, associando sempre conceitos te\u00f3ricos \u00e0 pr\u00e1tica.\" \/>\n<meta name=\"robots\" content=\"index, follow, max-snippet:-1, max-image-preview:large, max-video-preview:-1\" \/>\n<link rel=\"canonical\" href=\"https:\/\/www.gaudiosolutions.com\/pt-br\/producto\/operador-rita-presencial\/\" \/>\n<meta property=\"og:locale\" content=\"pt_BR\" \/>\n<meta property=\"og:type\" content=\"article\" \/>\n<meta property=\"og:title\" content=\"Operador RiTA - Global Audio Solutions\" \/>\n<meta property=\"og:description\" content=\"O treinamento Fundamentos do Analisador RiTA Online estuda os conceitos e funcionalidades do software RiTA\u00a9, associando sempre conceitos te\u00f3ricos \u00e0 pr\u00e1tica.\" \/>\n<meta property=\"og:url\" content=\"https:\/\/www.gaudiosolutions.com\/pt-br\/producto\/operador-rita-presencial\/\" \/>\n<meta property=\"og:site_name\" content=\"Global Audio Solutions\" \/>\n<meta property=\"article:modified_time\" content=\"2026-02-09T23:00:25+00:00\" \/>\n<meta property=\"og:image\" content=\"https:\/\/www.gaudiosolutions.com\/wp-content\/uploads\/2019\/02\/globalaudiosolutions_app_rita.jpg\" \/>\n\t<meta property=\"og:image:width\" content=\"540\" \/>\n\t<meta property=\"og:image:height\" content=\"630\" \/>\n\t<meta property=\"og:image:type\" content=\"image\/jpeg\" \/>\n<meta name=\"twitter:card\" content=\"summary_large_image\" \/>\n<meta name=\"twitter:label1\" content=\"Est. tempo de leitura\" \/>\n\t<meta name=\"twitter:data1\" content=\"1 minuto\" \/>\n<script type=\"application\/ld+json\" class=\"yoast-schema-graph\">{\"@context\":\"https:\/\/schema.org\",\"@graph\":[{\"@type\":\"WebPage\",\"@id\":\"https:\/\/www.gaudiosolutions.com\/pt-br\/producto\/operador-rita-presencial\/\",\"url\":\"https:\/\/www.gaudiosolutions.com\/pt-br\/producto\/operador-rita-presencial\/\",\"name\":\"Operador RiTA - Global Audio Solutions\",\"isPartOf\":{\"@id\":\"https:\/\/www.gaudiosolutions.com\/#website\"},\"primaryImageOfPage\":{\"@id\":\"https:\/\/www.gaudiosolutions.com\/pt-br\/producto\/operador-rita-presencial\/#primaryimage\"},\"image\":{\"@id\":\"https:\/\/www.gaudiosolutions.com\/pt-br\/producto\/operador-rita-presencial\/#primaryimage\"},\"thumbnailUrl\":\"https:\/\/www.gaudiosolutions.com\/wp-content\/uploads\/2019\/02\/globalaudiosolutions_app_rita.jpg\",\"datePublished\":\"2022-05-20T17:13:19+00:00\",\"dateModified\":\"2026-02-09T23:00:25+00:00\",\"description\":\"O treinamento Fundamentos do Analisador RiTA Online estuda os conceitos e funcionalidades do software RiTA\u00a9, associando sempre conceitos te\u00f3ricos \u00e0 pr\u00e1tica.\",\"breadcrumb\":{\"@id\":\"https:\/\/www.gaudiosolutions.com\/pt-br\/producto\/operador-rita-presencial\/#breadcrumb\"},\"inLanguage\":\"pt-BR\",\"potentialAction\":[{\"@type\":\"ReadAction\",\"target\":[\"https:\/\/www.gaudiosolutions.com\/pt-br\/producto\/operador-rita-presencial\/\"]}]},{\"@type\":\"ImageObject\",\"inLanguage\":\"pt-BR\",\"@id\":\"https:\/\/www.gaudiosolutions.com\/pt-br\/producto\/operador-rita-presencial\/#primaryimage\",\"url\":\"https:\/\/www.gaudiosolutions.com\/wp-content\/uploads\/2019\/02\/globalaudiosolutions_app_rita.jpg\",\"contentUrl\":\"https:\/\/www.gaudiosolutions.com\/wp-content\/uploads\/2019\/02\/globalaudiosolutions_app_rita.jpg\",\"width\":540,\"height\":630},{\"@type\":\"BreadcrumbList\",\"@id\":\"https:\/\/www.gaudiosolutions.com\/pt-br\/producto\/operador-rita-presencial\/#breadcrumb\",\"itemListElement\":[{\"@type\":\"ListItem\",\"position\":1,\"name\":\"Portada\",\"item\":\"https:\/\/www.gaudiosolutions.com\/pt-br\/\"},{\"@type\":\"ListItem\",\"position\":2,\"name\":\"Shop\",\"item\":\"https:\/\/www.gaudiosolutions.com\/pt-br\/shop\/\"},{\"@type\":\"ListItem\",\"position\":3,\"name\":\"Operador RiTA\"}]},{\"@type\":\"WebSite\",\"@id\":\"https:\/\/www.gaudiosolutions.com\/#website\",\"url\":\"https:\/\/www.gaudiosolutions.com\/\",\"name\":\"Global Audio Solutions\",\"description\":\"\",\"potentialAction\":[{\"@type\":\"SearchAction\",\"target\":{\"@type\":\"EntryPoint\",\"urlTemplate\":\"https:\/\/www.gaudiosolutions.com\/?s={search_term_string}\"},\"query-input\":{\"@type\":\"PropertyValueSpecification\",\"valueRequired\":true,\"valueName\":\"search_term_string\"}}],\"inLanguage\":\"pt-BR\"}]}<\/script>\n<!-- \/ Yoast SEO plugin. -->","yoast_head_json":{"title":"Operador RiTA - Global Audio Solutions","description":"O treinamento Fundamentos do Analisador RiTA Online estuda os conceitos e funcionalidades do software RiTA\u00a9, associando sempre conceitos te\u00f3ricos \u00e0 pr\u00e1tica.","robots":{"index":"index","follow":"follow","max-snippet":"max-snippet:-1","max-image-preview":"max-image-preview:large","max-video-preview":"max-video-preview:-1"},"canonical":"https:\/\/www.gaudiosolutions.com\/pt-br\/producto\/operador-rita-presencial\/","og_locale":"pt_BR","og_type":"article","og_title":"Operador RiTA - Global Audio Solutions","og_description":"O treinamento Fundamentos do Analisador RiTA Online estuda os conceitos e funcionalidades do software RiTA\u00a9, associando sempre conceitos te\u00f3ricos \u00e0 pr\u00e1tica.","og_url":"https:\/\/www.gaudiosolutions.com\/pt-br\/producto\/operador-rita-presencial\/","og_site_name":"Global Audio Solutions","article_modified_time":"2026-02-09T23:00:25+00:00","og_image":[{"width":540,"height":630,"url":"https:\/\/www.gaudiosolutions.com\/wp-content\/uploads\/2019\/02\/globalaudiosolutions_app_rita.jpg","type":"image\/jpeg"}],"twitter_card":"summary_large_image","twitter_misc":{"Est. tempo de leitura":"1 minuto"},"schema":{"@context":"https:\/\/schema.org","@graph":[{"@type":"WebPage","@id":"https:\/\/www.gaudiosolutions.com\/pt-br\/producto\/operador-rita-presencial\/","url":"https:\/\/www.gaudiosolutions.com\/pt-br\/producto\/operador-rita-presencial\/","name":"Operador RiTA - Global Audio Solutions","isPartOf":{"@id":"https:\/\/www.gaudiosolutions.com\/#website"},"primaryImageOfPage":{"@id":"https:\/\/www.gaudiosolutions.com\/pt-br\/producto\/operador-rita-presencial\/#primaryimage"},"image":{"@id":"https:\/\/www.gaudiosolutions.com\/pt-br\/producto\/operador-rita-presencial\/#primaryimage"},"thumbnailUrl":"https:\/\/www.gaudiosolutions.com\/wp-content\/uploads\/2019\/02\/globalaudiosolutions_app_rita.jpg","datePublished":"2022-05-20T17:13:19+00:00","dateModified":"2026-02-09T23:00:25+00:00","description":"O treinamento Fundamentos do Analisador RiTA Online estuda os conceitos e funcionalidades do software RiTA\u00a9, associando sempre conceitos te\u00f3ricos \u00e0 pr\u00e1tica.","breadcrumb":{"@id":"https:\/\/www.gaudiosolutions.com\/pt-br\/producto\/operador-rita-presencial\/#breadcrumb"},"inLanguage":"pt-BR","potentialAction":[{"@type":"ReadAction","target":["https:\/\/www.gaudiosolutions.com\/pt-br\/producto\/operador-rita-presencial\/"]}]},{"@type":"ImageObject","inLanguage":"pt-BR","@id":"https:\/\/www.gaudiosolutions.com\/pt-br\/producto\/operador-rita-presencial\/#primaryimage","url":"https:\/\/www.gaudiosolutions.com\/wp-content\/uploads\/2019\/02\/globalaudiosolutions_app_rita.jpg","contentUrl":"https:\/\/www.gaudiosolutions.com\/wp-content\/uploads\/2019\/02\/globalaudiosolutions_app_rita.jpg","width":540,"height":630},{"@type":"BreadcrumbList","@id":"https:\/\/www.gaudiosolutions.com\/pt-br\/producto\/operador-rita-presencial\/#breadcrumb","itemListElement":[{"@type":"ListItem","position":1,"name":"Portada","item":"https:\/\/www.gaudiosolutions.com\/pt-br\/"},{"@type":"ListItem","position":2,"name":"Shop","item":"https:\/\/www.gaudiosolutions.com\/pt-br\/shop\/"},{"@type":"ListItem","position":3,"name":"Operador RiTA"}]},{"@type":"WebSite","@id":"https:\/\/www.gaudiosolutions.com\/#website","url":"https:\/\/www.gaudiosolutions.com\/","name":"Global Audio Solutions","description":"","potentialAction":[{"@type":"SearchAction","target":{"@type":"EntryPoint","urlTemplate":"https:\/\/www.gaudiosolutions.com\/?s={search_term_string}"},"query-input":{"@type":"PropertyValueSpecification","valueRequired":true,"valueName":"search_term_string"}}],"inLanguage":"pt-BR"}]}},"_links":{"self":[{"href":"https:\/\/www.gaudiosolutions.com\/pt-br\/wp-json\/wp\/v2\/product\/9198","targetHints":{"allow":["GET"]}}],"collection":[{"href":"https:\/\/www.gaudiosolutions.com\/pt-br\/wp-json\/wp\/v2\/product"}],"about":[{"href":"https:\/\/www.gaudiosolutions.com\/pt-br\/wp-json\/wp\/v2\/types\/product"}],"replies":[{"embeddable":true,"href":"https:\/\/www.gaudiosolutions.com\/pt-br\/wp-json\/wp\/v2\/comments?post=9198"}],"wp:featuredmedia":[{"embeddable":true,"href":"https:\/\/www.gaudiosolutions.com\/pt-br\/wp-json\/wp\/v2\/media\/8171"}],"wp:attachment":[{"href":"https:\/\/www.gaudiosolutions.com\/pt-br\/wp-json\/wp\/v2\/media?parent=9198"}],"wp:term":[{"taxonomy":"product_brand","embeddable":true,"href":"https:\/\/www.gaudiosolutions.com\/pt-br\/wp-json\/wp\/v2\/product_brand?post=9198"},{"taxonomy":"product_cat","embeddable":true,"href":"https:\/\/www.gaudiosolutions.com\/pt-br\/wp-json\/wp\/v2\/product_cat?post=9198"},{"taxonomy":"product_tag","embeddable":true,"href":"https:\/\/www.gaudiosolutions.com\/pt-br\/wp-json\/wp\/v2\/product_tag?post=9198"}],"curies":[{"name":"wp","href":"https:\/\/api.w.org\/{rel}","templated":true}]}}