{"id":9513,"date":"2021-08-01T18:26:34","date_gmt":"2021-08-01T16:26:34","guid":{"rendered":"https:\/\/www.gaudiosolutions.com\/producto\/desenho-e-otimizacao-de-sistemas\/"},"modified":"2021-08-01T18:26:34","modified_gmt":"2021-08-01T16:26:34","slug":"diseno-y-optimizacion-de-sistemas-peru-2022-2","status":"publish","type":"product","link":"https:\/\/www.gaudiosolutions.com\/pt-br\/producto\/diseno-y-optimizacion-de-sistemas-peru-2022-2\/","title":{"rendered":"Desenho e Otimiza\u00e7\u00e3o de Sistemas"},"content":{"rendered":"<p><strong><span style=\"color: #cf5636;\">DURA\u00c7\u00c3O<\/span><\/strong>: 4 dias<\/p>\n<p><strong><span style=\"color: #cf5636;\">N\u00cdVEL:<\/span><\/strong> Avan\u00e7ado<\/p>\n<p><span style=\"color: #cf5636;\"><strong>PROFESSOR:<\/strong><\/span> <span style=\"color: #ffffff;\"><a style=\"color: #ffffff;\" href=\"https:\/\/www.gaudiosolutions.com\/nosotros\/#profes1\" target=\"_blank\" rel=\"noopener noreferrer\">Pepe Ferrer<\/a><\/span><\/p>\n<p>&nbsp;<\/p>\n<p><span style=\"color: #cd573c;\"><strong>PRE\u00c7O:<\/strong><\/span> 250\u20ac<\/p>\n","protected":false},"excerpt":{"rendered":"<p>&nbsp;<\/p>\n<p>&nbsp;<\/p>\n<p>O curso Desenho e Otimiza\u00e7\u00e3o de Sistemas Sonoros \u00e9 um curso pr\u00e1tico em que as decis\u00f5es de projeto e ajuste s\u00e3o tomadas em uma situa\u00e7\u00e3o real. O curso explora as diferentes t\u00e9cnicas de medi\u00e7\u00e3o, posi\u00e7\u00f5es do microfone e interpreta\u00e7\u00e3o avan\u00e7ada de dados para corre\u00e7\u00e3o do sistema.<\/p>\n<p>O curso coloca em pr\u00e1tica todos os conceitos aprendidos nos cursos anteriores. Medir, medir, medir&#8230; \u00e9 a \u00fanica maneira de se familiarizar com a an\u00e1lise. Quanto mais voc\u00ea mede melhores decis\u00f5es de design que voc\u00ea toma, quanto mais voc\u00ea projeta, mais eficiente se tornara em ajustes.<\/p>\n<p>O curso introduz conceitos de percep\u00e7\u00e3o e cogni\u00e7\u00e3o que nos permitem n\u00e3o apenas tratar os dados de maneira fria e matem\u00e1tica, mas tamb\u00e9m us\u00e1-los para criar designs adaptados a qualquer tipo de cria\u00e7\u00e3o audiovisual.<\/p>\n<p>&nbsp;<\/p>\n<p>A reserva do curso pode ser feita diretamente atrav\u00e9s do nosso distribuidor local: alfredo@gaudiosolutions.com<\/p>\n<p>&nbsp;<\/p>\n<p><span class=\"nmt_arial\"> <\/span><\/p>\n<p><a href=\"https:\/\/www.gaudiosolutions.com\/wp-content\/uploads\/2022\/07\/DO-LIMA-2022.pdf\" target=\"_blank\" rel=\"noopener noreferrer\"><span style=\"color: #cd573c;\"><strong>TEM\u00c1RIO<\/strong><\/span><\/a><\/p>\n<p>&nbsp;<\/p>\n<p>[vc_row row_type=&#8221;row&#8221; use_row_as_full_screen_section=&#8221;grid&#8221; type=&#8221;100%&#8221; text_align=&#8221;center&#8221; background_animation=&#8221;none&#8221; css_animation=&#8221;&#8221;][vc_column][vc_accordion active_tab=&#8221;false&#8221; collapsible=&#8221;yes&#8221; style=&#8221;boxed_accordion&#8221;][vc_accordion_tab title=&#8221;MAIS INFORMA\u00c7\u00c3O&#8221; title_color=&#8221;#cf5636&#8243; background_color=&#8221;#424644&#8243; title_tag=&#8221;h6&#8243;][vc_row_inner row_type=&#8221;row&#8221; type=&#8221;100%&#8221; use_row_as_full_screen_section_slide=&#8221;100%&#8221; text_align=&#8221;center&#8221; css_animation=&#8221;&#8221;][vc_column_inner][vc_column_text][contact-form-7 id=\"389\" title=\"OPTIMIZACION_contact_pt\"][\/vc_column_text][vc_empty_space height=&#8221;50px&#8221;][\/vc_column_inner][\/vc_row_inner][\/vc_accordion_tab][\/vc_accordion][\/vc_column][\/vc_row]<\/p>\n<p>&nbsp;<\/p>\n<p>&nbsp;<\/p>\n<p>&nbsp;<\/p>\n","protected":false},"featured_media":8127,"comment_status":"open","ping_status":"closed","template":"","meta":[],"product_brand":[],"product_cat":[116],"product_tag":[],"class_list":{"0":"post-9513","1":"product","2":"type-product","3":"status-publish","4":"has-post-thumbnail","6":"product_cat-sin-categorizar-pt-br","8":"first","9":"instock","10":"taxable","11":"shipping-taxable","12":"purchasable","13":"product-type-variable"},"yoast_head":"<!-- This site is optimized with the Yoast SEO plugin v24.5 - https:\/\/yoast.com\/wordpress\/plugins\/seo\/ -->\n<title>Desenho e Otimiza\u00e7\u00e3o de Sistemas - Global Audio Solutions<\/title>\n<meta name=\"robots\" content=\"index, follow, max-snippet:-1, max-image-preview:large, max-video-preview:-1\" \/>\n<link rel=\"canonical\" href=\"https:\/\/www.gaudiosolutions.com\/producto\/desenho-e-otimizacao-de-sistemas\/\" \/>\n<meta property=\"og:locale\" content=\"pt_BR\" \/>\n<meta property=\"og:type\" content=\"article\" \/>\n<meta property=\"og:title\" content=\"Desenho e Otimiza\u00e7\u00e3o de Sistemas - Global Audio Solutions\" \/>\n<meta property=\"og:description\" content=\"&nbsp; &nbsp; O curso Desenho e Otimiza\u00e7\u00e3o de Sistemas Sonoros \u00e9 um curso pr\u00e1tico em que as decis\u00f5es de projeto e ajuste s\u00e3o tomadas em uma situa\u00e7\u00e3o real. O curso explora as diferentes t\u00e9cnicas de medi\u00e7\u00e3o, posi\u00e7\u00f5es do microfone e interpreta\u00e7\u00e3o avan\u00e7ada de dados para corre\u00e7\u00e3o do sistema. O curso coloca em pr\u00e1tica todos os conceitos aprendidos nos cursos anteriores. Medir, medir, medir... \u00e9 a \u00fanica maneira de se familiarizar com a an\u00e1lise. Quanto mais voc\u00ea mede melhores decis\u00f5es de design que voc\u00ea toma, quanto mais voc\u00ea projeta, mais eficiente se tornara em ajustes. O curso introduz conceitos de percep\u00e7\u00e3o e cogni\u00e7\u00e3o que nos permitem n\u00e3o apenas tratar os dados de maneira fria e matem\u00e1tica, mas tamb\u00e9m us\u00e1-los para criar designs adaptados a qualquer tipo de cria\u00e7\u00e3o audiovisual. &nbsp; A reserva do curso pode ser feita diretamente atrav\u00e9s do nosso distribuidor local: alfredo@gaudiosolutions.com &nbsp;   TEM\u00c1RIO &nbsp; [vc_row row_type=&quot;row&quot; use_row_as_full_screen_section=&quot;grid&quot; type=&quot;100%&quot; text_align=&quot;center&quot; background_animation=&quot;none&quot; css_animation=&quot;&quot;][vc_column][vc_accordion active_tab=&quot;false&quot; collapsible=&quot;yes&quot; style=&quot;boxed_accordion&quot;][vc_accordion_tab title=&quot;MAIS INFORMA\u00c7\u00c3O&quot; title_color=&quot;#cf5636&quot; background_color=&quot;#424644&quot; title_tag=&quot;h6&quot;][vc_row_inner row_type=&quot;row&quot; type=&quot;100%&quot; use_row_as_full_screen_section_slide=&quot;100%&quot; text_align=&quot;center&quot; css_animation=&quot;&quot;][vc_column_inner][vc_column_text][\/vc_column_text][vc_empty_space height=&quot;50px&quot;][\/vc_column_inner][\/vc_row_inner][\/vc_accordion_tab][\/vc_accordion][\/vc_column][\/vc_row] &nbsp; &nbsp; &nbsp;\" \/>\n<meta property=\"og:url\" content=\"https:\/\/www.gaudiosolutions.com\/producto\/desenho-e-otimizacao-de-sistemas\/\" \/>\n<meta property=\"og:site_name\" content=\"Global Audio Solutions\" \/>\n<meta name=\"twitter:card\" content=\"summary_large_image\" \/>\n<script type=\"application\/ld+json\" class=\"yoast-schema-graph\">{\"@context\":\"https:\/\/schema.org\",\"@graph\":[{\"@type\":\"WebPage\",\"@id\":\"https:\/\/www.gaudiosolutions.com\/producto\/desenho-e-otimizacao-de-sistemas\/\",\"url\":\"https:\/\/www.gaudiosolutions.com\/producto\/desenho-e-otimizacao-de-sistemas\/\",\"name\":\"Desenho e Otimiza\u00e7\u00e3o de Sistemas - Global Audio Solutions\",\"isPartOf\":{\"@id\":\"https:\/\/www.gaudiosolutions.com\/#website\"},\"primaryImageOfPage\":{\"@id\":\"https:\/\/www.gaudiosolutions.com\/producto\/desenho-e-otimizacao-de-sistemas\/#primaryimage\"},\"image\":{\"@id\":\"https:\/\/www.gaudiosolutions.com\/producto\/desenho-e-otimizacao-de-sistemas\/#primaryimage\"},\"thumbnailUrl\":\"https:\/\/www.gaudiosolutions.com\/wp-content\/uploads\/2019\/02\/globalaudiosolutions_curs_disenooptimizacion.jpg\",\"datePublished\":\"2021-08-01T16:26:34+00:00\",\"breadcrumb\":{\"@id\":\"https:\/\/www.gaudiosolutions.com\/producto\/desenho-e-otimizacao-de-sistemas\/#breadcrumb\"},\"inLanguage\":\"pt-BR\",\"potentialAction\":[{\"@type\":\"ReadAction\",\"target\":[\"https:\/\/www.gaudiosolutions.com\/producto\/desenho-e-otimizacao-de-sistemas\/\"]}]},{\"@type\":\"ImageObject\",\"inLanguage\":\"pt-BR\",\"@id\":\"https:\/\/www.gaudiosolutions.com\/producto\/desenho-e-otimizacao-de-sistemas\/#primaryimage\",\"url\":\"https:\/\/www.gaudiosolutions.com\/wp-content\/uploads\/2019\/02\/globalaudiosolutions_curs_disenooptimizacion.jpg\",\"contentUrl\":\"https:\/\/www.gaudiosolutions.com\/wp-content\/uploads\/2019\/02\/globalaudiosolutions_curs_disenooptimizacion.jpg\",\"width\":540,\"height\":630},{\"@type\":\"BreadcrumbList\",\"@id\":\"https:\/\/www.gaudiosolutions.com\/producto\/desenho-e-otimizacao-de-sistemas\/#breadcrumb\",\"itemListElement\":[{\"@type\":\"ListItem\",\"position\":1,\"name\":\"Portada\",\"item\":\"https:\/\/www.gaudiosolutions.com\/pt-br\/\"},{\"@type\":\"ListItem\",\"position\":2,\"name\":\"Shop\",\"item\":\"https:\/\/www.gaudiosolutions.com\/pt-br\/shop\/\"},{\"@type\":\"ListItem\",\"position\":3,\"name\":\"Desenho e Otimiza\u00e7\u00e3o de Sistemas\"}]},{\"@type\":\"WebSite\",\"@id\":\"https:\/\/www.gaudiosolutions.com\/#website\",\"url\":\"https:\/\/www.gaudiosolutions.com\/\",\"name\":\"Global Audio Solutions\",\"description\":\"\",\"potentialAction\":[{\"@type\":\"SearchAction\",\"target\":{\"@type\":\"EntryPoint\",\"urlTemplate\":\"https:\/\/www.gaudiosolutions.com\/?s={search_term_string}\"},\"query-input\":{\"@type\":\"PropertyValueSpecification\",\"valueRequired\":true,\"valueName\":\"search_term_string\"}}],\"inLanguage\":\"pt-BR\"}]}<\/script>\n<!-- \/ Yoast SEO plugin. -->","yoast_head_json":{"title":"Desenho e Otimiza\u00e7\u00e3o de Sistemas - Global Audio Solutions","robots":{"index":"index","follow":"follow","max-snippet":"max-snippet:-1","max-image-preview":"max-image-preview:large","max-video-preview":"max-video-preview:-1"},"canonical":"https:\/\/www.gaudiosolutions.com\/producto\/desenho-e-otimizacao-de-sistemas\/","og_locale":"pt_BR","og_type":"article","og_title":"Desenho e Otimiza\u00e7\u00e3o de Sistemas - Global Audio Solutions","og_description":"&nbsp; &nbsp; O curso Desenho e Otimiza\u00e7\u00e3o de Sistemas Sonoros \u00e9 um curso pr\u00e1tico em que as decis\u00f5es de projeto e ajuste s\u00e3o tomadas em uma situa\u00e7\u00e3o real. O curso explora as diferentes t\u00e9cnicas de medi\u00e7\u00e3o, posi\u00e7\u00f5es do microfone e interpreta\u00e7\u00e3o avan\u00e7ada de dados para corre\u00e7\u00e3o do sistema. O curso coloca em pr\u00e1tica todos os conceitos aprendidos nos cursos anteriores. Medir, medir, medir... \u00e9 a \u00fanica maneira de se familiarizar com a an\u00e1lise. Quanto mais voc\u00ea mede melhores decis\u00f5es de design que voc\u00ea toma, quanto mais voc\u00ea projeta, mais eficiente se tornara em ajustes. O curso introduz conceitos de percep\u00e7\u00e3o e cogni\u00e7\u00e3o que nos permitem n\u00e3o apenas tratar os dados de maneira fria e matem\u00e1tica, mas tamb\u00e9m us\u00e1-los para criar designs adaptados a qualquer tipo de cria\u00e7\u00e3o audiovisual. &nbsp; A reserva do curso pode ser feita diretamente atrav\u00e9s do nosso distribuidor local: alfredo@gaudiosolutions.com &nbsp;   TEM\u00c1RIO &nbsp; [vc_row row_type=\"row\" use_row_as_full_screen_section=\"grid\" type=\"100%\" text_align=\"center\" background_animation=\"none\" css_animation=\"\"][vc_column][vc_accordion active_tab=\"false\" collapsible=\"yes\" style=\"boxed_accordion\"][vc_accordion_tab title=\"MAIS INFORMA\u00c7\u00c3O\" title_color=\"#cf5636\" background_color=\"#424644\" title_tag=\"h6\"][vc_row_inner row_type=\"row\" type=\"100%\" use_row_as_full_screen_section_slide=\"100%\" text_align=\"center\" css_animation=\"\"][vc_column_inner][vc_column_text][\/vc_column_text][vc_empty_space height=\"50px\"][\/vc_column_inner][\/vc_row_inner][\/vc_accordion_tab][\/vc_accordion][\/vc_column][\/vc_row] &nbsp; &nbsp; &nbsp;","og_url":"https:\/\/www.gaudiosolutions.com\/producto\/desenho-e-otimizacao-de-sistemas\/","og_site_name":"Global Audio Solutions","twitter_card":"summary_large_image","schema":{"@context":"https:\/\/schema.org","@graph":[{"@type":"WebPage","@id":"https:\/\/www.gaudiosolutions.com\/producto\/desenho-e-otimizacao-de-sistemas\/","url":"https:\/\/www.gaudiosolutions.com\/producto\/desenho-e-otimizacao-de-sistemas\/","name":"Desenho e Otimiza\u00e7\u00e3o de Sistemas - Global Audio Solutions","isPartOf":{"@id":"https:\/\/www.gaudiosolutions.com\/#website"},"primaryImageOfPage":{"@id":"https:\/\/www.gaudiosolutions.com\/producto\/desenho-e-otimizacao-de-sistemas\/#primaryimage"},"image":{"@id":"https:\/\/www.gaudiosolutions.com\/producto\/desenho-e-otimizacao-de-sistemas\/#primaryimage"},"thumbnailUrl":"https:\/\/www.gaudiosolutions.com\/wp-content\/uploads\/2019\/02\/globalaudiosolutions_curs_disenooptimizacion.jpg","datePublished":"2021-08-01T16:26:34+00:00","breadcrumb":{"@id":"https:\/\/www.gaudiosolutions.com\/producto\/desenho-e-otimizacao-de-sistemas\/#breadcrumb"},"inLanguage":"pt-BR","potentialAction":[{"@type":"ReadAction","target":["https:\/\/www.gaudiosolutions.com\/producto\/desenho-e-otimizacao-de-sistemas\/"]}]},{"@type":"ImageObject","inLanguage":"pt-BR","@id":"https:\/\/www.gaudiosolutions.com\/producto\/desenho-e-otimizacao-de-sistemas\/#primaryimage","url":"https:\/\/www.gaudiosolutions.com\/wp-content\/uploads\/2019\/02\/globalaudiosolutions_curs_disenooptimizacion.jpg","contentUrl":"https:\/\/www.gaudiosolutions.com\/wp-content\/uploads\/2019\/02\/globalaudiosolutions_curs_disenooptimizacion.jpg","width":540,"height":630},{"@type":"BreadcrumbList","@id":"https:\/\/www.gaudiosolutions.com\/producto\/desenho-e-otimizacao-de-sistemas\/#breadcrumb","itemListElement":[{"@type":"ListItem","position":1,"name":"Portada","item":"https:\/\/www.gaudiosolutions.com\/pt-br\/"},{"@type":"ListItem","position":2,"name":"Shop","item":"https:\/\/www.gaudiosolutions.com\/pt-br\/shop\/"},{"@type":"ListItem","position":3,"name":"Desenho e Otimiza\u00e7\u00e3o de Sistemas"}]},{"@type":"WebSite","@id":"https:\/\/www.gaudiosolutions.com\/#website","url":"https:\/\/www.gaudiosolutions.com\/","name":"Global Audio Solutions","description":"","potentialAction":[{"@type":"SearchAction","target":{"@type":"EntryPoint","urlTemplate":"https:\/\/www.gaudiosolutions.com\/?s={search_term_string}"},"query-input":{"@type":"PropertyValueSpecification","valueRequired":true,"valueName":"search_term_string"}}],"inLanguage":"pt-BR"}]}},"_links":{"self":[{"href":"https:\/\/www.gaudiosolutions.com\/pt-br\/wp-json\/wp\/v2\/product\/9513","targetHints":{"allow":["GET"]}}],"collection":[{"href":"https:\/\/www.gaudiosolutions.com\/pt-br\/wp-json\/wp\/v2\/product"}],"about":[{"href":"https:\/\/www.gaudiosolutions.com\/pt-br\/wp-json\/wp\/v2\/types\/product"}],"replies":[{"embeddable":true,"href":"https:\/\/www.gaudiosolutions.com\/pt-br\/wp-json\/wp\/v2\/comments?post=9513"}],"wp:featuredmedia":[{"embeddable":true,"href":"https:\/\/www.gaudiosolutions.com\/pt-br\/wp-json\/wp\/v2\/media\/8127"}],"wp:attachment":[{"href":"https:\/\/www.gaudiosolutions.com\/pt-br\/wp-json\/wp\/v2\/media?parent=9513"}],"wp:term":[{"taxonomy":"product_brand","embeddable":true,"href":"https:\/\/www.gaudiosolutions.com\/pt-br\/wp-json\/wp\/v2\/product_brand?post=9513"},{"taxonomy":"product_cat","embeddable":true,"href":"https:\/\/www.gaudiosolutions.com\/pt-br\/wp-json\/wp\/v2\/product_cat?post=9513"},{"taxonomy":"product_tag","embeddable":true,"href":"https:\/\/www.gaudiosolutions.com\/pt-br\/wp-json\/wp\/v2\/product_tag?post=9513"}],"curies":[{"name":"wp","href":"https:\/\/api.w.org\/{rel}","templated":true}]}}